{"id":3722,"date":"2024-10-30T10:22:46","date_gmt":"2024-10-30T14:22:46","guid":{"rendered":"https:\/\/tangorh.ca\/?page_id=3722"},"modified":"2025-01-15T15:51:24","modified_gmt":"2025-01-15T20:51:24","slug":"laurentides","status":"publish","type":"page","link":"https:\/\/tangorh.ca\/en\/about-us\/area-of-services\/laurentides\/","title":{"rendered":"Laurentides"},"content":{"rendered":"<section id=\"hero-block_10f6137148155dd26ac8c50af4dca2e2\" class=\"hero page-hero\">\r\n\r\n    \n\n<div class=\"wp-block-group hero-content is-layout-flow wp-block-group-is-layout-flow\">\n<figure class=\"wp-block-image hero-image\"><img decoding=\"async\" src=\"https:\/\/tangorh.ca\/wp-content\/themes\/utopian\/assets\/images\/sample-1.jpg\" alt=\"\"\/><\/figure>\n\n\n\n<div class=\"wp-block-group hero-text is-layout-flow wp-block-group-is-layout-flow\"><div class=\"hero-breadcrumb\">\r\n    \n\n<div class=\"wp-block-buttons breadcrumb__links is-layout-flex wp-block-buttons-is-layout-flex\">\n<div class=\"wp-block-button\"><a class=\"wp-block-button__link wp-element-button\"><strong>Served Areas<\/strong><\/a><\/div>\n\n\n\n<div class=\"wp-block-button\"><a class=\"wp-block-button__link wp-element-button\">Laurentides<\/a><\/div>\n<\/div>\n\n\r\n<\/div>\n\n\n<div class=\"wp-block-group svg-block is-layout-flow wp-block-group-is-layout-flow\"><\/div>\n<\/div>\n<\/div>\n\n\r\n\r\n<\/section>\n\n<section id=\"content-with-background-image-block_3d623d93c4a050b45413579d5c1bcb04\" class=\"content-with-background-image\">\r\n\r\n    \n\n<div class=\"wp-block-group content-with-background-image-content is-layout-flow wp-block-group-is-layout-flow\">\n<figure class=\"wp-block-image content-with-background-image--image\"><img decoding=\"async\" src=\"https:\/\/tangorh.ca\/wp-content\/themes\/utopian\/assets\/images\/sample-3.jpg\" alt=\"\"\/><\/figure>\n\n\n\n<div class=\"wp-block-group content-with-background-image--text is-layout-flow wp-block-group-is-layout-flow\">\n<h1 class=\"wp-block-heading\" id=\"h-laurentides\">Laurentides<\/h1>\n\n\n\n<h5 class=\"wp-block-heading\" id=\"h-served-areas-blainville-boisbriand-sainte-therese-lachute-mirabel-mont-tremblant-oka-saint-eustache-saint-jerome-saint-sauveur-mont-laurier-notre-dame-du-laus-sainte-adele\"><strong>Served areas:<\/strong> Blainville, Boisbriand, Sainte-Th\u00e9r\u00e8se, Lachute, Mirabel, Mont-Tremblant, Oka, Saint-Eustache, Saint-J\u00e9r\u00f4me, Saint-Sauveur, Mont-Laurier, Notre-Dame-du-Laus, Sainte-Ad\u00e8le<\/h5>\n\n\n\n<hr class=\"wp-block-separator has-alpha-channel-opacity is-style-wide\"\/>\n\n\n\n<h2 class=\"wp-block-heading\" id=\"h-employers-and-job-seekers-in-the-laurentides-discover-tango-hr-solutions\">Employers and job seekers in the Laurentides, discover <strong>TANGO \u2013 HR SOLUTIONS<\/strong><\/h2>\n\n\n\n<p>Whether you are a growing company in the Laurentides or an individual seeking professional opportunities, Tango \u2013 HR Solutions is here to guide you. Join the dance with us, where each step brings us closer to a successful and thriving team, ready to make your business or career shine.<\/p>\n\n\n\n<p>At Tango \u2013 HR Solutions, we are a staffing agency with the ambition to propel companies in the Laurentides by contributing to the development of their most valuable asset: the people within them.<\/p>\n<\/div>\n<\/div>\n\n\r\n\r\n<\/section>\n\n\r\n<section id=\"service-two-column-content-block_4dbda73b385aac6c794cc18f9764bdb7\" class=\"service-two-column-content\">\r\n    \n\n<div class=\"wp-block-group service-two-column-content-container is-layout-flow wp-block-group-is-layout-flow\">\n<div class=\"wp-block-group service-two-column-content-container-left is-layout-flow wp-block-group-is-layout-flow\">\n<h2 class=\"wp-block-heading\" id=\"h-we-are-a-specialized-firm-serving-employers-in-the-laurentides\">We are a specialized firm serving employers in the <strong><mark style=\"background-color:rgba(0, 0, 0, 0)\" class=\"has-inline-color has-orange-color\">LAURENTIDES:<\/mark><\/strong><\/h2>\n\n\n\n<ul class=\"wp-block-list\">\n<li><a href=\"https:\/\/tangorh.ca\/en\/services-for-companies\/recruitment\/temporary-placement-service\/\"><mark style=\"background-color:rgba(0, 0, 0, 0)\" class=\"has-inline-color has-dark-gray-color\">Temporary and long-term placement (staff leasing)<\/mark><\/a><\/li>\n\n\n\n<li><a href=\"https:\/\/tangorh.ca\/en\/services-for-companies\/recruitment\/temporary-placement-service\/\"><mark style=\"background-color:rgba(0, 0, 0, 0)\" class=\"has-inline-color has-dark-gray-color\">Recruitment and headhunting for permanent positions<\/mark><\/a><\/li>\n\n\n\n<li><a href=\"https:\/\/tangorh.ca\/en\/services-for-companies\/strategic-management\/\"><mark style=\"background-color:rgba(0, 0, 0, 0)\" class=\"has-inline-color has-dark-gray-color\">Human resources management<\/mark><\/a><\/li>\n\n\n\n<li><a href=\"https:\/\/tangorh.ca\/en\/services-for-companies\/payroll-services\/\"><mark style=\"background-color:rgba(0, 0, 0, 0)\" class=\"has-inline-color has-dark-gray-color\">Payroll services<\/mark><\/a><\/li>\n\n\n\n<li><a href=\"https:\/\/tangorh.ca\/en\/services-for-companies\/outsourcing-the-staffing-process\/\"><mark style=\"background-color:rgba(0, 0, 0, 0)\" class=\"has-inline-color has-dark-gray-color\">Outsourcing of the staffing process<\/mark><\/a><\/li>\n\n\n\n<li><a href=\"https:\/\/tangorh.ca\/en\/services-for-companies\/strategic-management\/training-coaching-and-development\/\"><mark style=\"background-color:rgba(0, 0, 0, 0)\" class=\"has-inline-color has-dark-gray-color\">Training<\/mark><\/a><\/li>\n\n\n\n<li><a href=\"https:\/\/tangorh.ca\/en\/services-for-companies\/strategic-management\/\"><mark style=\"background-color:rgba(0, 0, 0, 0)\" class=\"has-inline-color has-dark-gray-color\">Strategic management<\/mark><\/a><\/li>\n\n\n\n<li><a href=\"https:\/\/tangorh.ca\/en\/services-for-companies\/strategic-management\/organizational-strategy-performance\/\"><mark style=\"background-color:rgba(0, 0, 0, 0)\" class=\"has-inline-color has-dark-gray-color\">Strategic planning<\/mark><\/a><\/li>\n<\/ul>\n\n\n\n<p><\/p>\n<\/div>\n\n\n\n<div class=\"wp-block-group service-two-column-content-container-right is-layout-flow wp-block-group-is-layout-flow\">\n<figure class=\"wp-block-image\"><img decoding=\"async\" src=\"https:\/\/tangorh.ca\/wp-content\/themes\/utopian\/assets\/images\/sample-6.png\" alt=\"\"\/><\/figure>\n<\/div>\n<\/div>\n\n\r\n<\/section>\n\n<section id=\"blurry-image-content-block_ee58dc36e88634b95ebbc57e0800262a\" class=\"blurry-image-content\">\r\n\r\n    \n\n<div class=\"wp-block-group blurry-image-content-text is-layout-flow wp-block-group-is-layout-flow\">\n<h3 class=\"wp-block-heading\" id=\"h-in-the-laurentides-we-are-your-dedicated-partner-for-discovering-attracting-and-retaining-talent-our-processes-are-rigorous-efficient-and-human-centered-reflecting-our-commitment-to-you\">In the Laurentides, we are your dedicated partner for discovering, attracting, and retaining talent. Our processes are rigorous, efficient, and human-centered, <strong><span style=\"color: #d8651f;\">REFLECTING OUR COMMITMENT TO YOU.<\/span><\/strong><\/h3>\n\n\n\n<p>Our team, attentive, curious, and mindful of your needs, works passionately to meet your expectations. With us, every individual matters, every interaction is precious. Trust Tango \u2013 HR Solutions in the Laurentides to bring your projects to life and achieve your goals successfully.<\/p>\n<\/div>\n\n\n\n<div class=\"wp-block-group blurry-image-content-image is-layout-flow wp-block-group-is-layout-flow\">\n<figure class=\"wp-block-image is-resized blurry-image-content--image\"><img decoding=\"async\" src=\"https:\/\/tangorh.ca\/wp-content\/themes\/utopian\/assets\/images\/sample-2.png\" alt=\"\" style=\"width:362px;height:auto\"\/><\/figure>\n\n\n\n<div class=\"wp-block-group blurry-image-content--textbox is-layout-flow wp-block-group-is-layout-flow\">\n<div class=\"wp-block-group blurry-image-content--textbox-content is-layout-flow wp-block-group-is-layout-flow\">\n<h3 class=\"wp-block-heading\" id=\"h-looking-for-your-next-job-it-s-a-pleasure-to-represent-you\">Looking for your next job? <br><strong><span style=\"color: #d8651f;\">IT\u2019S A PLEASURE TO REPRESENT YOU!<\/span><\/strong><\/h3>\n\n\n\n<p>Develop your career with top companies and organizations in the Laurentides region. We are here to support you:<\/p>\n\n\n\n<p><\/p>\n\n\n\n<p><\/p>\n\n\n\n<ul class=\"wp-block-list\">\n<li><a href=\"https:\/\/tangorh.ca\/en\/services-for-job-seekers\/why-choose-tango\/\"><mark style=\"background-color:rgba(0, 0, 0, 0)\" class=\"has-inline-color has-light-gray-color\">Why choose Tango<\/mark><\/a><\/li>\n\n\n\n<li><a href=\"https:\/\/tangorh.ca\/en\/services-for-job-seekers\/let-us-propel-your-career\/\"><mark style=\"background-color:rgba(0, 0, 0, 0)\" class=\"has-inline-color has-light-gray-color\">Our career advancement services<\/mark><\/a><\/li>\n\n\n\n<li><a href=\"https:\/\/tangorh.ca\/en\/services-for-job-seekers\/our-approach\/\"><mark style=\"background-color:rgba(0, 0, 0, 0)\" class=\"has-inline-color has-light-gray-color\">Our approach<\/mark><\/a><\/li>\n\n\n\n<li><a href=\"https:\/\/tangorh.ca\/en\/services-for-job-seekers\/faq\/\"><mark style=\"background-color:rgba(0, 0, 0, 0)\" class=\"has-inline-color has-light-gray-color\">Frequently asked questions<\/mark><\/a><\/li>\n<\/ul>\n<\/div>\n\n\n\n<div class=\"wp-block-buttons is-layout-flex wp-block-buttons-is-layout-flex\">\n<div class=\"wp-block-button blurry-image-content--textbox-button\"><a class=\"wp-block-button__link wp-element-button\" href=\"https:\/\/tangorh.ca\/en\/profile\/\">Create your Tango profile<\/a><\/div>\n<\/div>\n<\/div>\n<\/div>\n\n\r\n\r\n<\/section>\n\n\r\n<section id=\"service-two-column-content-block_4dbda73b385aac6c794cc18f9764bdb7\" class=\"service-two-column-content\">\r\n    \n<section id=\"cta-block_50e0571e2e55e272d06e3126404dfb1d\" class=\"cta\">\r\n    \n\n<div class=\"wp-block-group cta-container is-layout-flow wp-block-group-is-layout-flow\">\n<h3 class=\"wp-block-heading\" id=\"h-we-ll-be-happy-to-answer-your-questions\">We\u2019ll be happy to answer your questions<\/h3>\n\n\n\n<div class=\"wp-block-group cta-content is-layout-flow wp-block-group-is-layout-flow\">\n<p>One of our team members will be pleased to contact you and direct you to the service that best meets your needs.<\/p>\n\n\n\n<div class=\"wp-block-buttons is-layout-flex wp-block-buttons-is-layout-flex\">\n<div class=\"wp-block-button cta__button\"><a class=\"wp-block-button__link wp-element-button\" href=\"https:\/\/tangorh.ca\/en\/contact-us\/\">Contact us<\/a><\/div>\n<\/div>\n<\/div>\n<\/div>\n\n\r\n<\/section>\n\r\n<\/section>\n\n<section id=\"content-with-background-image-block_3d623d93c4a050b45413579d5c1bcb04\" class=\"content-with-background-image\">\r\n\r\n    \n\n<div class=\"wp-block-group content-with-background-image-content is-layout-flow wp-block-group-is-layout-flow\">\n<figure class=\"wp-block-image content-with-background-image--image\"><img decoding=\"async\" src=\"https:\/\/tangorh.ca\/wp-content\/themes\/utopian\/assets\/images\/sample-3.jpg\" alt=\"\"\/><\/figure>\n<\/div>\n\n\r\n\r\n<\/section>\n\n\n<p><\/p>\n","protected":false},"excerpt":{"rendered":"","protected":false},"author":7,"featured_media":0,"parent":2776,"menu_order":1,"comment_status":"closed","ping_status":"closed","template":"","meta":{"_acf_changed":false,"inline_featured_image":false,"footnotes":""},"class_list":["post-3722","page","type-page","status-publish","hentry"],"acf":[],"yoast_head":"<!-- This site is optimized with the Yoast SEO Premium plugin v24.9 (Yoast SEO v24.9) - https:\/\/yoast.com\/wordpress\/plugins\/seo\/ -->\n<title>Laurentides Employers and Job Seekers | Tango - HR Solutions<\/title>\n<meta name=\"description\" content=\"Looking for HR solutions in Laurentides? Explore Tango - HR Solutions to find top talent or your next job opportunity today.\" \/>\n<meta name=\"robots\" content=\"index, follow, max-snippet:-1, max-image-preview:large, max-video-preview:-1\" \/>\n<link rel=\"canonical\" href=\"https:\/\/tangorh.ca\/en\/about-us\/area-of-services\/laurentides\/\" \/>\n<meta property=\"og:locale\" content=\"en_US\" \/>\n<meta property=\"og:type\" content=\"article\" \/>\n<meta property=\"og:title\" content=\"Laurentides\" \/>\n<meta property=\"og:description\" content=\"Looking for HR solutions in Laurentides? Explore Tango - HR Solutions to find top talent or your next job opportunity today.\" \/>\n<meta property=\"og:url\" content=\"https:\/\/tangorh.ca\/en\/about-us\/area-of-services\/laurentides\/\" \/>\n<meta property=\"og:site_name\" content=\"Tango Solutions RH\" \/>\n<meta property=\"article:modified_time\" content=\"2025-01-15T20:51:24+00:00\" \/>\n<meta property=\"og:image\" content=\"https:\/\/tangorh.ca\/wp-content\/themes\/utopian\/assets\/images\/sample-1.jpg\" \/>\n<meta name=\"twitter:card\" content=\"summary_large_image\" \/>\n<meta name=\"twitter:label1\" content=\"Est. reading time\" \/>\n\t<meta name=\"twitter:data1\" content=\"3 minutes\" \/>\n<script type=\"application\/ld+json\" class=\"yoast-schema-graph\">{\"@context\":\"https:\/\/schema.org\",\"@graph\":[{\"@type\":\"WebPage\",\"@id\":\"https:\/\/tangorh.ca\/en\/about-us\/area-of-services\/laurentides\/\",\"url\":\"https:\/\/tangorh.ca\/en\/about-us\/area-of-services\/laurentides\/\",\"name\":\"Laurentides Employers and Job Seekers | Tango - HR Solutions\",\"isPartOf\":{\"@id\":\"https:\/\/tangorh.ca\/#website\"},\"primaryImageOfPage\":{\"@id\":\"https:\/\/tangorh.ca\/en\/about-us\/area-of-services\/laurentides\/#primaryimage\"},\"image\":{\"@id\":\"https:\/\/tangorh.ca\/en\/about-us\/area-of-services\/laurentides\/#primaryimage\"},\"thumbnailUrl\":\"https:\/\/tangorh.ca\/wp-content\/themes\/utopian\/assets\/images\/sample-1.jpg\",\"datePublished\":\"2024-10-30T14:22:46+00:00\",\"dateModified\":\"2025-01-15T20:51:24+00:00\",\"description\":\"Looking for HR solutions in Laurentides? Explore Tango - HR Solutions to find top talent or your next job opportunity today.\",\"breadcrumb\":{\"@id\":\"https:\/\/tangorh.ca\/en\/about-us\/area-of-services\/laurentides\/#breadcrumb\"},\"inLanguage\":\"en-US\",\"potentialAction\":[{\"@type\":\"ReadAction\",\"target\":[\"https:\/\/tangorh.ca\/en\/about-us\/area-of-services\/laurentides\/\"]}]},{\"@type\":\"ImageObject\",\"inLanguage\":\"en-US\",\"@id\":\"https:\/\/tangorh.ca\/en\/about-us\/area-of-services\/laurentides\/#primaryimage\",\"url\":\"https:\/\/tangorh.ca\/wp-content\/themes\/utopian\/assets\/images\/sample-1.jpg\",\"contentUrl\":\"https:\/\/tangorh.ca\/wp-content\/themes\/utopian\/assets\/images\/sample-1.jpg\"},{\"@type\":\"BreadcrumbList\",\"@id\":\"https:\/\/tangorh.ca\/en\/about-us\/area-of-services\/laurentides\/#breadcrumb\",\"itemListElement\":[{\"@type\":\"ListItem\",\"position\":1,\"name\":\"Home\",\"item\":\"https:\/\/tangorh.ca\/en\/\"},{\"@type\":\"ListItem\",\"position\":2,\"name\":\"About us\",\"item\":\"https:\/\/tangorh.ca\/en\/about-us\/\"},{\"@type\":\"ListItem\",\"position\":3,\"name\":\"Served Areas\",\"item\":\"https:\/\/tangorh.ca\/en\/about-us\/area-of-services\/\"},{\"@type\":\"ListItem\",\"position\":4,\"name\":\"Laurentides\"}]},{\"@type\":\"WebSite\",\"@id\":\"https:\/\/tangorh.ca\/#website\",\"url\":\"https:\/\/tangorh.ca\/\",\"name\":\"Tango Solutions RH\",\"description\":\"Services de chasse de t\u00eate | Recrutement | Placement | Soutien RH aux entreprises\",\"potentialAction\":[{\"@type\":\"SearchAction\",\"target\":{\"@type\":\"EntryPoint\",\"urlTemplate\":\"https:\/\/tangorh.ca\/?s={search_term_string}\"},\"query-input\":{\"@type\":\"PropertyValueSpecification\",\"valueRequired\":true,\"valueName\":\"search_term_string\"}}],\"inLanguage\":\"en-US\"}]}<\/script>\n<!-- \/ Yoast SEO Premium plugin. -->","yoast_head_json":{"title":"Laurentides Employers and Job Seekers | Tango - HR Solutions","description":"Looking for HR solutions in Laurentides? Explore Tango - HR Solutions to find top talent or your next job opportunity today.","robots":{"index":"index","follow":"follow","max-snippet":"max-snippet:-1","max-image-preview":"max-image-preview:large","max-video-preview":"max-video-preview:-1"},"canonical":"https:\/\/tangorh.ca\/en\/about-us\/area-of-services\/laurentides\/","og_locale":"en_US","og_type":"article","og_title":"Laurentides","og_description":"Looking for HR solutions in Laurentides? Explore Tango - HR Solutions to find top talent or your next job opportunity today.","og_url":"https:\/\/tangorh.ca\/en\/about-us\/area-of-services\/laurentides\/","og_site_name":"Tango Solutions RH","article_modified_time":"2025-01-15T20:51:24+00:00","og_image":[{"url":"https:\/\/tangorh.ca\/wp-content\/themes\/utopian\/assets\/images\/sample-1.jpg","type":"","width":"","height":""}],"twitter_card":"summary_large_image","twitter_misc":{"Est. reading time":"3 minutes"},"schema":{"@context":"https:\/\/schema.org","@graph":[{"@type":"WebPage","@id":"https:\/\/tangorh.ca\/en\/about-us\/area-of-services\/laurentides\/","url":"https:\/\/tangorh.ca\/en\/about-us\/area-of-services\/laurentides\/","name":"Laurentides Employers and Job Seekers | Tango - HR Solutions","isPartOf":{"@id":"https:\/\/tangorh.ca\/#website"},"primaryImageOfPage":{"@id":"https:\/\/tangorh.ca\/en\/about-us\/area-of-services\/laurentides\/#primaryimage"},"image":{"@id":"https:\/\/tangorh.ca\/en\/about-us\/area-of-services\/laurentides\/#primaryimage"},"thumbnailUrl":"https:\/\/tangorh.ca\/wp-content\/themes\/utopian\/assets\/images\/sample-1.jpg","datePublished":"2024-10-30T14:22:46+00:00","dateModified":"2025-01-15T20:51:24+00:00","description":"Looking for HR solutions in Laurentides? Explore Tango - HR Solutions to find top talent or your next job opportunity today.","breadcrumb":{"@id":"https:\/\/tangorh.ca\/en\/about-us\/area-of-services\/laurentides\/#breadcrumb"},"inLanguage":"en-US","potentialAction":[{"@type":"ReadAction","target":["https:\/\/tangorh.ca\/en\/about-us\/area-of-services\/laurentides\/"]}]},{"@type":"ImageObject","inLanguage":"en-US","@id":"https:\/\/tangorh.ca\/en\/about-us\/area-of-services\/laurentides\/#primaryimage","url":"https:\/\/tangorh.ca\/wp-content\/themes\/utopian\/assets\/images\/sample-1.jpg","contentUrl":"https:\/\/tangorh.ca\/wp-content\/themes\/utopian\/assets\/images\/sample-1.jpg"},{"@type":"BreadcrumbList","@id":"https:\/\/tangorh.ca\/en\/about-us\/area-of-services\/laurentides\/#breadcrumb","itemListElement":[{"@type":"ListItem","position":1,"name":"Home","item":"https:\/\/tangorh.ca\/en\/"},{"@type":"ListItem","position":2,"name":"About us","item":"https:\/\/tangorh.ca\/en\/about-us\/"},{"@type":"ListItem","position":3,"name":"Served Areas","item":"https:\/\/tangorh.ca\/en\/about-us\/area-of-services\/"},{"@type":"ListItem","position":4,"name":"Laurentides"}]},{"@type":"WebSite","@id":"https:\/\/tangorh.ca\/#website","url":"https:\/\/tangorh.ca\/","name":"Tango Solutions RH","description":"Services de chasse de t\u00eate | Recrutement | Placement | Soutien RH aux entreprises","potentialAction":[{"@type":"SearchAction","target":{"@type":"EntryPoint","urlTemplate":"https:\/\/tangorh.ca\/?s={search_term_string}"},"query-input":{"@type":"PropertyValueSpecification","valueRequired":true,"valueName":"search_term_string"}}],"inLanguage":"en-US"}]}},"_links":{"self":[{"href":"https:\/\/tangorh.ca\/en\/wp-json\/wp\/v2\/pages\/3722","targetHints":{"allow":["GET"]}}],"collection":[{"href":"https:\/\/tangorh.ca\/en\/wp-json\/wp\/v2\/pages"}],"about":[{"href":"https:\/\/tangorh.ca\/en\/wp-json\/wp\/v2\/types\/page"}],"author":[{"embeddable":true,"href":"https:\/\/tangorh.ca\/en\/wp-json\/wp\/v2\/users\/7"}],"replies":[{"embeddable":true,"href":"https:\/\/tangorh.ca\/en\/wp-json\/wp\/v2\/comments?post=3722"}],"version-history":[{"count":8,"href":"https:\/\/tangorh.ca\/en\/wp-json\/wp\/v2\/pages\/3722\/revisions"}],"predecessor-version":[{"id":3847,"href":"https:\/\/tangorh.ca\/en\/wp-json\/wp\/v2\/pages\/3722\/revisions\/3847"}],"up":[{"embeddable":true,"href":"https:\/\/tangorh.ca\/en\/wp-json\/wp\/v2\/pages\/2776"}],"wp:attachment":[{"href":"https:\/\/tangorh.ca\/en\/wp-json\/wp\/v2\/media?parent=3722"}],"curies":[{"name":"wp","href":"https:\/\/api.w.org\/{rel}","templated":true}]}}