{"id":3085,"date":"2024-02-29T11:31:33","date_gmt":"2024-02-29T16:31:33","guid":{"rendered":"https:\/\/tangorh.local\/services-for-companies\/strategic-management\/culture-dentreprise-environnement-sain-bien-etre-et-engagement\/"},"modified":"2024-03-15T14:42:14","modified_gmt":"2024-03-15T18:42:14","slug":"organizational-culture-healthy-environment-well-being-and-engagement","status":"publish","type":"page","link":"https:\/\/tangorh.ca\/en\/services-for-companies\/strategic-management\/organizational-culture-healthy-environment-well-being-and-engagement\/","title":{"rendered":"Organizational culture, healthy environment, well-being and engagement"},"content":{"rendered":"<section id=\"hero-block_e8b0fc52557faf29b994f431050e0137\" class=\"hero page-hero\">\r\n\r\n    \n\n<div class=\"wp-block-group hero-content is-layout-flow wp-block-group-is-layout-flow\">\n<figure class=\"wp-block-image hero-image\"><img loading=\"lazy\" decoding=\"async\" width=\"768\" height=\"512\" src=\"https:\/\/tangorh.ca\/wp-content\/uploads\/2024\/02\/image-4.jpeg\" alt=\"\" class=\"wp-image-2666\" srcset=\"https:\/\/tangorh.ca\/wp-content\/uploads\/2024\/02\/image-4.jpeg 768w, https:\/\/tangorh.ca\/wp-content\/uploads\/2024\/02\/image-4-300x200.jpeg 300w\" sizes=\"auto, (max-width: 768px) 100vw, 768px\" \/><\/figure>\n\n\n\n<div class=\"wp-block-group hero-text is-layout-flow wp-block-group-is-layout-flow\"><div class=\"hero-breadcrumb\">\r\n    \n\n<div class=\"wp-block-buttons breadcrumb__links is-layout-flex wp-block-buttons-is-layout-flex\">\n<div class=\"wp-block-button\"><a class=\"wp-block-button__link wp-element-button\" href=\"https:\/\/tangorh.ca\/en\/services-for-companies\/\">Services for companies<\/a><\/div>\n\n\n\n<div class=\"wp-block-button\"><a class=\"wp-block-button__link wp-element-button\" href=\"https:\/\/tangorh.ca\/en\/services-for-companies\/strategic-management\/\">Strategic Management &amp; Human Resources<\/a><\/div>\n\n\n\n<div class=\"wp-block-button\"><a class=\"wp-block-button__link wp-element-button\" href=\"https:\/\/tangorh.ca\/en\/services-for-companies\/strategic-management\/organizational-culture-healthy-environment-well-being-and-engagement\/\">Organizational culture, healthy environment, well-being &amp; engagement<\/a><\/div>\n<\/div>\n\n\r\n<\/div>\n\n\n<div class=\"wp-block-group svg-block is-layout-flow wp-block-group-is-layout-flow\"><\/div>\n<\/div>\n<\/div>\n\n\r\n\r\n<\/section>\n\n<section id=\"blurry-image-content-block_0943f82fb5175d4afb13848c70636812\" class=\"blurry-image-content\">\r\n\r\n    \n\n<div class=\"wp-block-group blurry-image-content-text is-layout-flow wp-block-group-is-layout-flow\">\n<h1 class=\"wp-block-heading\">Organizational <span style=\"font-weight: bold; color: rgb(216, 101, 31);\">CULTURE<\/span>,<br><span style=\"font-weight: bold; color: rgb(216, 101, 31);\">HEALTHY<\/span> environment,<br><span style=\"font-weight: bold; color: rgb(216, 101, 31);\">WELL-BEING <\/span> &amp; <span style=\"font-weight: bold; color: rgb(216, 101, 31);\">ENGAGEMENT<\/span><br><\/h1>\n\n\n\n<p>Tango &#8211; HR Solutions can implement employee engagement strategies that promote well-being in the workplace. This results in higher retention rates and a positive, engaging corporate culture.<\/p>\n<\/div>\n\n\n\n<div class=\"wp-block-group blurry-image-content-image is-layout-flow wp-block-group-is-layout-flow\">\n<figure class=\"wp-block-image size-large blurry-image-content--image\"><img loading=\"lazy\" decoding=\"async\" width=\"1024\" height=\"681\" src=\"https:\/\/tangorh.ca\/wp-content\/uploads\/2022\/09\/Screenshot_2-1024x681.png\" alt=\"\" class=\"wp-image-104\" srcset=\"https:\/\/tangorh.ca\/wp-content\/uploads\/2022\/09\/Screenshot_2-1024x681.png 1024w, https:\/\/tangorh.ca\/wp-content\/uploads\/2022\/09\/Screenshot_2-300x200.png 300w, https:\/\/tangorh.ca\/wp-content\/uploads\/2022\/09\/Screenshot_2-768x511.png 768w, https:\/\/tangorh.ca\/wp-content\/uploads\/2022\/09\/Screenshot_2.png 1449w\" sizes=\"auto, (max-width: 1024px) 100vw, 1024px\" \/><\/figure>\n\n\n\n<div class=\"wp-block-group blurry-image-content--textbox is-layout-flow wp-block-group-is-layout-flow\">\n<div class=\"wp-block-group blurry-image-content--textbox-content is-layout-flow wp-block-group-is-layout-flow\">\n<p class=\"has-text-align-center\" style=\"font-size:0.9em;font-style:normal;font-weight:500;line-height:5\">I&#8217;m interested!<\/p>\n\n\n\n<p class=\"has-text-align-center\" style=\"font-style:normal;font-weight:600\">I want to meet a Tango team member for a discussion.<\/p>\n<\/div>\n\n\n\n<div class=\"wp-block-button blurry-image-content--textbox-button\"><a class=\"wp-block-button__link wp-element-button\" href=\"https:\/\/tangorh.ca\/en\/contact-us\/\">Contact us<\/a><\/div>\n<\/div>\n<\/div>\n\n\r\n\r\n<\/section>\n\n\n<div class=\"wp-block-group alignfull has-light-gray-background-color has-background is-layout-flow wp-block-group-is-layout-flow\">\n<div style=\"height:6em\" aria-hidden=\"true\" class=\"wp-block-spacer\"><\/div>\n<\/div>\n\n\n<section id=\"image-content-block_9540b3b48c0ca27bf0befeab3001eac8\" class=\"image-content \">\r\n    \n\n<div class=\"wp-block-group image-content__container is-layout-flow wp-block-group-is-layout-flow\">\n<div class=\"wp-block-group image-content__image is-layout-flow wp-block-group-is-layout-flow\">\n<figure class=\"wp-block-image size-large image-content__image\"><img loading=\"lazy\" decoding=\"async\" width=\"1024\" height=\"683\" src=\"https:\/\/tangorh.ca\/wp-content\/uploads\/2022\/10\/DXYAKNE-1024x683.jpg\" alt=\"\" class=\"wp-image-465\" srcset=\"https:\/\/tangorh.ca\/wp-content\/uploads\/2022\/10\/DXYAKNE-1024x683.jpg 1024w, https:\/\/tangorh.ca\/wp-content\/uploads\/2022\/10\/DXYAKNE-300x200.jpg 300w, https:\/\/tangorh.ca\/wp-content\/uploads\/2022\/10\/DXYAKNE-768x513.jpg 768w, https:\/\/tangorh.ca\/wp-content\/uploads\/2022\/10\/DXYAKNE-1536x1025.jpg 1536w, https:\/\/tangorh.ca\/wp-content\/uploads\/2022\/10\/DXYAKNE-2048x1367.jpg 2048w\" sizes=\"auto, (max-width: 1024px) 100vw, 1024px\" \/><figcaption class=\"wp-element-caption\">Group of young multi ethnicity coworkers dressed casually working together focused on the computer monitor indoors<\/figcaption><\/figure>\n<\/div>\n\n\n\n<div class=\"wp-block-group image-content__content has-light-gray-background-color has-background is-layout-flow wp-block-group-is-layout-flow\">\n<h4 class=\"wp-block-heading\">Our services<\/h4>\n\n\n\n<ul class=\"wp-block-list\">\n<li><strong>Assessing well-being and engagement<\/strong><br>Internal diagnosis through surveys and\/or internal interviews.<\/li>\n\n\n\n<li><strong>Definition of organizational DNA<\/strong><br>Mission, vision, values.<\/li>\n\n\n\n<li><strong>Organization of team-building activities, lac-\u00e0-l&#8217;\u00e9paule and strategic retreats<\/strong><\/li>\n\n\n\n<li><strong>Recognition program<\/strong><\/li>\n\n\n\n<li><strong>Optimization of internal communications<\/strong><\/li>\n\n\n\n<li><strong>Diversity and inclusion<\/strong><\/li>\n\n\n\n<li><strong>Setting up employee support resources<\/strong><\/li>\n\n\n\n<li><strong>Work relations and conflict management<\/strong><\/li>\n\n\n\n<li><strong>Health &amp; safety and labor law<\/strong><\/li>\n<\/ul>\n<\/div>\n<\/div>\n\n\r\n<\/section>\n\n\n<div class=\"wp-block-group alignfull has-light-gray-background-color has-background is-layout-flow wp-block-group-is-layout-flow\">\n<div style=\"height:14.85em\" aria-hidden=\"true\" class=\"wp-block-spacer\"><\/div>\n<\/div>\n\n\n<section id=\"form-block-block_a3de0911605709b5caccef26b89c04c0\" class=\"form-block\" data-selection=\"Strategic management &#038; human resources\">\r\n\r\n    \n\n<div class=\"wp-block-group form-block-container is-layout-flow wp-block-group-is-layout-flow\">\n<div class=\"wp-block-group form-block-content is-layout-flow wp-block-group-is-layout-flow\">\n<div class=\"wp-block-group form-block-content-left is-layout-flow wp-block-group-is-layout-flow\">\n<h2 class=\"wp-block-heading\"><strong><span style=\"color: #d8651f;\">I&#8217;M INTERESTED!<\/span><\/strong><\/h2>\n\n\n\n<h3 class=\"wp-block-heading\">I want to meet a Tango team member for a discussion.<\/h3>\n<\/div>\n\n\n\n<div class=\"wp-block-group form-block-content-right is-layout-flow wp-block-group-is-layout-flow\"><\/div>\n<\/div>\n\n\n\n<div class=\"wp-block-group form-block-form is-layout-flow wp-block-group-is-layout-flow\">\n<div class=\"wp-block-group form-block-holder is-layout-flow wp-block-group-is-layout-flow\">\n<div class=\"wp-block-contact-form-7-contact-form-selector\">\n<div class=\"wpcf7 no-js\" id=\"wpcf7-f1419-o1\" lang=\"en-US\" dir=\"ltr\" data-wpcf7-id=\"1419\">\n<div class=\"screen-reader-response\"><p role=\"status\" aria-live=\"polite\" aria-atomic=\"true\"><\/p> <ul><\/ul><\/div>\n<form action=\"\/en\/wp-json\/wp\/v2\/pages\/3085#wpcf7-f1419-o1\" method=\"post\" class=\"wpcf7-form init\" aria-label=\"Contact form\" novalidate=\"novalidate\" data-status=\"init\">\n<div style=\"display: none;\">\n<input type=\"hidden\" name=\"_wpcf7\" value=\"1419\" \/>\n<input type=\"hidden\" name=\"_wpcf7_version\" value=\"6.0.6\" \/>\n<input type=\"hidden\" name=\"_wpcf7_locale\" value=\"en_US\" \/>\n<input type=\"hidden\" name=\"_wpcf7_unit_tag\" value=\"wpcf7-f1419-o1\" \/>\n<input type=\"hidden\" name=\"_wpcf7_container_post\" value=\"0\" \/>\n<input type=\"hidden\" name=\"_wpcf7_posted_data_hash\" value=\"\" \/>\n<input type=\"hidden\" name=\"_wpcf7_recaptcha_response\" value=\"\" \/>\n<\/div>\n<div class=\"form-cols\">\n<div class=\"form-col\">\n<span class=\"wpcf7-form-control-wrap\" data-name=\"prenom\"><input size=\"40\" maxlength=\"400\" class=\"wpcf7-form-control wpcf7-text wpcf7-validates-as-required\" aria-required=\"true\" aria-invalid=\"false\" placeholder=\"Name\" value=\"\" type=\"text\" name=\"prenom\" \/><\/span>\n<span class=\"wpcf7-form-control-wrap\" data-name=\"nom\"><input size=\"40\" maxlength=\"400\" class=\"wpcf7-form-control wpcf7-text wpcf7-validates-as-required\" aria-required=\"true\" aria-invalid=\"false\" placeholder=\"Last name\" value=\"\" type=\"text\" name=\"nom\" \/><\/span>\n<span class=\"wpcf7-form-control-wrap\" data-name=\"courriel\"><input size=\"40\" maxlength=\"400\" class=\"wpcf7-form-control wpcf7-email wpcf7-validates-as-required wpcf7-text wpcf7-validates-as-email\" aria-required=\"true\" aria-invalid=\"false\" placeholder=\"Email address\" value=\"\" type=\"email\" name=\"courriel\" \/><\/span>\n<span class=\"wpcf7-form-control-wrap\" data-name=\"telephone\"><input size=\"40\" maxlength=\"400\" class=\"wpcf7-form-control wpcf7-tel wpcf7-text wpcf7-validates-as-tel\" aria-invalid=\"false\" placeholder=\"Phone number\" value=\"\" type=\"tel\" name=\"telephone\" \/><\/span>\n<\/div>\n<div class=\"form-col\">\n<div class=\"selection\">\n<span class=\"wpcf7-form-control-wrap\" data-name=\"i-am\"><select class=\"wpcf7-form-control wpcf7-select\" aria-invalid=\"false\" name=\"i-am\"><option value=\"\">I am<\/option><option value=\"Job seeker\">Job seeker<\/option><option value=\"Employer\">Employer<\/option><\/select><\/span>\n<\/div>\n<span class=\"wpcf7-form-control-wrap\" data-name=\"sujet\"><input size=\"40\" maxlength=\"400\" class=\"wpcf7-form-control wpcf7-text\" aria-invalid=\"false\" placeholder=\"Subject\" value=\"\" type=\"text\" name=\"sujet\" \/><\/span>\n<span class=\"wpcf7-form-control-wrap\" data-name=\"message\"><textarea cols=\"40\" rows=\"10\" maxlength=\"2000\" class=\"wpcf7-form-control wpcf7-textarea\" aria-invalid=\"false\" placeholder=\"Message\" name=\"message\"><\/textarea><\/span>\n<\/div>\n<\/div>\n<input class=\"wpcf7-form-control wpcf7-submit has-spinner\" type=\"submit\" value=\"Send\" \/><div class=\"wpcf7-response-output\" aria-hidden=\"true\"><\/div>\n<\/form>\n<\/div>\n<\/div>\n<\/div>\n<\/div>\n<\/div>\n\n\r\n\r\n<\/section>","protected":false},"excerpt":{"rendered":"<p>Tango &#8211; HR Solutions can implement employee engagement strategies that promote well-being in the workplace. This results in higher retention rates and a positive, engaging corporate culture.<\/p>\n","protected":false},"author":7,"featured_media":852,"parent":1177,"menu_order":42,"comment_status":"closed","ping_status":"closed","template":"","meta":{"_acf_changed":false,"inline_featured_image":false,"footnotes":""},"class_list":["post-3085","page","type-page","status-publish","has-post-thumbnail","hentry"],"acf":[],"yoast_head":"<!-- This site is optimized with the Yoast SEO Premium plugin v24.9 (Yoast SEO v24.9) - https:\/\/yoast.com\/wordpress\/plugins\/seo\/ -->\n<title>Organizational culture, healthy environment, well-being and engagement - Tango Solutions RH<\/title>\n<meta name=\"description\" content=\"Mise en \u0153uvre des strat\u00e9gies d\u2019engagement de vos employ\u00e9s qui visent \u00e0 favoriser le bien-\u00eatre au travail.\" \/>\n<meta name=\"robots\" content=\"index, follow, max-snippet:-1, max-image-preview:large, max-video-preview:-1\" \/>\n<link rel=\"canonical\" href=\"https:\/\/tangorh.ca\/en\/services-for-companies\/strategic-management\/organizational-culture-healthy-environment-well-being-and-engagement\/\" \/>\n<meta property=\"og:locale\" content=\"en_US\" \/>\n<meta property=\"og:type\" content=\"article\" \/>\n<meta property=\"og:title\" content=\"Organizational culture, healthy environment, well-being and engagement\" \/>\n<meta property=\"og:description\" content=\"Mise en \u0153uvre des strat\u00e9gies d\u2019engagement de vos employ\u00e9s qui visent \u00e0 favoriser le bien-\u00eatre au travail.\" \/>\n<meta property=\"og:url\" content=\"https:\/\/tangorh.ca\/en\/services-for-companies\/strategic-management\/organizational-culture-healthy-environment-well-being-and-engagement\/\" \/>\n<meta property=\"og:site_name\" content=\"Tango Solutions RH\" \/>\n<meta property=\"article:modified_time\" content=\"2024-03-15T18:42:14+00:00\" \/>\n<meta property=\"og:image\" content=\"https:\/\/tangorh.ca\/wp-content\/uploads\/2022\/10\/business-people-in-a-meeting-shaking-hands-2022-09-16-08-42-04-utc-scaled.jpg\" \/>\n\t<meta property=\"og:image:width\" content=\"2560\" \/>\n\t<meta property=\"og:image:height\" content=\"1633\" \/>\n\t<meta property=\"og:image:type\" content=\"image\/jpeg\" \/>\n<meta name=\"twitter:card\" content=\"summary_large_image\" \/>\n<meta name=\"twitter:label1\" content=\"Est. reading time\" \/>\n\t<meta name=\"twitter:data1\" content=\"2 minutes\" \/>\n<script type=\"application\/ld+json\" class=\"yoast-schema-graph\">{\"@context\":\"https:\/\/schema.org\",\"@graph\":[{\"@type\":\"WebPage\",\"@id\":\"https:\/\/tangorh.ca\/en\/services-for-companies\/strategic-management\/organizational-culture-healthy-environment-well-being-and-engagement\/\",\"url\":\"https:\/\/tangorh.ca\/en\/services-for-companies\/strategic-management\/organizational-culture-healthy-environment-well-being-and-engagement\/\",\"name\":\"Organizational culture, healthy environment, well-being and engagement - Tango Solutions RH\",\"isPartOf\":{\"@id\":\"https:\/\/tangorh.ca\/#website\"},\"primaryImageOfPage\":{\"@id\":\"https:\/\/tangorh.ca\/en\/services-for-companies\/strategic-management\/organizational-culture-healthy-environment-well-being-and-engagement\/#primaryimage\"},\"image\":{\"@id\":\"https:\/\/tangorh.ca\/en\/services-for-companies\/strategic-management\/organizational-culture-healthy-environment-well-being-and-engagement\/#primaryimage\"},\"thumbnailUrl\":\"https:\/\/tangorh.ca\/wp-content\/uploads\/2022\/10\/business-people-in-a-meeting-shaking-hands-2022-09-16-08-42-04-utc-scaled.jpg\",\"datePublished\":\"2024-02-29T16:31:33+00:00\",\"dateModified\":\"2024-03-15T18:42:14+00:00\",\"description\":\"Mise en \u0153uvre des strat\u00e9gies d\u2019engagement de vos employ\u00e9s qui visent \u00e0 favoriser le bien-\u00eatre au travail.\",\"breadcrumb\":{\"@id\":\"https:\/\/tangorh.ca\/en\/services-for-companies\/strategic-management\/organizational-culture-healthy-environment-well-being-and-engagement\/#breadcrumb\"},\"inLanguage\":\"en-US\",\"potentialAction\":[{\"@type\":\"ReadAction\",\"target\":[\"https:\/\/tangorh.ca\/en\/services-for-companies\/strategic-management\/organizational-culture-healthy-environment-well-being-and-engagement\/\"]}]},{\"@type\":\"ImageObject\",\"inLanguage\":\"en-US\",\"@id\":\"https:\/\/tangorh.ca\/en\/services-for-companies\/strategic-management\/organizational-culture-healthy-environment-well-being-and-engagement\/#primaryimage\",\"url\":\"https:\/\/tangorh.ca\/wp-content\/uploads\/2022\/10\/business-people-in-a-meeting-shaking-hands-2022-09-16-08-42-04-utc-scaled.jpg\",\"contentUrl\":\"https:\/\/tangorh.ca\/wp-content\/uploads\/2022\/10\/business-people-in-a-meeting-shaking-hands-2022-09-16-08-42-04-utc-scaled.jpg\",\"width\":2560,\"height\":1633,\"caption\":\"Business people in a meeting shaking hands\"},{\"@type\":\"BreadcrumbList\",\"@id\":\"https:\/\/tangorh.ca\/en\/services-for-companies\/strategic-management\/organizational-culture-healthy-environment-well-being-and-engagement\/#breadcrumb\",\"itemListElement\":[{\"@type\":\"ListItem\",\"position\":1,\"name\":\"Home\",\"item\":\"https:\/\/tangorh.ca\/en\/\"},{\"@type\":\"ListItem\",\"position\":2,\"name\":\"Services for companies\",\"item\":\"https:\/\/tangorh.ca\/en\/services-for-companies\/\"},{\"@type\":\"ListItem\",\"position\":3,\"name\":\"Strategic management &#038; human resources\",\"item\":\"https:\/\/tangorh.ca\/en\/services-for-companies\/strategic-management\/\"},{\"@type\":\"ListItem\",\"position\":4,\"name\":\"Organizational culture, healthy environment, well-being and engagement\"}]},{\"@type\":\"WebSite\",\"@id\":\"https:\/\/tangorh.ca\/#website\",\"url\":\"https:\/\/tangorh.ca\/\",\"name\":\"Tango Solutions RH\",\"description\":\"Services de chasse de t\u00eate | Recrutement | Placement | Soutien RH aux entreprises\",\"potentialAction\":[{\"@type\":\"SearchAction\",\"target\":{\"@type\":\"EntryPoint\",\"urlTemplate\":\"https:\/\/tangorh.ca\/?s={search_term_string}\"},\"query-input\":{\"@type\":\"PropertyValueSpecification\",\"valueRequired\":true,\"valueName\":\"search_term_string\"}}],\"inLanguage\":\"en-US\"}]}<\/script>\n<!-- \/ Yoast SEO Premium plugin. -->","yoast_head_json":{"title":"Organizational culture, healthy environment, well-being and engagement - Tango Solutions RH","description":"Mise en \u0153uvre des strat\u00e9gies d\u2019engagement de vos employ\u00e9s qui visent \u00e0 favoriser le bien-\u00eatre au travail.","robots":{"index":"index","follow":"follow","max-snippet":"max-snippet:-1","max-image-preview":"max-image-preview:large","max-video-preview":"max-video-preview:-1"},"canonical":"https:\/\/tangorh.ca\/en\/services-for-companies\/strategic-management\/organizational-culture-healthy-environment-well-being-and-engagement\/","og_locale":"en_US","og_type":"article","og_title":"Organizational culture, healthy environment, well-being and engagement","og_description":"Mise en \u0153uvre des strat\u00e9gies d\u2019engagement de vos employ\u00e9s qui visent \u00e0 favoriser le bien-\u00eatre au travail.","og_url":"https:\/\/tangorh.ca\/en\/services-for-companies\/strategic-management\/organizational-culture-healthy-environment-well-being-and-engagement\/","og_site_name":"Tango Solutions RH","article_modified_time":"2024-03-15T18:42:14+00:00","og_image":[{"width":2560,"height":1633,"url":"https:\/\/tangorh.ca\/wp-content\/uploads\/2022\/10\/business-people-in-a-meeting-shaking-hands-2022-09-16-08-42-04-utc-scaled.jpg","type":"image\/jpeg"}],"twitter_card":"summary_large_image","twitter_misc":{"Est. reading time":"2 minutes"},"schema":{"@context":"https:\/\/schema.org","@graph":[{"@type":"WebPage","@id":"https:\/\/tangorh.ca\/en\/services-for-companies\/strategic-management\/organizational-culture-healthy-environment-well-being-and-engagement\/","url":"https:\/\/tangorh.ca\/en\/services-for-companies\/strategic-management\/organizational-culture-healthy-environment-well-being-and-engagement\/","name":"Organizational culture, healthy environment, well-being and engagement - Tango Solutions RH","isPartOf":{"@id":"https:\/\/tangorh.ca\/#website"},"primaryImageOfPage":{"@id":"https:\/\/tangorh.ca\/en\/services-for-companies\/strategic-management\/organizational-culture-healthy-environment-well-being-and-engagement\/#primaryimage"},"image":{"@id":"https:\/\/tangorh.ca\/en\/services-for-companies\/strategic-management\/organizational-culture-healthy-environment-well-being-and-engagement\/#primaryimage"},"thumbnailUrl":"https:\/\/tangorh.ca\/wp-content\/uploads\/2022\/10\/business-people-in-a-meeting-shaking-hands-2022-09-16-08-42-04-utc-scaled.jpg","datePublished":"2024-02-29T16:31:33+00:00","dateModified":"2024-03-15T18:42:14+00:00","description":"Mise en \u0153uvre des strat\u00e9gies d\u2019engagement de vos employ\u00e9s qui visent \u00e0 favoriser le bien-\u00eatre au travail.","breadcrumb":{"@id":"https:\/\/tangorh.ca\/en\/services-for-companies\/strategic-management\/organizational-culture-healthy-environment-well-being-and-engagement\/#breadcrumb"},"inLanguage":"en-US","potentialAction":[{"@type":"ReadAction","target":["https:\/\/tangorh.ca\/en\/services-for-companies\/strategic-management\/organizational-culture-healthy-environment-well-being-and-engagement\/"]}]},{"@type":"ImageObject","inLanguage":"en-US","@id":"https:\/\/tangorh.ca\/en\/services-for-companies\/strategic-management\/organizational-culture-healthy-environment-well-being-and-engagement\/#primaryimage","url":"https:\/\/tangorh.ca\/wp-content\/uploads\/2022\/10\/business-people-in-a-meeting-shaking-hands-2022-09-16-08-42-04-utc-scaled.jpg","contentUrl":"https:\/\/tangorh.ca\/wp-content\/uploads\/2022\/10\/business-people-in-a-meeting-shaking-hands-2022-09-16-08-42-04-utc-scaled.jpg","width":2560,"height":1633,"caption":"Business people in a meeting shaking hands"},{"@type":"BreadcrumbList","@id":"https:\/\/tangorh.ca\/en\/services-for-companies\/strategic-management\/organizational-culture-healthy-environment-well-being-and-engagement\/#breadcrumb","itemListElement":[{"@type":"ListItem","position":1,"name":"Home","item":"https:\/\/tangorh.ca\/en\/"},{"@type":"ListItem","position":2,"name":"Services for companies","item":"https:\/\/tangorh.ca\/en\/services-for-companies\/"},{"@type":"ListItem","position":3,"name":"Strategic management &#038; human resources","item":"https:\/\/tangorh.ca\/en\/services-for-companies\/strategic-management\/"},{"@type":"ListItem","position":4,"name":"Organizational culture, healthy environment, well-being and engagement"}]},{"@type":"WebSite","@id":"https:\/\/tangorh.ca\/#website","url":"https:\/\/tangorh.ca\/","name":"Tango Solutions RH","description":"Services de chasse de t\u00eate | Recrutement | Placement | Soutien RH aux entreprises","potentialAction":[{"@type":"SearchAction","target":{"@type":"EntryPoint","urlTemplate":"https:\/\/tangorh.ca\/?s={search_term_string}"},"query-input":{"@type":"PropertyValueSpecification","valueRequired":true,"valueName":"search_term_string"}}],"inLanguage":"en-US"}]}},"_links":{"self":[{"href":"https:\/\/tangorh.ca\/en\/wp-json\/wp\/v2\/pages\/3085","targetHints":{"allow":["GET"]}}],"collection":[{"href":"https:\/\/tangorh.ca\/en\/wp-json\/wp\/v2\/pages"}],"about":[{"href":"https:\/\/tangorh.ca\/en\/wp-json\/wp\/v2\/types\/page"}],"author":[{"embeddable":true,"href":"https:\/\/tangorh.ca\/en\/wp-json\/wp\/v2\/users\/7"}],"replies":[{"embeddable":true,"href":"https:\/\/tangorh.ca\/en\/wp-json\/wp\/v2\/comments?post=3085"}],"version-history":[{"count":0,"href":"https:\/\/tangorh.ca\/en\/wp-json\/wp\/v2\/pages\/3085\/revisions"}],"up":[{"embeddable":true,"href":"https:\/\/tangorh.ca\/en\/wp-json\/wp\/v2\/pages\/1177"}],"wp:featuredmedia":[{"embeddable":true,"href":"https:\/\/tangorh.ca\/en\/wp-json\/wp\/v2\/media\/852"}],"wp:attachment":[{"href":"https:\/\/tangorh.ca\/en\/wp-json\/wp\/v2\/media?parent=3085"}],"curies":[{"name":"wp","href":"https:\/\/api.w.org\/{rel}","templated":true}]}}