{"id":1242,"date":"2022-10-13T13:20:05","date_gmt":"2022-10-13T17:20:05","guid":{"rendered":"https:\/\/tangorh.local\/services-for-job-seekers\/let-us-propel-your-career\/profil-linkedin\/"},"modified":"2022-11-10T18:58:29","modified_gmt":"2022-11-10T18:58:29","slug":"linkedin-profile","status":"publish","type":"page","link":"https:\/\/tangorh.ca\/en\/services-for-job-seekers\/let-us-propel-your-career\/linkedin-profile\/","title":{"rendered":"LinkedIn profile"},"content":{"rendered":"<section id=\"hero-block_f60e368dbc100ab3a5d13eb523397949\" class=\"hero page-hero\">\r\n\r\n    \n\n<div class=\"wp-block-group hero-content is-layout-flow wp-block-group-is-layout-flow\">\n<figure class=\"wp-block-image hero-image\"><img decoding=\"async\" src=\"\/wp-content\/themes\/utopian\/assets\/images\/sample-1.jpg\" alt=\"\"\/><\/figure>\n\n\n\n<div class=\"wp-block-group hero-text is-layout-flow wp-block-group-is-layout-flow\"><div class=\"hero-breadcrumb\">\r\n    \n\n<div class=\"wp-block-buttons breadcrumb__links is-layout-flex wp-block-buttons-is-layout-flex\">\n<div class=\"wp-block-button\"><a class=\"wp-block-button__link wp-element-button\" href=\"https:\/\/tangorh.ca\/en\/services-for-job-seekers\/\">Services for job seekers<\/a><\/div>\n\n\n\n<div class=\"wp-block-button\"><a class=\"wp-block-button__link wp-element-button\" href=\"https:\/\/tangorh.ca\/en\/services-for-job-seekers\/let-us-propel-your-career\/\">Let us propel your career!<\/a><\/div>\n<\/div>\n\n\r\n<\/div>\n\n\n<div class=\"wp-block-group svg-block is-layout-flow wp-block-group-is-layout-flow\"><\/div>\n<\/div>\n<\/div>\n\n\r\n\r\n<\/section>\n\n\n<div style=\"height:4.5em\" aria-hidden=\"true\" class=\"wp-block-spacer\"><\/div>\n\n\n\r\n<section id=\"return-box-block_ee69c5a00672a9eb0572e85b44620920\" class=\"return-box\">\r\n    \n\n<div class=\"wp-block-group return-box__inner is-layout-flow wp-block-group-is-layout-flow\">\n<div class=\"wp-block-buttons return-box__buttons is-layout-flex wp-block-buttons-is-layout-flex\">\n<div class=\"wp-block-button return-box__button\"><a class=\"wp-block-button__link wp-element-button\" href=\"https:\/\/tangorh.ca\/en\/services-for-job-seekers\/let-us-propel-your-career\/\">Back to all services<\/a><\/div>\n<\/div>\n\n\n<div id=\"share-popup-block_671ca188fe8aa4f5d85a70f53d8446ef\" class=\"share-popup\" data-invert-scroll=\"false\">\r\n\r\n    <div class=\"social-share-popup\">\r\n        <a href=\"https:\/\/www.addtoany.com\/add_to\/facebook?linkurl=https%3A%2F%2Ftangorh.ca%2Fen%2Fservices-for-job-seekers%2Flet-us-propel-your-career%2Flinkedin-profile%2F&amp;linkname=LinkedIn+profile\" target=\"_blank\" rel=\"noopener noreferrer\">\r\n            <i class=\"fa-brands fa-facebook-f\"><\/i>\r\n        <\/a>\r\n\r\n        <a href=\"https:\/\/www.addtoany.com\/add_to\/facebook_messenger?linkurl=https%3A%2F%2Ftangorh.ca%2Fen%2Fservices-for-job-seekers%2Flet-us-propel-your-career%2Flinkedin-profile%2F&amp;linkname=LinkedIn+profile\" target=\"_blank\" rel=\"noopener noreferrer\">\r\n            <i class=\"fa-brands fa-facebook-messenger\"><\/i>\r\n        <\/a>\r\n\r\n        <a href=\"https:\/\/www.addtoany.com\/add_to\/linkedin?linkurl=https%3A%2F%2Ftangorh.ca%2Fen%2Fservices-for-job-seekers%2Flet-us-propel-your-career%2Flinkedin-profile%2F&amp;linkname=LinkedIn+profile\" target=\"_blank\" rel=\"noopener noreferrer\">\r\n            <i class=\"fa-brands fa-linkedin-in\"><\/i>\r\n        <\/a>\r\n\r\n        <a href=\"https:\/\/www.addtoany.com\/add_to\/twitter?linkurl=https%3A%2F%2Ftangorh.ca%2Fen%2Fservices-for-job-seekers%2Flet-us-propel-your-career%2Flinkedin-profile%2F&amp;linkname=LinkedIn+profile\" target=\"_blank\" rel=\"noopener noreferrer\">\r\n            <i class=\"fa-brands fa-twitter\"><\/i>\r\n        <\/a>\r\n\r\n        <a href=\"mailto:?subject=Regarde \u00e7a!&amp;body=https%3A%2F%2Ftangorh.ca%2Fen%2Fservices-for-job-seekers%2Flet-us-propel-your-career%2Flinkedin-profile%2F\" target=\"_blank\" rel=\"noopener noreferrer\">\r\n            <i class=\"fa-light fa-envelope\"><\/i>\r\n        <\/a>\r\n\r\n        <div class=\"share-active\">\r\n            <i class=\"fa-regular fa-share-nodes\"><\/i>\r\n        <\/div>\r\n    <\/div>\r\n\r\n    \n\n<p class=\"share-popup-text\">Share<\/p>\n\n\r\n\r\n<\/div><\/div>\n\n\r\n<\/section>\n\n\r\n<section id=\"service-two-column-content-block_345765e908dfae12d5ff996a1dcfc776\" class=\"service-two-column-content\">\r\n    \n\n<div class=\"wp-block-group service-two-column-content-container is-layout-flow wp-block-group-is-layout-flow\">\n<div class=\"wp-block-group service-two-column-content-container-left is-layout-flow wp-block-group-is-layout-flow\">\n<h2 class=\"wp-block-heading\"><strong>Ensure your LinkedIn profile reflects your unique value proposition<\/strong><\/h2>\n\n\n\n<p>Nowadays, LinkedIn is an essential employment tool in most industries and workplaces.&nbsp;<\/p>\n\n\n\n<p>Your LinkedIn profile is no longer just a visual representation of your CV and career path, it\u2019s the most efficient tool for potential employers to notice you and discover your personality, interests and beliefs. It\u2019s the best place to create and publicize your personal brand as a credible, trustworthy professional.&nbsp;<\/p>\n\n\n\n<p>Take advantage of the Tango &#8211; HR Solutions team, and valuable advice from Kimberly Biggs, CEO of Agence Pop, to position your LinkedIn profile far above profiles of other candidates.<\/p>\n\n\n\n<div style=\"height:3em\" aria-hidden=\"true\" class=\"wp-block-spacer\"><\/div>\n\n\n\n<p class=\"has-dark-gray-color has-text-color\"><strong><mark style=\"background-color:rgba(0, 0, 0, 0)\" class=\"has-inline-color has-orange-color\">Online training: \u201cLinkedIn: Here\u2019s how to stand out!\u201d<\/mark><\/strong><\/p>\n\n\n\n<ul class=\"wp-block-list\">\n<li>90 minutes &#8211; In French Only<\/li>\n\n\n\n<li>6 segments&nbsp;<\/li>\n\n\n\n<li>Dynamic, up-to-date content<\/li>\n\n\n\n<li>Bonus! Get a \u201cTips and Tricks\u201d sheet&nbsp;<\/li>\n\n\n\n<li>Only $75 + tax<\/li>\n<\/ul>\n\n\n\n<div style=\"height:1em\" aria-hidden=\"true\" class=\"wp-block-spacer\"><\/div>\n\n\n\n<div class=\"wp-block-buttons is-layout-flex wp-block-buttons-is-layout-flex\">\n<div class=\"wp-block-button\"><a class=\"wp-block-button__link wp-element-button\" href=\"https:\/\/agencepopinc.com\/votre-formation-linkedin\/\">Register<\/a><\/div>\n<\/div>\n\n\n\n<div style=\"height:3em\" aria-hidden=\"true\" class=\"wp-block-spacer\"><\/div>\n\n\n\n<p class=\"has-orange-color has-text-color\"><strong>Individual, personalized consultation with Kimberly Biggs, CEO of Agence Pop<\/strong><\/p>\n\n\n\n<ul class=\"wp-block-list\">\n<li>90-minute individual meeting on Zoom &#8211; French or English<\/li>\n\n\n\n<li>Diagnosis of your profile&nbsp;<\/li>\n\n\n\n<li>Recommendations to optimize each aspect of your profile, according to your employment sector and type of position you\u2019re looking for<\/li>\n\n\n\n<li>Bonus! Get a \u201cTips and Tricks\u201d sheet&nbsp;<\/li>\n\n\n\n<li>$200 + tax<\/li>\n<\/ul>\n\n\n\n<div style=\"height:1em\" aria-hidden=\"true\" class=\"wp-block-spacer\"><\/div>\n\n\n\n<div class=\"wp-block-buttons is-layout-flex wp-block-buttons-is-layout-flex\">\n<div class=\"wp-block-button\"><a class=\"wp-block-button__link wp-element-button\" href=\"https:\/\/agencepopinc.com\/votre-formation-linkedin\/\">Register<\/a><\/div>\n<\/div>\n<\/div>\n\n\n\n<div class=\"wp-block-group service-two-column-content-container-right is-layout-flow wp-block-group-is-layout-flow\">\n<figure class=\"wp-block-image size-large\"><img loading=\"lazy\" decoding=\"async\" width=\"683\" height=\"1024\" src=\"https:\/\/tangorh.ca\/wp-content\/uploads\/2022\/10\/043A9846-683x1024.jpg\" alt=\"\" class=\"wp-image-676\" srcset=\"https:\/\/tangorh.ca\/wp-content\/uploads\/2022\/10\/043A9846-683x1024.jpg 683w, https:\/\/tangorh.ca\/wp-content\/uploads\/2022\/10\/043A9846-200x300.jpg 200w, https:\/\/tangorh.ca\/wp-content\/uploads\/2022\/10\/043A9846-768x1152.jpg 768w, https:\/\/tangorh.ca\/wp-content\/uploads\/2022\/10\/043A9846-1024x1536.jpg 1024w, https:\/\/tangorh.ca\/wp-content\/uploads\/2022\/10\/043A9846-1365x2048.jpg 1365w, https:\/\/tangorh.ca\/wp-content\/uploads\/2022\/10\/043A9846-scaled.jpg 1707w\" sizes=\"auto, (max-width: 683px) 100vw, 683px\" \/><figcaption class=\"wp-element-caption\">Kimberly Biggs, PDG de Pop Inc.<\/figcaption><\/figure>\n<\/div>\n<\/div>\n\n\r\n<\/section>","protected":false},"excerpt":{"rendered":"<p>Si vous postulez \u00e0 des emplois correspondant \u00e0 vos comp\u00e9tences sans jamais \u00eatre convoqu\u00e9 \u00e0 un entretien, il est peut-\u00eatre temps d&#8217;examiner votre CV de plus pr\u00e8s. <\/p>\n","protected":false},"author":4,"featured_media":804,"parent":1231,"menu_order":0,"comment_status":"closed","ping_status":"closed","template":"","meta":{"_acf_changed":false,"inline_featured_image":false,"footnotes":""},"class_list":["post-1242","page","type-page","status-publish","has-post-thumbnail","hentry"],"acf":[],"yoast_head":"<!-- This site is optimized with the Yoast SEO Premium plugin v24.9 (Yoast SEO v24.9) - https:\/\/yoast.com\/wordpress\/plugins\/seo\/ -->\n<title>LinkedIn profile - Tango Solutions RH<\/title>\n<meta name=\"description\" content=\"Take advantage of the Tango - HR Solutions team, and valuable advice from Kimberly Biggs, CEO of Agence Pop, to position your LinkedIn profile far above profiles of other candidates.\" \/>\n<meta name=\"robots\" content=\"index, follow, max-snippet:-1, max-image-preview:large, max-video-preview:-1\" \/>\n<link rel=\"canonical\" href=\"https:\/\/tangorh.ca\/en\/services-for-job-seekers\/let-us-propel-your-career\/linkedin-profile\/\" \/>\n<meta property=\"og:locale\" content=\"en_US\" \/>\n<meta property=\"og:type\" content=\"article\" \/>\n<meta property=\"og:title\" content=\"LinkedIn profile\" \/>\n<meta property=\"og:description\" content=\"Take advantage of the Tango - HR Solutions team, and valuable advice from Kimberly Biggs, CEO of Agence Pop, to position your LinkedIn profile far above profiles of other candidates.\" \/>\n<meta property=\"og:url\" content=\"https:\/\/tangorh.ca\/en\/services-for-job-seekers\/let-us-propel-your-career\/linkedin-profile\/\" \/>\n<meta property=\"og:site_name\" content=\"Tango Solutions RH\" \/>\n<meta property=\"article:modified_time\" content=\"2022-11-10T18:58:29+00:00\" \/>\n<meta property=\"og:image\" content=\"https:\/\/tangorh.ca\/wp-content\/uploads\/2022\/10\/tango.png\" \/>\n\t<meta property=\"og:image:width\" content=\"1200\" \/>\n\t<meta property=\"og:image:height\" content=\"630\" \/>\n\t<meta property=\"og:image:type\" content=\"image\/png\" \/>\n<meta name=\"twitter:card\" content=\"summary_large_image\" \/>\n<meta name=\"twitter:label1\" content=\"Est. reading time\" \/>\n\t<meta name=\"twitter:data1\" content=\"2 minutes\" \/>\n<script type=\"application\/ld+json\" class=\"yoast-schema-graph\">{\"@context\":\"https:\/\/schema.org\",\"@graph\":[{\"@type\":\"WebPage\",\"@id\":\"https:\/\/tangorh.ca\/en\/services-for-job-seekers\/let-us-propel-your-career\/linkedin-profile\/\",\"url\":\"https:\/\/tangorh.ca\/en\/services-for-job-seekers\/let-us-propel-your-career\/linkedin-profile\/\",\"name\":\"LinkedIn profile - Tango Solutions RH\",\"isPartOf\":{\"@id\":\"https:\/\/tangorh.ca\/#website\"},\"primaryImageOfPage\":{\"@id\":\"https:\/\/tangorh.ca\/en\/services-for-job-seekers\/let-us-propel-your-career\/linkedin-profile\/#primaryimage\"},\"image\":{\"@id\":\"https:\/\/tangorh.ca\/en\/services-for-job-seekers\/let-us-propel-your-career\/linkedin-profile\/#primaryimage\"},\"thumbnailUrl\":\"https:\/\/tangorh.ca\/wp-content\/uploads\/2022\/10\/8NHRSDM.jpg\",\"datePublished\":\"2022-10-13T17:20:05+00:00\",\"dateModified\":\"2022-11-10T18:58:29+00:00\",\"description\":\"Take advantage of the Tango - HR Solutions team, and valuable advice from Kimberly Biggs, CEO of Agence Pop, to position your LinkedIn profile far above profiles of other candidates.\",\"breadcrumb\":{\"@id\":\"https:\/\/tangorh.ca\/en\/services-for-job-seekers\/let-us-propel-your-career\/linkedin-profile\/#breadcrumb\"},\"inLanguage\":\"en-US\",\"potentialAction\":[{\"@type\":\"ReadAction\",\"target\":[\"https:\/\/tangorh.ca\/en\/services-for-job-seekers\/let-us-propel-your-career\/linkedin-profile\/\"]}]},{\"@type\":\"ImageObject\",\"inLanguage\":\"en-US\",\"@id\":\"https:\/\/tangorh.ca\/en\/services-for-job-seekers\/let-us-propel-your-career\/linkedin-profile\/#primaryimage\",\"url\":\"https:\/\/tangorh.ca\/wp-content\/uploads\/2022\/10\/8NHRSDM.jpg\",\"contentUrl\":\"https:\/\/tangorh.ca\/wp-content\/uploads\/2022\/10\/8NHRSDM.jpg\",\"width\":8256,\"height\":5504,\"caption\":\"Hand of woman opening planner on her desk with clipboards and books\"},{\"@type\":\"BreadcrumbList\",\"@id\":\"https:\/\/tangorh.ca\/en\/services-for-job-seekers\/let-us-propel-your-career\/linkedin-profile\/#breadcrumb\",\"itemListElement\":[{\"@type\":\"ListItem\",\"position\":1,\"name\":\"Home\",\"item\":\"https:\/\/tangorh.ca\/en\/\"},{\"@type\":\"ListItem\",\"position\":2,\"name\":\"Services for job seekers\",\"item\":\"https:\/\/tangorh.ca\/en\/services-for-job-seekers\/\"},{\"@type\":\"ListItem\",\"position\":3,\"name\":\"Let us propel your career!\",\"item\":\"https:\/\/tangorh.ca\/en\/services-for-job-seekers\/let-us-propel-your-career\/\"},{\"@type\":\"ListItem\",\"position\":4,\"name\":\"LinkedIn profile\"}]},{\"@type\":\"WebSite\",\"@id\":\"https:\/\/tangorh.ca\/#website\",\"url\":\"https:\/\/tangorh.ca\/\",\"name\":\"Tango Solutions RH\",\"description\":\"Services de chasse de t\u00eate | Recrutement | Placement | Soutien RH aux entreprises\",\"potentialAction\":[{\"@type\":\"SearchAction\",\"target\":{\"@type\":\"EntryPoint\",\"urlTemplate\":\"https:\/\/tangorh.ca\/?s={search_term_string}\"},\"query-input\":{\"@type\":\"PropertyValueSpecification\",\"valueRequired\":true,\"valueName\":\"search_term_string\"}}],\"inLanguage\":\"en-US\"}]}<\/script>\n<!-- \/ Yoast SEO Premium plugin. -->","yoast_head_json":{"title":"LinkedIn profile - Tango Solutions RH","description":"Take advantage of the Tango - HR Solutions team, and valuable advice from Kimberly Biggs, CEO of Agence Pop, to position your LinkedIn profile far above profiles of other candidates.","robots":{"index":"index","follow":"follow","max-snippet":"max-snippet:-1","max-image-preview":"max-image-preview:large","max-video-preview":"max-video-preview:-1"},"canonical":"https:\/\/tangorh.ca\/en\/services-for-job-seekers\/let-us-propel-your-career\/linkedin-profile\/","og_locale":"en_US","og_type":"article","og_title":"LinkedIn profile","og_description":"Take advantage of the Tango - HR Solutions team, and valuable advice from Kimberly Biggs, CEO of Agence Pop, to position your LinkedIn profile far above profiles of other candidates.","og_url":"https:\/\/tangorh.ca\/en\/services-for-job-seekers\/let-us-propel-your-career\/linkedin-profile\/","og_site_name":"Tango Solutions RH","article_modified_time":"2022-11-10T18:58:29+00:00","og_image":[{"width":1200,"height":630,"url":"https:\/\/tangorh.ca\/wp-content\/uploads\/2022\/10\/tango.png","type":"image\/png"}],"twitter_card":"summary_large_image","twitter_misc":{"Est. reading time":"2 minutes"},"schema":{"@context":"https:\/\/schema.org","@graph":[{"@type":"WebPage","@id":"https:\/\/tangorh.ca\/en\/services-for-job-seekers\/let-us-propel-your-career\/linkedin-profile\/","url":"https:\/\/tangorh.ca\/en\/services-for-job-seekers\/let-us-propel-your-career\/linkedin-profile\/","name":"LinkedIn profile - Tango Solutions RH","isPartOf":{"@id":"https:\/\/tangorh.ca\/#website"},"primaryImageOfPage":{"@id":"https:\/\/tangorh.ca\/en\/services-for-job-seekers\/let-us-propel-your-career\/linkedin-profile\/#primaryimage"},"image":{"@id":"https:\/\/tangorh.ca\/en\/services-for-job-seekers\/let-us-propel-your-career\/linkedin-profile\/#primaryimage"},"thumbnailUrl":"https:\/\/tangorh.ca\/wp-content\/uploads\/2022\/10\/8NHRSDM.jpg","datePublished":"2022-10-13T17:20:05+00:00","dateModified":"2022-11-10T18:58:29+00:00","description":"Take advantage of the Tango - HR Solutions team, and valuable advice from Kimberly Biggs, CEO of Agence Pop, to position your LinkedIn profile far above profiles of other candidates.","breadcrumb":{"@id":"https:\/\/tangorh.ca\/en\/services-for-job-seekers\/let-us-propel-your-career\/linkedin-profile\/#breadcrumb"},"inLanguage":"en-US","potentialAction":[{"@type":"ReadAction","target":["https:\/\/tangorh.ca\/en\/services-for-job-seekers\/let-us-propel-your-career\/linkedin-profile\/"]}]},{"@type":"ImageObject","inLanguage":"en-US","@id":"https:\/\/tangorh.ca\/en\/services-for-job-seekers\/let-us-propel-your-career\/linkedin-profile\/#primaryimage","url":"https:\/\/tangorh.ca\/wp-content\/uploads\/2022\/10\/8NHRSDM.jpg","contentUrl":"https:\/\/tangorh.ca\/wp-content\/uploads\/2022\/10\/8NHRSDM.jpg","width":8256,"height":5504,"caption":"Hand of woman opening planner on her desk with clipboards and books"},{"@type":"BreadcrumbList","@id":"https:\/\/tangorh.ca\/en\/services-for-job-seekers\/let-us-propel-your-career\/linkedin-profile\/#breadcrumb","itemListElement":[{"@type":"ListItem","position":1,"name":"Home","item":"https:\/\/tangorh.ca\/en\/"},{"@type":"ListItem","position":2,"name":"Services for job seekers","item":"https:\/\/tangorh.ca\/en\/services-for-job-seekers\/"},{"@type":"ListItem","position":3,"name":"Let us propel your career!","item":"https:\/\/tangorh.ca\/en\/services-for-job-seekers\/let-us-propel-your-career\/"},{"@type":"ListItem","position":4,"name":"LinkedIn profile"}]},{"@type":"WebSite","@id":"https:\/\/tangorh.ca\/#website","url":"https:\/\/tangorh.ca\/","name":"Tango Solutions RH","description":"Services de chasse de t\u00eate | Recrutement | Placement | Soutien RH aux entreprises","potentialAction":[{"@type":"SearchAction","target":{"@type":"EntryPoint","urlTemplate":"https:\/\/tangorh.ca\/?s={search_term_string}"},"query-input":{"@type":"PropertyValueSpecification","valueRequired":true,"valueName":"search_term_string"}}],"inLanguage":"en-US"}]}},"_links":{"self":[{"href":"https:\/\/tangorh.ca\/en\/wp-json\/wp\/v2\/pages\/1242","targetHints":{"allow":["GET"]}}],"collection":[{"href":"https:\/\/tangorh.ca\/en\/wp-json\/wp\/v2\/pages"}],"about":[{"href":"https:\/\/tangorh.ca\/en\/wp-json\/wp\/v2\/types\/page"}],"author":[{"embeddable":true,"href":"https:\/\/tangorh.ca\/en\/wp-json\/wp\/v2\/users\/4"}],"replies":[{"embeddable":true,"href":"https:\/\/tangorh.ca\/en\/wp-json\/wp\/v2\/comments?post=1242"}],"version-history":[{"count":0,"href":"https:\/\/tangorh.ca\/en\/wp-json\/wp\/v2\/pages\/1242\/revisions"}],"up":[{"embeddable":true,"href":"https:\/\/tangorh.ca\/en\/wp-json\/wp\/v2\/pages\/1231"}],"wp:featuredmedia":[{"embeddable":true,"href":"https:\/\/tangorh.ca\/en\/wp-json\/wp\/v2\/media\/804"}],"wp:attachment":[{"href":"https:\/\/tangorh.ca\/en\/wp-json\/wp\/v2\/media?parent=1242"}],"curies":[{"name":"wp","href":"https:\/\/api.w.org\/{rel}","templated":true}]}}