{"id":1237,"date":"2022-10-13T13:22:17","date_gmt":"2022-10-13T17:22:17","guid":{"rendered":"https:\/\/tangorh.local\/services-for-job-seekers\/let-us-propel-your-career\/preparation-aux-entretiens-dembauche-et-pratiques-dexamens-ecrits\/"},"modified":"2022-11-07T17:18:18","modified_gmt":"2022-11-07T17:18:18","slug":"practice-written-exams-and-job-interview-preparation","status":"publish","type":"page","link":"https:\/\/tangorh.ca\/en\/services-for-job-seekers\/let-us-propel-your-career\/practice-written-exams-and-job-interview-preparation\/","title":{"rendered":"Practice written exams and job interview preparation"},"content":{"rendered":"<section id=\"hero-block_9a132ec7ead5c049492fe018a4af34af\" class=\"hero page-hero\">\r\n\r\n    \n\n<div class=\"wp-block-group hero-content is-layout-flow wp-block-group-is-layout-flow\">\n<figure class=\"wp-block-image hero-image\"><img decoding=\"async\" src=\"\/wp-content\/themes\/utopian\/assets\/images\/sample-1.jpg\" alt=\"\"\/><\/figure>\n\n\n\n<div class=\"wp-block-group hero-text is-layout-flow wp-block-group-is-layout-flow\"><div class=\"hero-breadcrumb\">\r\n    \n\n<div class=\"wp-block-buttons breadcrumb__links is-layout-flex wp-block-buttons-is-layout-flex\">\n<div class=\"wp-block-button\"><a class=\"wp-block-button__link wp-element-button\" href=\"https:\/\/tangorh.ca\/en\/services-for-job-seekers\/\">Services for job seekers<\/a><\/div>\n\n\n\n<div class=\"wp-block-button\"><a class=\"wp-block-button__link wp-element-button\" href=\"https:\/\/tangorh.ca\/en\/services-for-job-seekers\/let-us-propel-your-career\/\">Let us propel your career!<\/a><\/div>\n<\/div>\n\n\r\n<\/div>\n\n\n<div class=\"wp-block-group svg-block is-layout-flow wp-block-group-is-layout-flow\"><\/div>\n<\/div>\n<\/div>\n\n\r\n\r\n<\/section>\n\n\n<div style=\"height:4.5em\" aria-hidden=\"true\" class=\"wp-block-spacer\"><\/div>\n\n\n\r\n<section id=\"return-box-block_180a30ae89e2501d33ce564c80be87dc\" class=\"return-box\">\r\n    \n\n<div class=\"wp-block-group return-box__inner is-layout-flow wp-block-group-is-layout-flow\">\n<div class=\"wp-block-buttons return-box__buttons is-layout-flex wp-block-buttons-is-layout-flex\">\n<div class=\"wp-block-button return-box__button\"><a class=\"wp-block-button__link wp-element-button\" href=\"https:\/\/tangorh.ca\/en\/services-for-job-seekers\/let-us-propel-your-career\/\">Back to all services<\/a><\/div>\n<\/div>\n\n\n<div id=\"share-popup-block_3be7644c509226d02923f4193f4c19c3\" class=\"share-popup\" data-invert-scroll=\"false\">\r\n\r\n    <div class=\"social-share-popup\">\r\n        <a href=\"https:\/\/www.addtoany.com\/add_to\/facebook?linkurl=https%3A%2F%2Ftangorh.ca%2Fen%2Fservices-for-job-seekers%2Flet-us-propel-your-career%2Fpractice-written-exams-and-job-interview-preparation%2F&amp;linkname=Practice+written+exams+and+job+interview+preparation\" target=\"_blank\" rel=\"noopener noreferrer\">\r\n            <i class=\"fa-brands fa-facebook-f\"><\/i>\r\n        <\/a>\r\n\r\n        <a href=\"https:\/\/www.addtoany.com\/add_to\/facebook_messenger?linkurl=https%3A%2F%2Ftangorh.ca%2Fen%2Fservices-for-job-seekers%2Flet-us-propel-your-career%2Fpractice-written-exams-and-job-interview-preparation%2F&amp;linkname=Practice+written+exams+and+job+interview+preparation\" target=\"_blank\" rel=\"noopener noreferrer\">\r\n            <i class=\"fa-brands fa-facebook-messenger\"><\/i>\r\n        <\/a>\r\n\r\n        <a href=\"https:\/\/www.addtoany.com\/add_to\/linkedin?linkurl=https%3A%2F%2Ftangorh.ca%2Fen%2Fservices-for-job-seekers%2Flet-us-propel-your-career%2Fpractice-written-exams-and-job-interview-preparation%2F&amp;linkname=Practice+written+exams+and+job+interview+preparation\" target=\"_blank\" rel=\"noopener noreferrer\">\r\n            <i class=\"fa-brands fa-linkedin-in\"><\/i>\r\n        <\/a>\r\n\r\n        <a href=\"https:\/\/www.addtoany.com\/add_to\/twitter?linkurl=https%3A%2F%2Ftangorh.ca%2Fen%2Fservices-for-job-seekers%2Flet-us-propel-your-career%2Fpractice-written-exams-and-job-interview-preparation%2F&amp;linkname=Practice+written+exams+and+job+interview+preparation\" target=\"_blank\" rel=\"noopener noreferrer\">\r\n            <i class=\"fa-brands fa-twitter\"><\/i>\r\n        <\/a>\r\n\r\n        <a href=\"mailto:?subject=Regarde \u00e7a!&amp;body=https%3A%2F%2Ftangorh.ca%2Fen%2Fservices-for-job-seekers%2Flet-us-propel-your-career%2Fpractice-written-exams-and-job-interview-preparation%2F\" target=\"_blank\" rel=\"noopener noreferrer\">\r\n            <i class=\"fa-light fa-envelope\"><\/i>\r\n        <\/a>\r\n\r\n        <div class=\"share-active\">\r\n            <i class=\"fa-regular fa-share-nodes\"><\/i>\r\n        <\/div>\r\n    <\/div>\r\n\r\n    \n\n<p class=\"share-popup-text\">Share<\/p>\n\n\r\n\r\n<\/div><\/div>\n\n\r\n<\/section>\n\n\r\n<section id=\"service-two-column-content-block_f750cdb62e60badaeebd50e86682a2c8\" class=\"service-two-column-content\">\r\n    \n\n<div class=\"wp-block-group service-two-column-content-container is-layout-flow wp-block-group-is-layout-flow\">\n<div class=\"wp-block-group service-two-column-content-container-left is-layout-flow wp-block-group-is-layout-flow\">\n<h2 class=\"wp-block-heading\"><strong>Eliminate performance stress in an interview or exam<\/strong><\/h2>\n\n\n\n<p>Whether this is one of your first job searches, or you are returning to the job market, it\u2019s always stressful to come to a job interview or perform on a written exam.<\/p>\n\n\n\n<p>In all hiring interviews, the employer evaluates the candidates and directs their questions to find the best match between the position and the candidate. Since the job market is extremely competitive, it is essential that you stand out and make a positive and durable impression on the person interviewing you. The key to success\u2014<strong>good preparation!<\/strong><\/p>\n\n\n\n<p>Take advantage of the expertise and advice of the Tango &#8211; HR Solutions team to optimize your interview and exam performance.<\/p>\n<\/div>\n\n\n\n<div class=\"wp-block-group service-two-column-content-container-right is-layout-flow wp-block-group-is-layout-flow\">\n<figure class=\"wp-block-image\"><img decoding=\"async\" src=\"https:\/\/tangorh.ca\/wp-content\/themes\/utopian\/assets\/images\/sample-6.png\" alt=\"\"\/><\/figure>\n<\/div>\n<\/div>\n\n\r\n<\/section>\n\n\n<div style=\"height:100px\" aria-hidden=\"true\" class=\"wp-block-spacer\"><\/div>\n\n\n<section id=\"form-block-block_ad779ee22132b3c26ad02db47cf2dd59\" class=\"form-block\" data-selection=\"Let us propel your career!\"style=\"background-color: #343741;\">\r\n\r\n    \n\n<div class=\"wp-block-group form-block-container is-layout-flow wp-block-group-is-layout-flow\">\n<div class=\"wp-block-group form-block-content is-layout-flow wp-block-group-is-layout-flow\">\n<div class=\"wp-block-group form-block-content-left is-layout-flow wp-block-group-is-layout-flow\">\n<h2 class=\"wp-block-heading\"><strong><span style=\"color: #d8651f;\">I&#8217;M INTERESTED !<\/span><\/strong><\/h2>\n\n\n\n<h3 class=\"wp-block-heading\">I want to meet a Tango team member for a discussion.<\/h3>\n<\/div>\n\n\n\n<div class=\"wp-block-group form-block-content-right is-layout-flow wp-block-group-is-layout-flow\"><\/div>\n<\/div>\n\n\n\n<div class=\"wp-block-group form-block-form is-layout-flow wp-block-group-is-layout-flow\">\n<div class=\"wp-block-group form-block-holder is-layout-flow wp-block-group-is-layout-flow\">\n<div class=\"wp-block-contact-form-7-contact-form-selector\">\n<div class=\"wpcf7 no-js\" id=\"wpcf7-f1419-o1\" lang=\"en-US\" dir=\"ltr\" data-wpcf7-id=\"1419\">\n<div class=\"screen-reader-response\"><p role=\"status\" aria-live=\"polite\" aria-atomic=\"true\"><\/p> <ul><\/ul><\/div>\n<form action=\"\/en\/wp-json\/wp\/v2\/pages\/1237#wpcf7-f1419-o1\" method=\"post\" class=\"wpcf7-form init\" aria-label=\"Contact form\" novalidate=\"novalidate\" data-status=\"init\">\n<div style=\"display: none;\">\n<input type=\"hidden\" name=\"_wpcf7\" value=\"1419\" \/>\n<input type=\"hidden\" name=\"_wpcf7_version\" value=\"6.0.6\" \/>\n<input type=\"hidden\" name=\"_wpcf7_locale\" value=\"en_US\" \/>\n<input type=\"hidden\" name=\"_wpcf7_unit_tag\" value=\"wpcf7-f1419-o1\" \/>\n<input type=\"hidden\" name=\"_wpcf7_container_post\" value=\"0\" \/>\n<input type=\"hidden\" name=\"_wpcf7_posted_data_hash\" value=\"\" \/>\n<input type=\"hidden\" name=\"_wpcf7_recaptcha_response\" value=\"\" \/>\n<\/div>\n<div class=\"form-cols\">\n<div class=\"form-col\">\n<span class=\"wpcf7-form-control-wrap\" data-name=\"prenom\"><input size=\"40\" maxlength=\"400\" class=\"wpcf7-form-control wpcf7-text wpcf7-validates-as-required\" aria-required=\"true\" aria-invalid=\"false\" placeholder=\"Name\" value=\"\" type=\"text\" name=\"prenom\" \/><\/span>\n<span class=\"wpcf7-form-control-wrap\" data-name=\"nom\"><input size=\"40\" maxlength=\"400\" class=\"wpcf7-form-control wpcf7-text wpcf7-validates-as-required\" aria-required=\"true\" aria-invalid=\"false\" placeholder=\"Last name\" value=\"\" type=\"text\" name=\"nom\" \/><\/span>\n<span class=\"wpcf7-form-control-wrap\" data-name=\"courriel\"><input size=\"40\" maxlength=\"400\" class=\"wpcf7-form-control wpcf7-email wpcf7-validates-as-required wpcf7-text wpcf7-validates-as-email\" aria-required=\"true\" aria-invalid=\"false\" placeholder=\"Email address\" value=\"\" type=\"email\" name=\"courriel\" \/><\/span>\n<span class=\"wpcf7-form-control-wrap\" data-name=\"telephone\"><input size=\"40\" maxlength=\"400\" class=\"wpcf7-form-control wpcf7-tel wpcf7-text wpcf7-validates-as-tel\" aria-invalid=\"false\" placeholder=\"Phone number\" value=\"\" type=\"tel\" name=\"telephone\" \/><\/span>\n<\/div>\n<div class=\"form-col\">\n<div class=\"selection\">\n<span class=\"wpcf7-form-control-wrap\" data-name=\"i-am\"><select class=\"wpcf7-form-control wpcf7-select\" aria-invalid=\"false\" name=\"i-am\"><option value=\"\">I am<\/option><option value=\"Job seeker\">Job seeker<\/option><option value=\"Employer\">Employer<\/option><\/select><\/span>\n<\/div>\n<span class=\"wpcf7-form-control-wrap\" data-name=\"sujet\"><input size=\"40\" maxlength=\"400\" class=\"wpcf7-form-control wpcf7-text\" aria-invalid=\"false\" placeholder=\"Subject\" value=\"\" type=\"text\" name=\"sujet\" \/><\/span>\n<span class=\"wpcf7-form-control-wrap\" data-name=\"message\"><textarea cols=\"40\" rows=\"10\" maxlength=\"2000\" class=\"wpcf7-form-control wpcf7-textarea\" aria-invalid=\"false\" placeholder=\"Message\" name=\"message\"><\/textarea><\/span>\n<\/div>\n<\/div>\n<input class=\"wpcf7-form-control wpcf7-submit has-spinner\" type=\"submit\" value=\"Send\" \/><div class=\"wpcf7-response-output\" aria-hidden=\"true\"><\/div>\n<\/form>\n<\/div>\n<\/div>\n<\/div>\n<\/div>\n<\/div>\n\n\r\n\r\n<\/section>","protected":false},"excerpt":{"rendered":"<p>Si vous postulez \u00e0 des emplois correspondant \u00e0 vos comp\u00e9tences sans jamais \u00eatre convoqu\u00e9 \u00e0 un entretien, il est peut-\u00eatre temps d&#8217;examiner votre CV de plus pr\u00e8s. <\/p>\n","protected":false},"author":4,"featured_media":850,"parent":1231,"menu_order":0,"comment_status":"closed","ping_status":"closed","template":"","meta":{"_acf_changed":false,"inline_featured_image":false,"footnotes":""},"class_list":["post-1237","page","type-page","status-publish","has-post-thumbnail","hentry"],"acf":[],"yoast_head":"<!-- This site is optimized with the Yoast SEO Premium plugin v24.9 (Yoast SEO v24.9) - https:\/\/yoast.com\/wordpress\/plugins\/seo\/ -->\n<title>Practice written exams and job interview preparation - Tango Solutions RH<\/title>\n<meta name=\"description\" content=\"Whether this is one of your first job searches, or you are returning to the job market, it\u2019s always stressful to come to a job interview or perform on a written exam.\" \/>\n<meta name=\"robots\" content=\"index, follow, max-snippet:-1, max-image-preview:large, max-video-preview:-1\" \/>\n<link rel=\"canonical\" href=\"https:\/\/tangorh.ca\/en\/services-for-job-seekers\/let-us-propel-your-career\/practice-written-exams-and-job-interview-preparation\/\" \/>\n<meta property=\"og:locale\" content=\"en_US\" \/>\n<meta property=\"og:type\" content=\"article\" \/>\n<meta property=\"og:title\" content=\"Practice written exams and job interview preparation\" \/>\n<meta property=\"og:description\" content=\"Whether this is one of your first job searches, or you are returning to the job market, it\u2019s always stressful to come to a job interview or perform on a written exam.\" \/>\n<meta property=\"og:url\" content=\"https:\/\/tangorh.ca\/en\/services-for-job-seekers\/let-us-propel-your-career\/practice-written-exams-and-job-interview-preparation\/\" \/>\n<meta property=\"og:site_name\" content=\"Tango Solutions RH\" \/>\n<meta property=\"article:modified_time\" content=\"2022-11-07T17:18:18+00:00\" \/>\n<meta property=\"og:image\" content=\"https:\/\/tangorh.ca\/wp-content\/uploads\/2022\/10\/positive-girl-in-wireless-headphones-speaks-by-vid-2021-09-02-18-41-47-utc-scaled.jpg\" \/>\n\t<meta property=\"og:image:width\" content=\"2560\" \/>\n\t<meta property=\"og:image:height\" content=\"1707\" \/>\n\t<meta property=\"og:image:type\" content=\"image\/jpeg\" \/>\n<meta name=\"twitter:card\" content=\"summary_large_image\" \/>\n<meta name=\"twitter:label1\" content=\"Est. reading time\" \/>\n\t<meta name=\"twitter:data1\" content=\"2 minutes\" \/>\n<script type=\"application\/ld+json\" class=\"yoast-schema-graph\">{\"@context\":\"https:\/\/schema.org\",\"@graph\":[{\"@type\":\"WebPage\",\"@id\":\"https:\/\/tangorh.ca\/en\/services-for-job-seekers\/let-us-propel-your-career\/practice-written-exams-and-job-interview-preparation\/\",\"url\":\"https:\/\/tangorh.ca\/en\/services-for-job-seekers\/let-us-propel-your-career\/practice-written-exams-and-job-interview-preparation\/\",\"name\":\"Practice written exams and job interview preparation - Tango Solutions RH\",\"isPartOf\":{\"@id\":\"https:\/\/tangorh.ca\/#website\"},\"primaryImageOfPage\":{\"@id\":\"https:\/\/tangorh.ca\/en\/services-for-job-seekers\/let-us-propel-your-career\/practice-written-exams-and-job-interview-preparation\/#primaryimage\"},\"image\":{\"@id\":\"https:\/\/tangorh.ca\/en\/services-for-job-seekers\/let-us-propel-your-career\/practice-written-exams-and-job-interview-preparation\/#primaryimage\"},\"thumbnailUrl\":\"https:\/\/tangorh.ca\/wp-content\/uploads\/2022\/10\/positive-girl-in-wireless-headphones-speaks-by-vid-2021-09-02-18-41-47-utc-scaled.jpg\",\"datePublished\":\"2022-10-13T17:22:17+00:00\",\"dateModified\":\"2022-11-07T17:18:18+00:00\",\"description\":\"Whether this is one of your first job searches, or you are returning to the job market, it\u2019s always stressful to come to a job interview or perform on a written exam.\",\"breadcrumb\":{\"@id\":\"https:\/\/tangorh.ca\/en\/services-for-job-seekers\/let-us-propel-your-career\/practice-written-exams-and-job-interview-preparation\/#breadcrumb\"},\"inLanguage\":\"en-US\",\"potentialAction\":[{\"@type\":\"ReadAction\",\"target\":[\"https:\/\/tangorh.ca\/en\/services-for-job-seekers\/let-us-propel-your-career\/practice-written-exams-and-job-interview-preparation\/\"]}]},{\"@type\":\"ImageObject\",\"inLanguage\":\"en-US\",\"@id\":\"https:\/\/tangorh.ca\/en\/services-for-job-seekers\/let-us-propel-your-career\/practice-written-exams-and-job-interview-preparation\/#primaryimage\",\"url\":\"https:\/\/tangorh.ca\/wp-content\/uploads\/2022\/10\/positive-girl-in-wireless-headphones-speaks-by-vid-2021-09-02-18-41-47-utc-scaled.jpg\",\"contentUrl\":\"https:\/\/tangorh.ca\/wp-content\/uploads\/2022\/10\/positive-girl-in-wireless-headphones-speaks-by-vid-2021-09-02-18-41-47-utc-scaled.jpg\",\"width\":2560,\"height\":1707},{\"@type\":\"BreadcrumbList\",\"@id\":\"https:\/\/tangorh.ca\/en\/services-for-job-seekers\/let-us-propel-your-career\/practice-written-exams-and-job-interview-preparation\/#breadcrumb\",\"itemListElement\":[{\"@type\":\"ListItem\",\"position\":1,\"name\":\"Home\",\"item\":\"https:\/\/tangorh.ca\/en\/\"},{\"@type\":\"ListItem\",\"position\":2,\"name\":\"Services for job seekers\",\"item\":\"https:\/\/tangorh.ca\/en\/services-for-job-seekers\/\"},{\"@type\":\"ListItem\",\"position\":3,\"name\":\"Let us propel your career!\",\"item\":\"https:\/\/tangorh.ca\/en\/services-for-job-seekers\/let-us-propel-your-career\/\"},{\"@type\":\"ListItem\",\"position\":4,\"name\":\"Practice written exams and job interview preparation\"}]},{\"@type\":\"WebSite\",\"@id\":\"https:\/\/tangorh.ca\/#website\",\"url\":\"https:\/\/tangorh.ca\/\",\"name\":\"Tango Solutions RH\",\"description\":\"Services de chasse de t\u00eate | Recrutement | Placement | Soutien RH aux entreprises\",\"potentialAction\":[{\"@type\":\"SearchAction\",\"target\":{\"@type\":\"EntryPoint\",\"urlTemplate\":\"https:\/\/tangorh.ca\/?s={search_term_string}\"},\"query-input\":{\"@type\":\"PropertyValueSpecification\",\"valueRequired\":true,\"valueName\":\"search_term_string\"}}],\"inLanguage\":\"en-US\"}]}<\/script>\n<!-- \/ Yoast SEO Premium plugin. -->","yoast_head_json":{"title":"Practice written exams and job interview preparation - Tango Solutions RH","description":"Whether this is one of your first job searches, or you are returning to the job market, it\u2019s always stressful to come to a job interview or perform on a written exam.","robots":{"index":"index","follow":"follow","max-snippet":"max-snippet:-1","max-image-preview":"max-image-preview:large","max-video-preview":"max-video-preview:-1"},"canonical":"https:\/\/tangorh.ca\/en\/services-for-job-seekers\/let-us-propel-your-career\/practice-written-exams-and-job-interview-preparation\/","og_locale":"en_US","og_type":"article","og_title":"Practice written exams and job interview preparation","og_description":"Whether this is one of your first job searches, or you are returning to the job market, it\u2019s always stressful to come to a job interview or perform on a written exam.","og_url":"https:\/\/tangorh.ca\/en\/services-for-job-seekers\/let-us-propel-your-career\/practice-written-exams-and-job-interview-preparation\/","og_site_name":"Tango Solutions RH","article_modified_time":"2022-11-07T17:18:18+00:00","og_image":[{"width":2560,"height":1707,"url":"https:\/\/tangorh.ca\/wp-content\/uploads\/2022\/10\/positive-girl-in-wireless-headphones-speaks-by-vid-2021-09-02-18-41-47-utc-scaled.jpg","type":"image\/jpeg"}],"twitter_card":"summary_large_image","twitter_misc":{"Est. reading time":"2 minutes"},"schema":{"@context":"https:\/\/schema.org","@graph":[{"@type":"WebPage","@id":"https:\/\/tangorh.ca\/en\/services-for-job-seekers\/let-us-propel-your-career\/practice-written-exams-and-job-interview-preparation\/","url":"https:\/\/tangorh.ca\/en\/services-for-job-seekers\/let-us-propel-your-career\/practice-written-exams-and-job-interview-preparation\/","name":"Practice written exams and job interview preparation - Tango Solutions RH","isPartOf":{"@id":"https:\/\/tangorh.ca\/#website"},"primaryImageOfPage":{"@id":"https:\/\/tangorh.ca\/en\/services-for-job-seekers\/let-us-propel-your-career\/practice-written-exams-and-job-interview-preparation\/#primaryimage"},"image":{"@id":"https:\/\/tangorh.ca\/en\/services-for-job-seekers\/let-us-propel-your-career\/practice-written-exams-and-job-interview-preparation\/#primaryimage"},"thumbnailUrl":"https:\/\/tangorh.ca\/wp-content\/uploads\/2022\/10\/positive-girl-in-wireless-headphones-speaks-by-vid-2021-09-02-18-41-47-utc-scaled.jpg","datePublished":"2022-10-13T17:22:17+00:00","dateModified":"2022-11-07T17:18:18+00:00","description":"Whether this is one of your first job searches, or you are returning to the job market, it\u2019s always stressful to come to a job interview or perform on a written exam.","breadcrumb":{"@id":"https:\/\/tangorh.ca\/en\/services-for-job-seekers\/let-us-propel-your-career\/practice-written-exams-and-job-interview-preparation\/#breadcrumb"},"inLanguage":"en-US","potentialAction":[{"@type":"ReadAction","target":["https:\/\/tangorh.ca\/en\/services-for-job-seekers\/let-us-propel-your-career\/practice-written-exams-and-job-interview-preparation\/"]}]},{"@type":"ImageObject","inLanguage":"en-US","@id":"https:\/\/tangorh.ca\/en\/services-for-job-seekers\/let-us-propel-your-career\/practice-written-exams-and-job-interview-preparation\/#primaryimage","url":"https:\/\/tangorh.ca\/wp-content\/uploads\/2022\/10\/positive-girl-in-wireless-headphones-speaks-by-vid-2021-09-02-18-41-47-utc-scaled.jpg","contentUrl":"https:\/\/tangorh.ca\/wp-content\/uploads\/2022\/10\/positive-girl-in-wireless-headphones-speaks-by-vid-2021-09-02-18-41-47-utc-scaled.jpg","width":2560,"height":1707},{"@type":"BreadcrumbList","@id":"https:\/\/tangorh.ca\/en\/services-for-job-seekers\/let-us-propel-your-career\/practice-written-exams-and-job-interview-preparation\/#breadcrumb","itemListElement":[{"@type":"ListItem","position":1,"name":"Home","item":"https:\/\/tangorh.ca\/en\/"},{"@type":"ListItem","position":2,"name":"Services for job seekers","item":"https:\/\/tangorh.ca\/en\/services-for-job-seekers\/"},{"@type":"ListItem","position":3,"name":"Let us propel your career!","item":"https:\/\/tangorh.ca\/en\/services-for-job-seekers\/let-us-propel-your-career\/"},{"@type":"ListItem","position":4,"name":"Practice written exams and job interview preparation"}]},{"@type":"WebSite","@id":"https:\/\/tangorh.ca\/#website","url":"https:\/\/tangorh.ca\/","name":"Tango Solutions RH","description":"Services de chasse de t\u00eate | Recrutement | Placement | Soutien RH aux entreprises","potentialAction":[{"@type":"SearchAction","target":{"@type":"EntryPoint","urlTemplate":"https:\/\/tangorh.ca\/?s={search_term_string}"},"query-input":{"@type":"PropertyValueSpecification","valueRequired":true,"valueName":"search_term_string"}}],"inLanguage":"en-US"}]}},"_links":{"self":[{"href":"https:\/\/tangorh.ca\/en\/wp-json\/wp\/v2\/pages\/1237","targetHints":{"allow":["GET"]}}],"collection":[{"href":"https:\/\/tangorh.ca\/en\/wp-json\/wp\/v2\/pages"}],"about":[{"href":"https:\/\/tangorh.ca\/en\/wp-json\/wp\/v2\/types\/page"}],"author":[{"embeddable":true,"href":"https:\/\/tangorh.ca\/en\/wp-json\/wp\/v2\/users\/4"}],"replies":[{"embeddable":true,"href":"https:\/\/tangorh.ca\/en\/wp-json\/wp\/v2\/comments?post=1237"}],"version-history":[{"count":0,"href":"https:\/\/tangorh.ca\/en\/wp-json\/wp\/v2\/pages\/1237\/revisions"}],"up":[{"embeddable":true,"href":"https:\/\/tangorh.ca\/en\/wp-json\/wp\/v2\/pages\/1231"}],"wp:featuredmedia":[{"embeddable":true,"href":"https:\/\/tangorh.ca\/en\/wp-json\/wp\/v2\/media\/850"}],"wp:attachment":[{"href":"https:\/\/tangorh.ca\/en\/wp-json\/wp\/v2\/media?parent=1237"}],"curies":[{"name":"wp","href":"https:\/\/api.w.org\/{rel}","templated":true}]}}