{"id":1234,"date":"2022-10-13T13:22:57","date_gmt":"2022-10-13T17:22:57","guid":{"rendered":"https:\/\/tangorh.local\/services-for-job-seekers\/let-us-propel-your-career\/tests-de-personnalite-avec-rapport-detaille\/"},"modified":"2026-03-06T10:29:58","modified_gmt":"2026-03-06T15:29:58","slug":"personality-tests-with-detailed-report","status":"publish","type":"page","link":"https:\/\/tangorh.ca\/en\/services-for-job-seekers\/let-us-propel-your-career\/personality-tests-with-detailed-report\/","title":{"rendered":"Personality tests with detailed report"},"content":{"rendered":"<section id=\"hero-block_627d56861b8f979f8c19746dbbba5f85\" class=\"hero page-hero\">\r\n\r\n    \n\n<div class=\"wp-block-group hero-content is-layout-flow wp-block-group-is-layout-flow\">\n<figure class=\"wp-block-image hero-image\"><img decoding=\"async\" src=\"\/wp-content\/themes\/utopian\/assets\/images\/sample-1.jpg\" alt=\"\"\/><\/figure>\n\n\n\n<div class=\"wp-block-group hero-text is-layout-flow wp-block-group-is-layout-flow\"><div class=\"hero-breadcrumb\">\r\n    \n\n<div class=\"wp-block-buttons breadcrumb__links is-layout-flex wp-block-buttons-is-layout-flex\">\n<div class=\"wp-block-button\"><a class=\"wp-block-button__link wp-element-button\" href=\"https:\/\/tangorh.ca\/en\/services-for-job-seekers\/\">Services for job seekers<\/a><\/div>\n\n\n\n<div class=\"wp-block-button\"><a class=\"wp-block-button__link wp-element-button\" href=\"https:\/\/tangorh.ca\/en\/services-for-job-seekers\/let-us-propel-your-career\/\">Let us propel your career!<\/a><\/div>\n<\/div>\n\n\r\n<\/div>\n\n\n<div class=\"wp-block-group svg-block is-layout-flow wp-block-group-is-layout-flow\"><\/div>\n<\/div>\n<\/div>\n\n\r\n\r\n<\/section>\n\n\n<div style=\"height:4.5em\" aria-hidden=\"true\" class=\"wp-block-spacer\"><\/div>\n\n\n\r\n<section id=\"return-box-block_32923ce580e751abb88d205fb92b2260\" class=\"return-box\">\r\n    \n\n<div class=\"wp-block-group return-box__inner is-layout-flow wp-block-group-is-layout-flow\">\n<div class=\"wp-block-buttons return-box__buttons is-layout-flex wp-block-buttons-is-layout-flex\">\n<div class=\"wp-block-button return-box__button\"><a class=\"wp-block-button__link wp-element-button\" href=\"https:\/\/tangorh.ca\/en\/services-for-job-seekers\/let-us-propel-your-career\/\">Back to all services<\/a><\/div>\n<\/div>\n\n\n<div id=\"share-popup-block_132afad3e7ff1918c6c68b3e0ff04645\" class=\"share-popup\" data-invert-scroll=\"false\">\r\n\r\n    <div class=\"social-share-popup\">\r\n        <a href=\"https:\/\/www.addtoany.com\/add_to\/facebook?linkurl=https%3A%2F%2Ftangorh.ca%2Fen%2Fservices-for-job-seekers%2Flet-us-propel-your-career%2Fpersonality-tests-with-detailed-report%2F&amp;linkname=Personality+tests+with+detailed+report\" target=\"_blank\" rel=\"noopener noreferrer\">\r\n            <i class=\"fa-brands fa-facebook-f\"><\/i>\r\n        <\/a>\r\n\r\n        <a href=\"https:\/\/www.addtoany.com\/add_to\/facebook_messenger?linkurl=https%3A%2F%2Ftangorh.ca%2Fen%2Fservices-for-job-seekers%2Flet-us-propel-your-career%2Fpersonality-tests-with-detailed-report%2F&amp;linkname=Personality+tests+with+detailed+report\" target=\"_blank\" rel=\"noopener noreferrer\">\r\n            <i class=\"fa-brands fa-facebook-messenger\"><\/i>\r\n        <\/a>\r\n\r\n        <a href=\"https:\/\/www.addtoany.com\/add_to\/linkedin?linkurl=https%3A%2F%2Ftangorh.ca%2Fen%2Fservices-for-job-seekers%2Flet-us-propel-your-career%2Fpersonality-tests-with-detailed-report%2F&amp;linkname=Personality+tests+with+detailed+report\" target=\"_blank\" rel=\"noopener noreferrer\">\r\n            <i class=\"fa-brands fa-linkedin-in\"><\/i>\r\n        <\/a>\r\n\r\n        <a href=\"https:\/\/www.addtoany.com\/add_to\/twitter?linkurl=https%3A%2F%2Ftangorh.ca%2Fen%2Fservices-for-job-seekers%2Flet-us-propel-your-career%2Fpersonality-tests-with-detailed-report%2F&amp;linkname=Personality+tests+with+detailed+report\" target=\"_blank\" rel=\"noopener noreferrer\">\r\n            <i class=\"fa-brands fa-twitter\"><\/i>\r\n        <\/a>\r\n\r\n        <a href=\"mailto:?subject=Regarde \u00e7a!&amp;body=https%3A%2F%2Ftangorh.ca%2Fen%2Fservices-for-job-seekers%2Flet-us-propel-your-career%2Fpersonality-tests-with-detailed-report%2F\" target=\"_blank\" rel=\"noopener noreferrer\">\r\n            <i class=\"fa-light fa-envelope\"><\/i>\r\n        <\/a>\r\n\r\n        <div class=\"share-active\">\r\n            <i class=\"fa-regular fa-share-nodes\"><\/i>\r\n        <\/div>\r\n    <\/div>\r\n\r\n    \n\n<p class=\"share-popup-text\">Share<\/p>\n\n\r\n\r\n<\/div><\/div>\n\n\r\n<\/section>\n\n\r\n<section id=\"service-two-column-content-block_331373a563a60a490095323132f1d873\" class=\"service-two-column-content\">\r\n    \n\n<div class=\"wp-block-group service-two-column-content-container is-layout-flow wp-block-group-is-layout-flow\">\n<div class=\"wp-block-group service-two-column-content-container-left is-layout-flow wp-block-group-is-layout-flow\">\n<h2 class=\"wp-block-heading\" id=\"h-knowing-you-better-as-a-professional\"><strong>Knowing you better as a professional<\/strong><\/h2>\n\n\n\n<p>The Tango &#8211; HR Solutions team uses modern, effective tools to provide you with a detailed understanding of your personality profile and your employment strengths. This may even help you target the positions you are most suited for and in which you\u2019ll perform the best!<\/p>\n\n\n\n<p>The behavioural evaluations, with a detailed report, are an essential tool for you, and your future employer. By taking one of the evaluations, you can improve your job search file, even before the interview!<\/p>\n<\/div>\n\n\n\n<div class=\"wp-block-group service-two-column-content-container-right is-layout-flow wp-block-group-is-layout-flow\">\n<figure class=\"wp-block-image size-large\"><img loading=\"lazy\" decoding=\"async\" width=\"1024\" height=\"624\" src=\"https:\/\/tangorh.ca\/wp-content\/uploads\/2022\/09\/professional-psychologist-taking-notes-at-couple-m-2022-02-08-22-39-30-utc-1024x624.png\" alt=\"\" class=\"wp-image-211\" srcset=\"https:\/\/tangorh.ca\/wp-content\/uploads\/2022\/09\/professional-psychologist-taking-notes-at-couple-m-2022-02-08-22-39-30-utc-1024x624.png 1024w, https:\/\/tangorh.ca\/wp-content\/uploads\/2022\/09\/professional-psychologist-taking-notes-at-couple-m-2022-02-08-22-39-30-utc-300x183.png 300w, https:\/\/tangorh.ca\/wp-content\/uploads\/2022\/09\/professional-psychologist-taking-notes-at-couple-m-2022-02-08-22-39-30-utc-768x468.png 768w, https:\/\/tangorh.ca\/wp-content\/uploads\/2022\/09\/professional-psychologist-taking-notes-at-couple-m-2022-02-08-22-39-30-utc.png 1352w\" sizes=\"auto, (max-width: 1024px) 100vw, 1024px\" \/><\/figure>\n<\/div>\n<\/div>\n\n\r\n<\/section>\n\n\n<div style=\"height:100px\" aria-hidden=\"true\" class=\"wp-block-spacer\"><\/div>\n\n\n<section id=\"form-block-block_72b30024b4253658a25c02e7b3c866fd\" class=\"form-block\" data-selection=\"Let us propel your career!\"style=\"background-color: #343741;\">\r\n\r\n    \n\n<div class=\"wp-block-group form-block-container is-layout-flow wp-block-group-is-layout-flow\">\n<div class=\"wp-block-group form-block-content is-layout-flow wp-block-group-is-layout-flow\">\n<div class=\"wp-block-group form-block-content-left is-layout-flow wp-block-group-is-layout-flow\">\n<h2 class=\"wp-block-heading\" id=\"h-i-m-interested\"><strong><span style=\"color: #d8651f;\">I&#8217;M INTERESTED !<\/span><\/strong><\/h2>\n\n\n\n<h3 class=\"wp-block-heading\" id=\"h-i-want-to-meet-a-tango-team-member-for-a-discussion\">I want to meet a Tango team member for a discussion.<\/h3>\n<\/div>\n\n\n\n<div class=\"wp-block-group form-block-content-right is-layout-flow wp-block-group-is-layout-flow\"><\/div>\n<\/div>\n\n\n\n<div class=\"wp-block-group form-block-form is-layout-flow wp-block-group-is-layout-flow\">\n<div class=\"wp-block-group form-block-holder is-layout-flow wp-block-group-is-layout-flow\">\n<div class=\"wp-block-contact-form-7-contact-form-selector\">\n<div class=\"wpcf7 no-js\" id=\"wpcf7-f1419-o1\" lang=\"en-US\" dir=\"ltr\" data-wpcf7-id=\"1419\">\n<div class=\"screen-reader-response\"><p role=\"status\" aria-live=\"polite\" aria-atomic=\"true\"><\/p> <ul><\/ul><\/div>\n<form action=\"\/en\/wp-json\/wp\/v2\/pages\/1234#wpcf7-f1419-o1\" method=\"post\" class=\"wpcf7-form init\" aria-label=\"Contact form\" novalidate=\"novalidate\" data-status=\"init\">\n<div style=\"display: none;\">\n<input type=\"hidden\" name=\"_wpcf7\" value=\"1419\" \/>\n<input type=\"hidden\" name=\"_wpcf7_version\" value=\"6.0.6\" \/>\n<input type=\"hidden\" name=\"_wpcf7_locale\" value=\"en_US\" \/>\n<input type=\"hidden\" name=\"_wpcf7_unit_tag\" value=\"wpcf7-f1419-o1\" \/>\n<input type=\"hidden\" name=\"_wpcf7_container_post\" value=\"0\" \/>\n<input type=\"hidden\" name=\"_wpcf7_posted_data_hash\" value=\"\" \/>\n<input type=\"hidden\" name=\"_wpcf7_recaptcha_response\" value=\"\" \/>\n<\/div>\n<div class=\"form-cols\">\n<div class=\"form-col\">\n<span class=\"wpcf7-form-control-wrap\" data-name=\"prenom\"><input size=\"40\" maxlength=\"400\" class=\"wpcf7-form-control wpcf7-text wpcf7-validates-as-required\" aria-required=\"true\" aria-invalid=\"false\" placeholder=\"Name\" value=\"\" type=\"text\" name=\"prenom\" \/><\/span>\n<span class=\"wpcf7-form-control-wrap\" data-name=\"nom\"><input size=\"40\" maxlength=\"400\" class=\"wpcf7-form-control wpcf7-text wpcf7-validates-as-required\" aria-required=\"true\" aria-invalid=\"false\" placeholder=\"Last name\" value=\"\" type=\"text\" name=\"nom\" \/><\/span>\n<span class=\"wpcf7-form-control-wrap\" data-name=\"courriel\"><input size=\"40\" maxlength=\"400\" class=\"wpcf7-form-control wpcf7-email wpcf7-validates-as-required wpcf7-text wpcf7-validates-as-email\" aria-required=\"true\" aria-invalid=\"false\" placeholder=\"Email address\" value=\"\" type=\"email\" name=\"courriel\" \/><\/span>\n<span class=\"wpcf7-form-control-wrap\" data-name=\"telephone\"><input size=\"40\" maxlength=\"400\" class=\"wpcf7-form-control wpcf7-tel wpcf7-text wpcf7-validates-as-tel\" aria-invalid=\"false\" placeholder=\"Phone number\" value=\"\" type=\"tel\" name=\"telephone\" \/><\/span>\n<\/div>\n<div class=\"form-col\">\n<div class=\"selection\">\n<span class=\"wpcf7-form-control-wrap\" data-name=\"i-am\"><select class=\"wpcf7-form-control wpcf7-select\" aria-invalid=\"false\" name=\"i-am\"><option value=\"\">I am<\/option><option value=\"Job seeker\">Job seeker<\/option><option value=\"Employer\">Employer<\/option><\/select><\/span>\n<\/div>\n<span class=\"wpcf7-form-control-wrap\" data-name=\"sujet\"><input size=\"40\" maxlength=\"400\" class=\"wpcf7-form-control wpcf7-text\" aria-invalid=\"false\" placeholder=\"Subject\" value=\"\" type=\"text\" name=\"sujet\" \/><\/span>\n<span class=\"wpcf7-form-control-wrap\" data-name=\"message\"><textarea cols=\"40\" rows=\"10\" maxlength=\"2000\" class=\"wpcf7-form-control wpcf7-textarea\" aria-invalid=\"false\" placeholder=\"Message\" name=\"message\"><\/textarea><\/span>\n<\/div>\n<\/div>\n<input class=\"wpcf7-form-control wpcf7-submit has-spinner\" type=\"submit\" value=\"Send\" \/><div class=\"wpcf7-response-output\" aria-hidden=\"true\"><\/div>\n<\/form>\n<\/div>\n<\/div>\n<\/div>\n<\/div>\n<\/div>\n\n\r\n\r\n<\/section>","protected":false},"excerpt":{"rendered":"<p>Si vous postulez \u00e0 des emplois correspondant \u00e0 vos comp\u00e9tences sans jamais \u00eatre convoqu\u00e9 \u00e0 un entretien, il est peut-\u00eatre temps d&#8217;examiner votre CV de plus pr\u00e8s. <\/p>\n","protected":false},"author":4,"featured_media":773,"parent":1231,"menu_order":0,"comment_status":"closed","ping_status":"closed","template":"","meta":{"_acf_changed":false,"inline_featured_image":false,"footnotes":""},"class_list":["post-1234","page","type-page","status-publish","has-post-thumbnail","hentry"],"acf":[],"yoast_head":"<!-- This site is optimized with the Yoast SEO Premium plugin v24.9 (Yoast SEO v24.9) - https:\/\/yoast.com\/wordpress\/plugins\/seo\/ -->\n<title>Personality tests with detailed report - Tango Solutions RH<\/title>\n<meta name=\"description\" content=\"The Tango - HR Solutions team uses modern, effective tools to provide you with a detailed understanding of your personality profile and your employment strengths.\" \/>\n<meta name=\"robots\" content=\"index, follow, max-snippet:-1, max-image-preview:large, max-video-preview:-1\" \/>\n<link rel=\"canonical\" href=\"https:\/\/tangorh.ca\/en\/services-for-job-seekers\/let-us-propel-your-career\/personality-tests-with-detailed-report\/\" \/>\n<meta property=\"og:locale\" content=\"en_US\" \/>\n<meta property=\"og:type\" content=\"article\" \/>\n<meta property=\"og:title\" content=\"Personality tests with detailed report\" \/>\n<meta property=\"og:description\" content=\"The Tango - HR Solutions team uses modern, effective tools to provide you with a detailed understanding of your personality profile and your employment strengths.\" \/>\n<meta property=\"og:url\" content=\"https:\/\/tangorh.ca\/en\/services-for-job-seekers\/let-us-propel-your-career\/personality-tests-with-detailed-report\/\" \/>\n<meta property=\"og:site_name\" content=\"Tango Solutions RH\" \/>\n<meta property=\"article:modified_time\" content=\"2026-03-06T15:29:58+00:00\" \/>\n<meta property=\"og:image\" content=\"https:\/\/tangorh.ca\/wp-content\/uploads\/2022\/09\/professional-psychologist-taking-notes-at-couple-m-2022-02-08-22-39-30-utc-1024x624.png\" \/>\n\t<meta property=\"og:image:width\" content=\"1024\" \/>\n\t<meta property=\"og:image:height\" content=\"624\" \/>\n\t<meta property=\"og:image:type\" content=\"image\/png\" \/>\n<meta name=\"twitter:card\" content=\"summary_large_image\" \/>\n<meta name=\"twitter:label1\" content=\"Est. reading time\" \/>\n\t<meta name=\"twitter:data1\" content=\"2 minutes\" \/>\n<script type=\"application\/ld+json\" class=\"yoast-schema-graph\">{\"@context\":\"https:\/\/schema.org\",\"@graph\":[{\"@type\":\"WebPage\",\"@id\":\"https:\/\/tangorh.ca\/en\/services-for-job-seekers\/let-us-propel-your-career\/personality-tests-with-detailed-report\/\",\"url\":\"https:\/\/tangorh.ca\/en\/services-for-job-seekers\/let-us-propel-your-career\/personality-tests-with-detailed-report\/\",\"name\":\"Personality tests with detailed report - Tango Solutions RH\",\"isPartOf\":{\"@id\":\"https:\/\/tangorh.ca\/#website\"},\"primaryImageOfPage\":{\"@id\":\"https:\/\/tangorh.ca\/en\/services-for-job-seekers\/let-us-propel-your-career\/personality-tests-with-detailed-report\/#primaryimage\"},\"image\":{\"@id\":\"https:\/\/tangorh.ca\/en\/services-for-job-seekers\/let-us-propel-your-career\/personality-tests-with-detailed-report\/#primaryimage\"},\"thumbnailUrl\":\"https:\/\/tangorh.ca\/wp-content\/uploads\/2022\/09\/professional-psychologist-taking-notes-at-couple-m-2022-02-08-22-39-30-utc.png\",\"datePublished\":\"2022-10-13T17:22:57+00:00\",\"dateModified\":\"2026-03-06T15:29:58+00:00\",\"description\":\"The Tango - HR Solutions team uses modern, effective tools to provide you with a detailed understanding of your personality profile and your employment strengths.\",\"breadcrumb\":{\"@id\":\"https:\/\/tangorh.ca\/en\/services-for-job-seekers\/let-us-propel-your-career\/personality-tests-with-detailed-report\/#breadcrumb\"},\"inLanguage\":\"en-US\",\"potentialAction\":[{\"@type\":\"ReadAction\",\"target\":[\"https:\/\/tangorh.ca\/en\/services-for-job-seekers\/let-us-propel-your-career\/personality-tests-with-detailed-report\/\"]}]},{\"@type\":\"ImageObject\",\"inLanguage\":\"en-US\",\"@id\":\"https:\/\/tangorh.ca\/en\/services-for-job-seekers\/let-us-propel-your-career\/personality-tests-with-detailed-report\/#primaryimage\",\"url\":\"https:\/\/tangorh.ca\/wp-content\/uploads\/2022\/09\/professional-psychologist-taking-notes-at-couple-m-2022-02-08-22-39-30-utc.png\",\"contentUrl\":\"https:\/\/tangorh.ca\/wp-content\/uploads\/2022\/09\/professional-psychologist-taking-notes-at-couple-m-2022-02-08-22-39-30-utc.png\",\"width\":1352,\"height\":824},{\"@type\":\"BreadcrumbList\",\"@id\":\"https:\/\/tangorh.ca\/en\/services-for-job-seekers\/let-us-propel-your-career\/personality-tests-with-detailed-report\/#breadcrumb\",\"itemListElement\":[{\"@type\":\"ListItem\",\"position\":1,\"name\":\"Home\",\"item\":\"https:\/\/tangorh.ca\/en\/\"},{\"@type\":\"ListItem\",\"position\":2,\"name\":\"Services for job seekers\",\"item\":\"https:\/\/tangorh.ca\/en\/services-for-job-seekers\/\"},{\"@type\":\"ListItem\",\"position\":3,\"name\":\"Let us propel your career!\",\"item\":\"https:\/\/tangorh.ca\/en\/services-for-job-seekers\/let-us-propel-your-career\/\"},{\"@type\":\"ListItem\",\"position\":4,\"name\":\"Personality tests with detailed report\"}]},{\"@type\":\"WebSite\",\"@id\":\"https:\/\/tangorh.ca\/#website\",\"url\":\"https:\/\/tangorh.ca\/\",\"name\":\"Tango Solutions RH\",\"description\":\"Services de chasse de t\u00eate | Recrutement | Placement | Soutien RH aux entreprises\",\"potentialAction\":[{\"@type\":\"SearchAction\",\"target\":{\"@type\":\"EntryPoint\",\"urlTemplate\":\"https:\/\/tangorh.ca\/?s={search_term_string}\"},\"query-input\":{\"@type\":\"PropertyValueSpecification\",\"valueRequired\":true,\"valueName\":\"search_term_string\"}}],\"inLanguage\":\"en-US\"}]}<\/script>\n<!-- \/ Yoast SEO Premium plugin. -->","yoast_head_json":{"title":"Personality tests with detailed report - Tango Solutions RH","description":"The Tango - HR Solutions team uses modern, effective tools to provide you with a detailed understanding of your personality profile and your employment strengths.","robots":{"index":"index","follow":"follow","max-snippet":"max-snippet:-1","max-image-preview":"max-image-preview:large","max-video-preview":"max-video-preview:-1"},"canonical":"https:\/\/tangorh.ca\/en\/services-for-job-seekers\/let-us-propel-your-career\/personality-tests-with-detailed-report\/","og_locale":"en_US","og_type":"article","og_title":"Personality tests with detailed report","og_description":"The Tango - HR Solutions team uses modern, effective tools to provide you with a detailed understanding of your personality profile and your employment strengths.","og_url":"https:\/\/tangorh.ca\/en\/services-for-job-seekers\/let-us-propel-your-career\/personality-tests-with-detailed-report\/","og_site_name":"Tango Solutions RH","article_modified_time":"2026-03-06T15:29:58+00:00","og_image":[{"width":1024,"height":624,"url":"https:\/\/tangorh.ca\/wp-content\/uploads\/2022\/09\/professional-psychologist-taking-notes-at-couple-m-2022-02-08-22-39-30-utc-1024x624.png","type":"image\/png"}],"twitter_card":"summary_large_image","twitter_misc":{"Est. reading time":"2 minutes"},"schema":{"@context":"https:\/\/schema.org","@graph":[{"@type":"WebPage","@id":"https:\/\/tangorh.ca\/en\/services-for-job-seekers\/let-us-propel-your-career\/personality-tests-with-detailed-report\/","url":"https:\/\/tangorh.ca\/en\/services-for-job-seekers\/let-us-propel-your-career\/personality-tests-with-detailed-report\/","name":"Personality tests with detailed report - Tango Solutions RH","isPartOf":{"@id":"https:\/\/tangorh.ca\/#website"},"primaryImageOfPage":{"@id":"https:\/\/tangorh.ca\/en\/services-for-job-seekers\/let-us-propel-your-career\/personality-tests-with-detailed-report\/#primaryimage"},"image":{"@id":"https:\/\/tangorh.ca\/en\/services-for-job-seekers\/let-us-propel-your-career\/personality-tests-with-detailed-report\/#primaryimage"},"thumbnailUrl":"https:\/\/tangorh.ca\/wp-content\/uploads\/2022\/09\/professional-psychologist-taking-notes-at-couple-m-2022-02-08-22-39-30-utc.png","datePublished":"2022-10-13T17:22:57+00:00","dateModified":"2026-03-06T15:29:58+00:00","description":"The Tango - HR Solutions team uses modern, effective tools to provide you with a detailed understanding of your personality profile and your employment strengths.","breadcrumb":{"@id":"https:\/\/tangorh.ca\/en\/services-for-job-seekers\/let-us-propel-your-career\/personality-tests-with-detailed-report\/#breadcrumb"},"inLanguage":"en-US","potentialAction":[{"@type":"ReadAction","target":["https:\/\/tangorh.ca\/en\/services-for-job-seekers\/let-us-propel-your-career\/personality-tests-with-detailed-report\/"]}]},{"@type":"ImageObject","inLanguage":"en-US","@id":"https:\/\/tangorh.ca\/en\/services-for-job-seekers\/let-us-propel-your-career\/personality-tests-with-detailed-report\/#primaryimage","url":"https:\/\/tangorh.ca\/wp-content\/uploads\/2022\/09\/professional-psychologist-taking-notes-at-couple-m-2022-02-08-22-39-30-utc.png","contentUrl":"https:\/\/tangorh.ca\/wp-content\/uploads\/2022\/09\/professional-psychologist-taking-notes-at-couple-m-2022-02-08-22-39-30-utc.png","width":1352,"height":824},{"@type":"BreadcrumbList","@id":"https:\/\/tangorh.ca\/en\/services-for-job-seekers\/let-us-propel-your-career\/personality-tests-with-detailed-report\/#breadcrumb","itemListElement":[{"@type":"ListItem","position":1,"name":"Home","item":"https:\/\/tangorh.ca\/en\/"},{"@type":"ListItem","position":2,"name":"Services for job seekers","item":"https:\/\/tangorh.ca\/en\/services-for-job-seekers\/"},{"@type":"ListItem","position":3,"name":"Let us propel your career!","item":"https:\/\/tangorh.ca\/en\/services-for-job-seekers\/let-us-propel-your-career\/"},{"@type":"ListItem","position":4,"name":"Personality tests with detailed report"}]},{"@type":"WebSite","@id":"https:\/\/tangorh.ca\/#website","url":"https:\/\/tangorh.ca\/","name":"Tango Solutions RH","description":"Services de chasse de t\u00eate | Recrutement | Placement | Soutien RH aux entreprises","potentialAction":[{"@type":"SearchAction","target":{"@type":"EntryPoint","urlTemplate":"https:\/\/tangorh.ca\/?s={search_term_string}"},"query-input":{"@type":"PropertyValueSpecification","valueRequired":true,"valueName":"search_term_string"}}],"inLanguage":"en-US"}]}},"_links":{"self":[{"href":"https:\/\/tangorh.ca\/en\/wp-json\/wp\/v2\/pages\/1234","targetHints":{"allow":["GET"]}}],"collection":[{"href":"https:\/\/tangorh.ca\/en\/wp-json\/wp\/v2\/pages"}],"about":[{"href":"https:\/\/tangorh.ca\/en\/wp-json\/wp\/v2\/types\/page"}],"author":[{"embeddable":true,"href":"https:\/\/tangorh.ca\/en\/wp-json\/wp\/v2\/users\/4"}],"replies":[{"embeddable":true,"href":"https:\/\/tangorh.ca\/en\/wp-json\/wp\/v2\/comments?post=1234"}],"version-history":[{"count":1,"href":"https:\/\/tangorh.ca\/en\/wp-json\/wp\/v2\/pages\/1234\/revisions"}],"predecessor-version":[{"id":4171,"href":"https:\/\/tangorh.ca\/en\/wp-json\/wp\/v2\/pages\/1234\/revisions\/4171"}],"up":[{"embeddable":true,"href":"https:\/\/tangorh.ca\/en\/wp-json\/wp\/v2\/pages\/1231"}],"wp:featuredmedia":[{"embeddable":true,"href":"https:\/\/tangorh.ca\/en\/wp-json\/wp\/v2\/media\/773"}],"wp:attachment":[{"href":"https:\/\/tangorh.ca\/en\/wp-json\/wp\/v2\/media?parent=1234"}],"curies":[{"name":"wp","href":"https:\/\/api.w.org\/{rel}","templated":true}]}}