{"id":1231,"date":"2022-10-08T16:43:57","date_gmt":"2022-10-08T20:43:57","guid":{"rendered":"https:\/\/tangorh.local\/services-for-job-seekers\/services-de-propulsion-de-carriere\/"},"modified":"2026-03-06T10:28:13","modified_gmt":"2026-03-06T15:28:13","slug":"let-us-propel-your-career","status":"publish","type":"page","link":"https:\/\/tangorh.ca\/en\/services-for-job-seekers\/let-us-propel-your-career\/","title":{"rendered":"Let us propel your career!"},"content":{"rendered":"<section id=\"hero-block_176dabbcde77387394694da0d13b7337\" class=\"hero page-hero\">\r\n\r\n    \n\n<div class=\"wp-block-group hero-content is-layout-flow wp-block-group-is-layout-flow\">\n<figure class=\"wp-block-image hero-image\"><img decoding=\"async\" src=\"https:\/\/tangorh.ca\/wp-content\/themes\/utopian\/assets\/images\/sample-1.jpg\" alt=\"\"\/><\/figure>\n\n\n\n<div class=\"wp-block-group hero-text is-layout-flow wp-block-group-is-layout-flow\"><div class=\"hero-breadcrumb\">\r\n    \n\n<div class=\"wp-block-buttons breadcrumb__links is-layout-flex wp-block-buttons-is-layout-flex\">\n<div class=\"wp-block-button\"><a class=\"wp-block-button__link wp-element-button\" href=\"https:\/\/tangorh.ca\/en\/services-for-job-seekers\/\">Services for job seekers<\/a><\/div>\n\n\n\n<div class=\"wp-block-button\"><a class=\"wp-block-button__link wp-element-button\" href=\"https:\/\/tangorh.ca\/en\/services-for-job-seekers\/let-us-propel-your-career\/\">Let us propel your career!<\/a><\/div>\n<\/div>\n\n\r\n<\/div>\n\n\n<div class=\"wp-block-group svg-block is-layout-flow wp-block-group-is-layout-flow\"><\/div>\n<\/div>\n<\/div>\n\n\r\n\r\n<\/section>\n\n<section id=\"blurry-image-content-block_e9f766f1fe135fe1b1a304df0cb8f73b\" class=\"blurry-image-content\">\r\n\r\n    \n\n<div class=\"wp-block-group blurry-image-content-text is-layout-flow wp-block-group-is-layout-flow\">\n<h1 class=\"wp-block-heading\" id=\"h-let-us-propel-your-career\">Let us propel<br><strong><span style=\"color: #d8651f;\">YOUR CAREER!<\/span><\/strong><\/h1>\n\n\n\n<p>Our team of recruiting and job hunting experts won\u2019t just connect you with positions that will inspire you. We also want to see your career evolve and make sure you stand out to your future employer.<\/p>\n\n\n\n<p><strong>Learn about our various <a href=\"https:\/\/tangorh.ca\/en\/services-for-job-seekers\/\">services for job seekers<\/a> and schedule a meeting with one of our experts to discuss your needs, get a support proposal and\u2026get on the dance floor!<\/strong><\/p>\n<\/div>\n\n\n\n<div class=\"wp-block-group blurry-image-content-image is-layout-flow wp-block-group-is-layout-flow\">\n<figure class=\"wp-block-image size-large blurry-image-content--image\"><img loading=\"lazy\" decoding=\"async\" width=\"1024\" height=\"879\" src=\"https:\/\/tangorh.ca\/wp-content\/uploads\/2022\/09\/sample-1-scaled-e1666291134292-1024x879.jpg\" alt=\"\" class=\"wp-image-76\" srcset=\"https:\/\/tangorh.ca\/wp-content\/uploads\/2022\/09\/sample-1-scaled-e1666291134292-1024x879.jpg 1024w, https:\/\/tangorh.ca\/wp-content\/uploads\/2022\/09\/sample-1-scaled-e1666291134292-300x257.jpg 300w, https:\/\/tangorh.ca\/wp-content\/uploads\/2022\/09\/sample-1-scaled-e1666291134292-768x659.jpg 768w, https:\/\/tangorh.ca\/wp-content\/uploads\/2022\/09\/sample-1-scaled-e1666291134292-1536x1318.jpg 1536w, https:\/\/tangorh.ca\/wp-content\/uploads\/2022\/09\/sample-1-scaled-e1666291134292.jpg 1990w\" sizes=\"auto, (max-width: 1024px) 100vw, 1024px\" \/><figcaption class=\"wp-element-caption\">Successful professionals. Young modern man talking on the phone and smiling while working in the office<\/figcaption><\/figure>\n\n\n\n<div class=\"wp-block-group blurry-image-content--textbox is-layout-flow wp-block-group-is-layout-flow\"><div id=\"link-list-block_bb1746e133d971a8d504c415ac559001\" class=\"link-list\">\r\n    \n\n<div class=\"wp-block-buttons is-layout-flex wp-block-buttons-is-layout-flex\">\n<div class=\"wp-block-button\"><a class=\"wp-block-button__link wp-element-button\" href=\"https:\/\/tangorh.ca\/en\/services-for-job-seekers\/why-choose-tango\/\">Why choose Tango<\/a><\/div>\n\n\n\n<div class=\"wp-block-button\"><a class=\"wp-block-button__link wp-element-button\" href=\"https:\/\/tangorh.ca\/en\/services-for-job-seekers\/let-us-propel-your-career\/\">Let us propel your career!<\/a><\/div>\n\n\n\n<div class=\"wp-block-button\"><a class=\"wp-block-button__link wp-element-button\" href=\"https:\/\/tangorh.ca\/en\/services-for-job-seekers\/our-approach\/\">Our approach<\/a><\/div>\n\n\n\n<div class=\"wp-block-button\"><a class=\"wp-block-button__link wp-element-button\" href=\"https:\/\/tangorh.ca\/en\/profil\" target=\"_blank\" rel=\"noreferrer noopener\">Create your Tango profile<\/a><\/div>\n\n\n\n<div class=\"wp-block-button\"><a class=\"wp-block-button__link wp-element-button\" href=\"https:\/\/tangorh.ca\/en\/services-for-job-seekers\/offres-demploi\/\">Job offers<\/a><\/div>\n\n\n\n<div class=\"wp-block-button\"><a class=\"wp-block-button__link wp-element-button\" href=\"https:\/\/tangorh.ca\/en\/services-for-job-seekers\/faq\/\">FAQ<\/a><\/div>\n<\/div>\n\n\r\n    <div class=\"scroller-btn\"><i class=\"fa-regular fa-arrow-down-long\"><\/i><\/div>\r\n<\/div><\/div>\n<\/div>\n\n\r\n\r\n<\/section>\n\n\r\n<section id=\"documents-board-block_f5ebafea1e875fe54f31a510cd5b6b8f\" class=\"documents-board\">\r\n    \n\n<div class=\"wp-block-group documents-board-container is-layout-flow wp-block-group-is-layout-flow\">\r\n<div id=\"documents-board-item-block_9a36e9f7730a5e3d01ab70cd275fd6ab\" class=\"documents-board-item\">\r\n    \n\n<div class=\"wp-block-group documents-board-item-container is-layout-flow wp-block-group-is-layout-flow\">\n\n\n<h3 class=\"wp-block-heading\" id=\"h-curriculum-vitae\">CURRICULUM VITAE<\/h3>\n\n\n\n<p>We\u2019ll draft a professional CV for you, or optimize your current CV.<\/p>\n\n\n\n<div class=\"wp-block-buttons is-layout-flex wp-block-buttons-is-layout-flex\">\n<div class=\"wp-block-button\"><a class=\"wp-block-button__link wp-element-button\" href=\"https:\/\/tangorh.ca\/en\/services-for-job-seekers\/let-us-propel-your-career\/curriculum-vitae-and-application-letter\/\">Learn more<\/a><\/div>\n<\/div>\n<\/div>\n\n\r\n<\/div>\n\n\r\n<div id=\"documents-board-item-block_ea55d66c33f5cbf2561ba98811092e61\" class=\"documents-board-item\">\r\n    \n\n<div class=\"wp-block-group documents-board-item-container is-layout-flow wp-block-group-is-layout-flow\">\n\n\n<h3 class=\"wp-block-heading\" id=\"h-application-letter\">APPLICATION LETTER<\/h3>\n\n\n\n<p>We\u2019ll draft a professional CV for you, or optimize your current CV.<\/p>\n\n\n\n<div class=\"wp-block-buttons is-layout-flex wp-block-buttons-is-layout-flex\">\n<div class=\"wp-block-button\"><a class=\"wp-block-button__link wp-element-button\" href=\"https:\/\/tangorh.ca\/en\/services-for-job-seekers\/let-us-propel-your-career\/curriculum-vitae-and-application-letter\/\">Learn more<\/a><\/div>\n<\/div>\n<\/div>\n\n\r\n<\/div>\n\n\r\n<div id=\"documents-board-item-block_4aa5e88800cab09a92ecbfd287640e53\" class=\"documents-board-item\">\r\n    \n\n<div class=\"wp-block-group documents-board-item-container is-layout-flow wp-block-group-is-layout-flow\">\n\n\n<h3 class=\"wp-block-heading\" id=\"h-linkedin-profile\">LINKEDIN PROFILE<\/h3>\n\n\n\n<p>Creating and optimizing your LinkedIn profile and your keywords<br>Training sessions with Kimberly Biggs, CEO of Agence Pop<\/p>\n\n\n\n<div class=\"wp-block-buttons is-layout-flex wp-block-buttons-is-layout-flex\">\n<div class=\"wp-block-button\"><a class=\"wp-block-button__link wp-element-button\" href=\"https:\/\/tangorh.ca\/en\/services-for-job-seekers\/let-us-propel-your-career\/linkedin-profile\/\">Learn more<\/a><\/div>\n<\/div>\n<\/div>\n\n\r\n<\/div>\n\n\r\n<div id=\"documents-board-item-block_f3305f77a8fdbda453061788b2e8d3b3\" class=\"documents-board-item\">\r\n    \n\n<div class=\"wp-block-group documents-board-item-container is-layout-flow wp-block-group-is-layout-flow\">\n\n\n<h3 class=\"wp-block-heading\" id=\"h-job-interview-preparation\">JOB INTERVIEW PREPARATION<\/h3>\n\n\n\n<p>Interview and meeting simulations (in person and via the internet)<\/p>\n\n\n\n<div class=\"wp-block-buttons is-layout-flex wp-block-buttons-is-layout-flex\">\n<div class=\"wp-block-button\"><a class=\"wp-block-button__link wp-element-button\" href=\"https:\/\/tangorh.ca\/en\/services-for-job-seekers\/let-us-propel-your-career\/practice-written-exams-and-job-interview-preparation\/\">Learn more<\/a><\/div>\n<\/div>\n<\/div>\n\n\r\n<\/div>\n\n\r\n<div id=\"documents-board-item-block_1707595081ecefe73a157ef47410dc1b\" class=\"documents-board-item\">\r\n    \n\n<div class=\"wp-block-group documents-board-item-container is-layout-flow wp-block-group-is-layout-flow\">\n\n\n<h3 class=\"wp-block-heading\" id=\"h-practice-written-exams\">PRACTICE WRITTEN EXAMS<\/h3>\n\n\n\n<p>Technical competency exam simulations<\/p>\n\n\n\n<div class=\"wp-block-buttons is-layout-flex wp-block-buttons-is-layout-flex\">\n<div class=\"wp-block-button\"><a class=\"wp-block-button__link wp-element-button\" href=\"https:\/\/tangorh.ca\/en\/services-for-job-seekers\/let-us-propel-your-career\/practice-written-exams-and-job-interview-preparation\/\">Learn more<\/a><\/div>\n<\/div>\n<\/div>\n\n\r\n<\/div>\n\n\r\n<div id=\"documents-board-item-block_a0a0a0a72d2da256cabe66d02c823fd4\" class=\"documents-board-item\">\r\n    \n\n<div class=\"wp-block-group documents-board-item-container is-layout-flow wp-block-group-is-layout-flow\">\n\n\n<h3 class=\"wp-block-heading\" id=\"h-personality-evaluation-with-detailed-report\">PERSONALITY EVALUATION WITH DETAILED REPORT<\/h3>\n\n\n\n<p>Evaluating to better define your behavioural competency profile<\/p>\n\n\n\n<div class=\"wp-block-buttons is-layout-flex wp-block-buttons-is-layout-flex\">\n<div class=\"wp-block-button\"><a class=\"wp-block-button__link wp-element-button\" href=\"https:\/\/tangorh.ca\/en\/services-for-job-seekers\/let-us-propel-your-career\/personality-tests-with-detailed-report\/\">Learn more<\/a><\/div>\n<\/div>\n<\/div>\n\n\r\n<\/div><\/div>\n\n\r\n<\/section>\n\n\n<div class=\"wp-block-group alignfull has-light-gray-background-color has-background is-layout-constrained wp-block-group-is-layout-constrained\">\n<div style=\"height:1em\" aria-hidden=\"true\" class=\"wp-block-spacer\"><\/div>\n\n\n\n<h3 class=\"wp-block-heading has-text-align-center\" id=\"h-looking-for-a-job-or-curious-to-explore-new-opportunities\">Looking for a job or curious to explore new opportunities?<\/h3>\n\n\n\n<div class=\"wp-block-buttons is-style-long-buttons is-content-justification-center is-layout-flex wp-container-core-buttons-is-layout-16018d1d wp-block-buttons-is-layout-flex\">\n<div class=\"wp-block-button aligncenter\"><a class=\"wp-block-button__link wp-element-button\" href=\"https:\/\/tangorh.ca\/en\/services-for-job-seekers\/offres-demploi\/\">View job postings<\/a><\/div>\n<\/div>\n\n\n\n<div style=\"height:6em\" aria-hidden=\"true\" class=\"wp-block-spacer\"><\/div>\n<\/div>\n","protected":false},"excerpt":{"rendered":"<p>Notre \u00e9quipe d\u2019experts en recrutement et en placement vise non seulement \u00e0 vous proposer des postes qui vous inspirent &#8211; nous souhaitons vous permettre de faire \u00e9voluer votre carri\u00e8re et de vous d\u00e9marquer aupr\u00e8s de votre futur employeur.<\/p>\n","protected":false},"author":1,"featured_media":860,"parent":1225,"menu_order":66,"comment_status":"closed","ping_status":"closed","template":"","meta":{"_acf_changed":false,"inline_featured_image":false,"footnotes":""},"class_list":["post-1231","page","type-page","status-publish","has-post-thumbnail","hentry"],"acf":[],"yoast_head":"<!-- This site is optimized with the Yoast SEO Premium plugin v24.9 (Yoast SEO v24.9) - https:\/\/yoast.com\/wordpress\/plugins\/seo\/ -->\n<title>Propel Your Career with Tango \u2013 HR Solutions | Gatineau &amp; Ottawa<\/title>\n<meta name=\"description\" content=\"Let Tango \u2013 HR Solutions propel your career in Gatineau and Ottawa. Personalized career services to help you achieve your professional goals.\" \/>\n<meta name=\"robots\" content=\"index, follow, max-snippet:-1, max-image-preview:large, max-video-preview:-1\" \/>\n<link rel=\"canonical\" href=\"https:\/\/tangorh.ca\/en\/services-for-job-seekers\/let-us-propel-your-career\/\" \/>\n<meta property=\"og:locale\" content=\"en_US\" \/>\n<meta property=\"og:type\" content=\"article\" \/>\n<meta property=\"og:title\" content=\"Let us propel your career!\" \/>\n<meta property=\"og:description\" content=\"Let Tango \u2013 HR Solutions propel your career in Gatineau and Ottawa. Personalized career services to help you achieve your professional goals.\" \/>\n<meta property=\"og:url\" content=\"https:\/\/tangorh.ca\/en\/services-for-job-seekers\/let-us-propel-your-career\/\" \/>\n<meta property=\"og:site_name\" content=\"Tango Solutions RH\" \/>\n<meta property=\"article:modified_time\" content=\"2026-03-06T15:28:13+00:00\" \/>\n<meta property=\"og:image\" content=\"https:\/\/tangorh.ca\/wp-content\/uploads\/2022\/10\/tango.png\" \/>\n\t<meta property=\"og:image:width\" content=\"1200\" \/>\n\t<meta property=\"og:image:height\" content=\"630\" \/>\n\t<meta property=\"og:image:type\" content=\"image\/png\" \/>\n<meta name=\"twitter:card\" content=\"summary_large_image\" \/>\n<meta name=\"twitter:label1\" content=\"Est. reading time\" \/>\n\t<meta name=\"twitter:data1\" content=\"2 minutes\" \/>\n<script type=\"application\/ld+json\" class=\"yoast-schema-graph\">{\"@context\":\"https:\/\/schema.org\",\"@graph\":[{\"@type\":\"WebPage\",\"@id\":\"https:\/\/tangorh.ca\/en\/services-for-job-seekers\/let-us-propel-your-career\/\",\"url\":\"https:\/\/tangorh.ca\/en\/services-for-job-seekers\/let-us-propel-your-career\/\",\"name\":\"Propel Your Career with Tango \u2013 HR Solutions | Gatineau & Ottawa\",\"isPartOf\":{\"@id\":\"https:\/\/tangorh.ca\/#website\"},\"primaryImageOfPage\":{\"@id\":\"https:\/\/tangorh.ca\/en\/services-for-job-seekers\/let-us-propel-your-career\/#primaryimage\"},\"image\":{\"@id\":\"https:\/\/tangorh.ca\/en\/services-for-job-seekers\/let-us-propel-your-career\/#primaryimage\"},\"thumbnailUrl\":\"https:\/\/tangorh.ca\/wp-content\/uploads\/2022\/10\/tango.png\",\"datePublished\":\"2022-10-08T20:43:57+00:00\",\"dateModified\":\"2026-03-06T15:28:13+00:00\",\"description\":\"Let Tango \u2013 HR Solutions propel your career in Gatineau and Ottawa. Personalized career services to help you achieve your professional goals.\",\"breadcrumb\":{\"@id\":\"https:\/\/tangorh.ca\/en\/services-for-job-seekers\/let-us-propel-your-career\/#breadcrumb\"},\"inLanguage\":\"en-US\",\"potentialAction\":[{\"@type\":\"ReadAction\",\"target\":[\"https:\/\/tangorh.ca\/en\/services-for-job-seekers\/let-us-propel-your-career\/\"]}]},{\"@type\":\"ImageObject\",\"inLanguage\":\"en-US\",\"@id\":\"https:\/\/tangorh.ca\/en\/services-for-job-seekers\/let-us-propel-your-career\/#primaryimage\",\"url\":\"https:\/\/tangorh.ca\/wp-content\/uploads\/2022\/10\/tango.png\",\"contentUrl\":\"https:\/\/tangorh.ca\/wp-content\/uploads\/2022\/10\/tango.png\",\"width\":1200,\"height\":630},{\"@type\":\"BreadcrumbList\",\"@id\":\"https:\/\/tangorh.ca\/en\/services-for-job-seekers\/let-us-propel-your-career\/#breadcrumb\",\"itemListElement\":[{\"@type\":\"ListItem\",\"position\":1,\"name\":\"Home\",\"item\":\"https:\/\/tangorh.ca\/en\/\"},{\"@type\":\"ListItem\",\"position\":2,\"name\":\"Services for job seekers\",\"item\":\"https:\/\/tangorh.ca\/en\/services-for-job-seekers\/\"},{\"@type\":\"ListItem\",\"position\":3,\"name\":\"Let us propel your career!\"}]},{\"@type\":\"WebSite\",\"@id\":\"https:\/\/tangorh.ca\/#website\",\"url\":\"https:\/\/tangorh.ca\/\",\"name\":\"Tango Solutions RH\",\"description\":\"Services de chasse de t\u00eate | Recrutement | Placement | Soutien RH aux entreprises\",\"potentialAction\":[{\"@type\":\"SearchAction\",\"target\":{\"@type\":\"EntryPoint\",\"urlTemplate\":\"https:\/\/tangorh.ca\/?s={search_term_string}\"},\"query-input\":{\"@type\":\"PropertyValueSpecification\",\"valueRequired\":true,\"valueName\":\"search_term_string\"}}],\"inLanguage\":\"en-US\"}]}<\/script>\n<!-- \/ Yoast SEO Premium plugin. -->","yoast_head_json":{"title":"Propel Your Career with Tango \u2013 HR Solutions | Gatineau & Ottawa","description":"Let Tango \u2013 HR Solutions propel your career in Gatineau and Ottawa. Personalized career services to help you achieve your professional goals.","robots":{"index":"index","follow":"follow","max-snippet":"max-snippet:-1","max-image-preview":"max-image-preview:large","max-video-preview":"max-video-preview:-1"},"canonical":"https:\/\/tangorh.ca\/en\/services-for-job-seekers\/let-us-propel-your-career\/","og_locale":"en_US","og_type":"article","og_title":"Let us propel your career!","og_description":"Let Tango \u2013 HR Solutions propel your career in Gatineau and Ottawa. Personalized career services to help you achieve your professional goals.","og_url":"https:\/\/tangorh.ca\/en\/services-for-job-seekers\/let-us-propel-your-career\/","og_site_name":"Tango Solutions RH","article_modified_time":"2026-03-06T15:28:13+00:00","og_image":[{"width":1200,"height":630,"url":"https:\/\/tangorh.ca\/wp-content\/uploads\/2022\/10\/tango.png","type":"image\/png"}],"twitter_card":"summary_large_image","twitter_misc":{"Est. reading time":"2 minutes"},"schema":{"@context":"https:\/\/schema.org","@graph":[{"@type":"WebPage","@id":"https:\/\/tangorh.ca\/en\/services-for-job-seekers\/let-us-propel-your-career\/","url":"https:\/\/tangorh.ca\/en\/services-for-job-seekers\/let-us-propel-your-career\/","name":"Propel Your Career with Tango \u2013 HR Solutions | Gatineau & Ottawa","isPartOf":{"@id":"https:\/\/tangorh.ca\/#website"},"primaryImageOfPage":{"@id":"https:\/\/tangorh.ca\/en\/services-for-job-seekers\/let-us-propel-your-career\/#primaryimage"},"image":{"@id":"https:\/\/tangorh.ca\/en\/services-for-job-seekers\/let-us-propel-your-career\/#primaryimage"},"thumbnailUrl":"https:\/\/tangorh.ca\/wp-content\/uploads\/2022\/10\/tango.png","datePublished":"2022-10-08T20:43:57+00:00","dateModified":"2026-03-06T15:28:13+00:00","description":"Let Tango \u2013 HR Solutions propel your career in Gatineau and Ottawa. Personalized career services to help you achieve your professional goals.","breadcrumb":{"@id":"https:\/\/tangorh.ca\/en\/services-for-job-seekers\/let-us-propel-your-career\/#breadcrumb"},"inLanguage":"en-US","potentialAction":[{"@type":"ReadAction","target":["https:\/\/tangorh.ca\/en\/services-for-job-seekers\/let-us-propel-your-career\/"]}]},{"@type":"ImageObject","inLanguage":"en-US","@id":"https:\/\/tangorh.ca\/en\/services-for-job-seekers\/let-us-propel-your-career\/#primaryimage","url":"https:\/\/tangorh.ca\/wp-content\/uploads\/2022\/10\/tango.png","contentUrl":"https:\/\/tangorh.ca\/wp-content\/uploads\/2022\/10\/tango.png","width":1200,"height":630},{"@type":"BreadcrumbList","@id":"https:\/\/tangorh.ca\/en\/services-for-job-seekers\/let-us-propel-your-career\/#breadcrumb","itemListElement":[{"@type":"ListItem","position":1,"name":"Home","item":"https:\/\/tangorh.ca\/en\/"},{"@type":"ListItem","position":2,"name":"Services for job seekers","item":"https:\/\/tangorh.ca\/en\/services-for-job-seekers\/"},{"@type":"ListItem","position":3,"name":"Let us propel your career!"}]},{"@type":"WebSite","@id":"https:\/\/tangorh.ca\/#website","url":"https:\/\/tangorh.ca\/","name":"Tango Solutions RH","description":"Services de chasse de t\u00eate | Recrutement | Placement | Soutien RH aux entreprises","potentialAction":[{"@type":"SearchAction","target":{"@type":"EntryPoint","urlTemplate":"https:\/\/tangorh.ca\/?s={search_term_string}"},"query-input":{"@type":"PropertyValueSpecification","valueRequired":true,"valueName":"search_term_string"}}],"inLanguage":"en-US"}]}},"_links":{"self":[{"href":"https:\/\/tangorh.ca\/en\/wp-json\/wp\/v2\/pages\/1231","targetHints":{"allow":["GET"]}}],"collection":[{"href":"https:\/\/tangorh.ca\/en\/wp-json\/wp\/v2\/pages"}],"about":[{"href":"https:\/\/tangorh.ca\/en\/wp-json\/wp\/v2\/types\/page"}],"author":[{"embeddable":true,"href":"https:\/\/tangorh.ca\/en\/wp-json\/wp\/v2\/users\/1"}],"replies":[{"embeddable":true,"href":"https:\/\/tangorh.ca\/en\/wp-json\/wp\/v2\/comments?post=1231"}],"version-history":[{"count":2,"href":"https:\/\/tangorh.ca\/en\/wp-json\/wp\/v2\/pages\/1231\/revisions"}],"predecessor-version":[{"id":4169,"href":"https:\/\/tangorh.ca\/en\/wp-json\/wp\/v2\/pages\/1231\/revisions\/4169"}],"up":[{"embeddable":true,"href":"https:\/\/tangorh.ca\/en\/wp-json\/wp\/v2\/pages\/1225"}],"wp:featuredmedia":[{"embeddable":true,"href":"https:\/\/tangorh.ca\/en\/wp-json\/wp\/v2\/media\/860"}],"wp:attachment":[{"href":"https:\/\/tangorh.ca\/en\/wp-json\/wp\/v2\/media?parent=1231"}],"curies":[{"name":"wp","href":"https:\/\/api.w.org\/{rel}","templated":true}]}}