{"id":1194,"date":"2022-10-11T19:48:12","date_gmt":"2022-10-11T23:48:12","guid":{"rendered":"https:\/\/tangorh.local\/services-for-companies\/hrm-management\/classification-des-emplois\/"},"modified":"2024-02-29T13:49:29","modified_gmt":"2024-02-29T18:49:29","slug":"job-classification","status":"publish","type":"page","link":"https:\/\/tangorh.ca\/en\/services-for-companies\/strategic-management\/job-classification\/","title":{"rendered":"Job classification"},"content":{"rendered":"<section id=\"hero-block_126c9920ab74d3542baac7ed2bdcce12\" class=\"hero page-hero\">\r\n\r\n    \n\n<div class=\"wp-block-group hero-content is-layout-flow wp-block-group-is-layout-flow\">\n<figure class=\"wp-block-image hero-image\"><img decoding=\"async\" src=\"https:\/\/tangorh.ca\/wp-content\/themes\/utopian\/assets\/images\/sample-1.jpg\" alt=\"\"\/><\/figure>\n\n\n\n<div class=\"wp-block-group hero-text is-layout-flow wp-block-group-is-layout-flow\"><div class=\"hero-breadcrumb\">\r\n    \n\n<div class=\"wp-block-buttons breadcrumb__links is-layout-flex wp-block-buttons-is-layout-flex\">\n<div class=\"wp-block-button\"><a class=\"wp-block-button__link wp-element-button\" href=\"https:\/\/tangorh.ca\/en\/services-for-companies\/\">Services for companies<\/a><\/div>\n\n\n\n<div class=\"wp-block-button\"><a class=\"wp-block-button__link wp-element-button\" href=\"https:\/\/tangorh.ca\/en\/services-for-companies\/hrm-management\/\">HRM Management<\/a><\/div>\n\n\n\n<div class=\"wp-block-button\"><a class=\"wp-block-button__link wp-element-button\" href=\"https:\/\/tangorh.ca\/en\/services-for-companies\/hrm-management\/job-classification\/\">Job classification<\/a><\/div>\n<\/div>\n\n\r\n<\/div>\n\n\n<div class=\"wp-block-group svg-block is-layout-flow wp-block-group-is-layout-flow\"><\/div>\n<\/div>\n<\/div>\n\n\r\n\r\n<\/section>\n\n<section id=\"blurry-image-content-block_cea910c1d18402e75f9ba2c48fa30c44\" class=\"blurry-image-content\">\r\n\r\n    \n\n<div class=\"wp-block-group blurry-image-content-text is-layout-flow wp-block-group-is-layout-flow\">\n<h1 class=\"wp-block-heading\">Job<br><span style=\"font-weight: bold; color: rgb(216, 101, 31);\">CLASSIFICATION<\/span><\/h1>\n\n\n\n<p>Tango &#8211; HR Solutions and its partners can support you in job classification, i.e. the evaluation of each position, analyzing its tasks, responsibilities and necessary competencies. Since positions can change over time, an update of task descriptions and evaluation of positions to determine their value is an essential exercise for effective operation of the company. This evaluation will help determine compensation and the equitable remuneration of individuals in different positions in the company.<\/p>\n<\/div>\n\n\n\n<div class=\"wp-block-group blurry-image-content-image is-layout-flow wp-block-group-is-layout-flow\">\n<figure class=\"wp-block-image size-large blurry-image-content--image\"><img loading=\"lazy\" decoding=\"async\" width=\"1024\" height=\"681\" src=\"https:\/\/tangorh.ca\/wp-content\/uploads\/2022\/09\/Screenshot_2-1024x681.png\" alt=\"\" class=\"wp-image-104\" srcset=\"https:\/\/tangorh.ca\/wp-content\/uploads\/2022\/09\/Screenshot_2-1024x681.png 1024w, https:\/\/tangorh.ca\/wp-content\/uploads\/2022\/09\/Screenshot_2-300x200.png 300w, https:\/\/tangorh.ca\/wp-content\/uploads\/2022\/09\/Screenshot_2-768x511.png 768w, https:\/\/tangorh.ca\/wp-content\/uploads\/2022\/09\/Screenshot_2.png 1449w\" sizes=\"auto, (max-width: 1024px) 100vw, 1024px\" \/><\/figure>\n\n\n\n<div class=\"wp-block-group blurry-image-content--textbox is-layout-flow wp-block-group-is-layout-flow\">\n<div class=\"wp-block-group blurry-image-content--textbox-content is-layout-flow wp-block-group-is-layout-flow\">\n<p class=\"has-text-align-center\" style=\"font-size:0.9em;font-style:normal;font-weight:500;line-height:5\">I&#8217;m interested!<\/p>\n\n\n\n<p class=\"has-text-align-center\" style=\"font-style:normal;font-weight:600\">I want to meet a Tango team member for a discussion.<\/p>\n<\/div>\n\n\n\n<div class=\"wp-block-button blurry-image-content--textbox-button\"><a class=\"wp-block-button__link wp-element-button\" href=\"https:\/\/tangorh.ca\/en\/contact-us\/\">Contact us<\/a><\/div>\n<\/div>\n<\/div>\n\n\r\n\r\n<\/section>\n\n\n<div class=\"wp-block-group alignfull has-light-gray-background-color has-background is-layout-flow wp-block-group-is-layout-flow\">\n<div style=\"height:6em\" aria-hidden=\"true\" class=\"wp-block-spacer\"><\/div>\n<\/div>\n\n\n<section id=\"image-content-block_196b3e6d58b23a59d2238940f2e7878f\" class=\"image-content \">\r\n    \n\n<div class=\"wp-block-group image-content__container is-layout-flow wp-block-group-is-layout-flow\">\n<div class=\"wp-block-group image-content__image is-layout-flow wp-block-group-is-layout-flow\">\n<figure class=\"wp-block-image size-large image-content__image\"><img loading=\"lazy\" decoding=\"async\" width=\"1024\" height=\"683\" src=\"https:\/\/tangorh.ca\/wp-content\/uploads\/2022\/10\/DXYAKNE-1024x683.jpg\" alt=\"\" class=\"wp-image-430\" srcset=\"https:\/\/tangorh.ca\/wp-content\/uploads\/2022\/10\/DXYAKNE-1024x683.jpg 1024w, https:\/\/tangorh.ca\/wp-content\/uploads\/2022\/10\/DXYAKNE-300x200.jpg 300w, https:\/\/tangorh.ca\/wp-content\/uploads\/2022\/10\/DXYAKNE-768x513.jpg 768w, https:\/\/tangorh.ca\/wp-content\/uploads\/2022\/10\/DXYAKNE-1536x1025.jpg 1536w, https:\/\/tangorh.ca\/wp-content\/uploads\/2022\/10\/DXYAKNE-2048x1367.jpg 2048w\" sizes=\"auto, (max-width: 1024px) 100vw, 1024px\" \/><figcaption class=\"wp-element-caption\">Group of young multi ethnicity coworkers dressed casually working together focused on the computer monitor indoors<\/figcaption><\/figure>\n<\/div>\n\n\n\n<div class=\"wp-block-group image-content__content has-light-gray-background-color has-background is-layout-flow wp-block-group-is-layout-flow\">\n<h4 class=\"wp-block-heading\">Services available<\/h4>\n\n\n\n<ul class=\"wp-block-list\">\n<li>Analysis, recommendations and restructuring of positions;<\/li>\n\n\n\n<li>Development, evaluation and adjustment of salary scales;<\/li>\n\n\n\n<li>Organizational structuring or restructuring.<\/li>\n<\/ul>\n<\/div>\n<\/div>\n\n\r\n<\/section>\n\n\n<div class=\"wp-block-group alignfull has-light-gray-background-color has-background is-layout-flow wp-block-group-is-layout-flow\">\n<div style=\"height:14.85em\" aria-hidden=\"true\" class=\"wp-block-spacer\"><\/div>\n<\/div>\n\n\n<section id=\"form-block-block_0bdadb1c067d1d632b977d3f26bf6ad8\" class=\"form-block\" data-selection=\"Strategic management &#038; human resources\">\r\n\r\n    \n\n<div class=\"wp-block-group form-block-container is-layout-flow wp-block-group-is-layout-flow\">\n<div class=\"wp-block-group form-block-content is-layout-flow wp-block-group-is-layout-flow\">\n<div class=\"wp-block-group form-block-content-left is-layout-flow wp-block-group-is-layout-flow\">\n<h2 class=\"wp-block-heading\"><strong><span style=\"color: #d8651f;\">I&#8217;M INTERESTED!<\/span><\/strong><\/h2>\n\n\n\n<h3 class=\"wp-block-heading\">I want to meet a Tango team member for a discussion.<\/h3>\n<\/div>\n\n\n\n<div class=\"wp-block-group form-block-content-right is-layout-flow wp-block-group-is-layout-flow\"><\/div>\n<\/div>\n\n\n\n<div class=\"wp-block-group form-block-form is-layout-flow wp-block-group-is-layout-flow\">\n<div class=\"wp-block-group form-block-holder is-layout-flow wp-block-group-is-layout-flow\">\n<div class=\"wp-block-contact-form-7-contact-form-selector\">\n<div class=\"wpcf7 no-js\" id=\"wpcf7-f1419-o1\" lang=\"en-US\" dir=\"ltr\" data-wpcf7-id=\"1419\">\n<div class=\"screen-reader-response\"><p role=\"status\" aria-live=\"polite\" aria-atomic=\"true\"><\/p> <ul><\/ul><\/div>\n<form action=\"\/en\/wp-json\/wp\/v2\/pages\/1194#wpcf7-f1419-o1\" method=\"post\" class=\"wpcf7-form init\" aria-label=\"Contact form\" novalidate=\"novalidate\" data-status=\"init\">\n<div style=\"display: none;\">\n<input type=\"hidden\" name=\"_wpcf7\" value=\"1419\" \/>\n<input type=\"hidden\" name=\"_wpcf7_version\" value=\"6.0.6\" \/>\n<input type=\"hidden\" name=\"_wpcf7_locale\" value=\"en_US\" \/>\n<input type=\"hidden\" name=\"_wpcf7_unit_tag\" value=\"wpcf7-f1419-o1\" \/>\n<input type=\"hidden\" name=\"_wpcf7_container_post\" value=\"0\" \/>\n<input type=\"hidden\" name=\"_wpcf7_posted_data_hash\" value=\"\" \/>\n<input type=\"hidden\" name=\"_wpcf7_recaptcha_response\" value=\"\" \/>\n<\/div>\n<div class=\"form-cols\">\n<div class=\"form-col\">\n<span class=\"wpcf7-form-control-wrap\" data-name=\"prenom\"><input size=\"40\" maxlength=\"400\" class=\"wpcf7-form-control wpcf7-text wpcf7-validates-as-required\" aria-required=\"true\" aria-invalid=\"false\" placeholder=\"Name\" value=\"\" type=\"text\" name=\"prenom\" \/><\/span>\n<span class=\"wpcf7-form-control-wrap\" data-name=\"nom\"><input size=\"40\" maxlength=\"400\" class=\"wpcf7-form-control wpcf7-text wpcf7-validates-as-required\" aria-required=\"true\" aria-invalid=\"false\" placeholder=\"Last name\" value=\"\" type=\"text\" name=\"nom\" \/><\/span>\n<span class=\"wpcf7-form-control-wrap\" data-name=\"courriel\"><input size=\"40\" maxlength=\"400\" class=\"wpcf7-form-control wpcf7-email wpcf7-validates-as-required wpcf7-text wpcf7-validates-as-email\" aria-required=\"true\" aria-invalid=\"false\" placeholder=\"Email address\" value=\"\" type=\"email\" name=\"courriel\" \/><\/span>\n<span class=\"wpcf7-form-control-wrap\" data-name=\"telephone\"><input size=\"40\" maxlength=\"400\" class=\"wpcf7-form-control wpcf7-tel wpcf7-text wpcf7-validates-as-tel\" aria-invalid=\"false\" placeholder=\"Phone number\" value=\"\" type=\"tel\" name=\"telephone\" \/><\/span>\n<\/div>\n<div class=\"form-col\">\n<div class=\"selection\">\n<span class=\"wpcf7-form-control-wrap\" data-name=\"i-am\"><select class=\"wpcf7-form-control wpcf7-select\" aria-invalid=\"false\" name=\"i-am\"><option value=\"\">I am<\/option><option value=\"Job seeker\">Job seeker<\/option><option value=\"Employer\">Employer<\/option><\/select><\/span>\n<\/div>\n<span class=\"wpcf7-form-control-wrap\" data-name=\"sujet\"><input size=\"40\" maxlength=\"400\" class=\"wpcf7-form-control wpcf7-text\" aria-invalid=\"false\" placeholder=\"Subject\" value=\"\" type=\"text\" name=\"sujet\" \/><\/span>\n<span class=\"wpcf7-form-control-wrap\" data-name=\"message\"><textarea cols=\"40\" rows=\"10\" maxlength=\"2000\" class=\"wpcf7-form-control wpcf7-textarea\" aria-invalid=\"false\" placeholder=\"Message\" name=\"message\"><\/textarea><\/span>\n<\/div>\n<\/div>\n<input class=\"wpcf7-form-control wpcf7-submit has-spinner\" type=\"submit\" value=\"Send\" \/><div class=\"wpcf7-response-output\" aria-hidden=\"true\"><\/div>\n<\/form>\n<\/div>\n<\/div>\n<\/div>\n<\/div>\n<\/div>\n\n\r\n\r\n<\/section>","protected":false},"excerpt":{"rendered":"<p>Tango &#8211; HR Solutions and its partners can support you in job classification, i.e. the evaluation of each position, analyzing its tasks, responsibilities and necessary competencies. <\/p>\n","protected":false},"author":1,"featured_media":769,"parent":1177,"menu_order":40,"comment_status":"closed","ping_status":"closed","template":"","meta":{"_acf_changed":false,"inline_featured_image":false,"footnotes":""},"class_list":["post-1194","page","type-page","status-publish","has-post-thumbnail","hentry"],"acf":[],"yoast_head":"<!-- This site is optimized with the Yoast SEO Premium plugin v24.9 (Yoast SEO v24.9) - https:\/\/yoast.com\/wordpress\/plugins\/seo\/ -->\n<title>Job classification - Tango Solutions RH<\/title>\n<meta name=\"description\" content=\"Cette \u00e9valuation aide l\u2019organisation \u00e0 d\u00e9terminer comment r\u00e9compenser ou r\u00e9mun\u00e9rer \u00e9quitablement les personnes dans les diff\u00e9rents postes au sein de leur entreprise.\" \/>\n<meta name=\"robots\" content=\"index, follow, max-snippet:-1, max-image-preview:large, max-video-preview:-1\" \/>\n<link rel=\"canonical\" href=\"https:\/\/tangorh.ca\/en\/services-for-companies\/strategic-management\/job-classification\/\" \/>\n<meta property=\"og:locale\" content=\"en_US\" \/>\n<meta property=\"og:type\" content=\"article\" \/>\n<meta property=\"og:title\" content=\"Job classification\" \/>\n<meta property=\"og:description\" content=\"Cette \u00e9valuation aide l\u2019organisation \u00e0 d\u00e9terminer comment r\u00e9compenser ou r\u00e9mun\u00e9rer \u00e9quitablement les personnes dans les diff\u00e9rents postes au sein de leur entreprise.\" \/>\n<meta property=\"og:url\" content=\"https:\/\/tangorh.ca\/en\/services-for-companies\/strategic-management\/job-classification\/\" \/>\n<meta property=\"og:site_name\" content=\"Tango Solutions RH\" \/>\n<meta property=\"article:modified_time\" content=\"2024-02-29T18:49:29+00:00\" \/>\n<meta property=\"og:image\" content=\"https:\/\/tangorh.ca\/wp-content\/uploads\/2022\/09\/Screenshot_2-1024x681.png\" \/>\n\t<meta property=\"og:image:width\" content=\"1024\" \/>\n\t<meta property=\"og:image:height\" content=\"681\" \/>\n\t<meta property=\"og:image:type\" content=\"image\/png\" \/>\n<meta name=\"twitter:card\" content=\"summary_large_image\" \/>\n<meta name=\"twitter:label1\" content=\"Est. reading time\" \/>\n\t<meta name=\"twitter:data1\" content=\"2 minutes\" \/>\n<script type=\"application\/ld+json\" class=\"yoast-schema-graph\">{\"@context\":\"https:\/\/schema.org\",\"@graph\":[{\"@type\":\"WebPage\",\"@id\":\"https:\/\/tangorh.ca\/en\/services-for-companies\/strategic-management\/job-classification\/\",\"url\":\"https:\/\/tangorh.ca\/en\/services-for-companies\/strategic-management\/job-classification\/\",\"name\":\"Job classification - Tango Solutions RH\",\"isPartOf\":{\"@id\":\"https:\/\/tangorh.ca\/#website\"},\"primaryImageOfPage\":{\"@id\":\"https:\/\/tangorh.ca\/en\/services-for-companies\/strategic-management\/job-classification\/#primaryimage\"},\"image\":{\"@id\":\"https:\/\/tangorh.ca\/en\/services-for-companies\/strategic-management\/job-classification\/#primaryimage\"},\"thumbnailUrl\":\"https:\/\/tangorh.ca\/wp-content\/uploads\/2022\/09\/Screenshot_2.png\",\"datePublished\":\"2022-10-11T23:48:12+00:00\",\"dateModified\":\"2024-02-29T18:49:29+00:00\",\"description\":\"Cette \u00e9valuation aide l\u2019organisation \u00e0 d\u00e9terminer comment r\u00e9compenser ou r\u00e9mun\u00e9rer \u00e9quitablement les personnes dans les diff\u00e9rents postes au sein de leur entreprise.\",\"breadcrumb\":{\"@id\":\"https:\/\/tangorh.ca\/en\/services-for-companies\/strategic-management\/job-classification\/#breadcrumb\"},\"inLanguage\":\"en-US\",\"potentialAction\":[{\"@type\":\"ReadAction\",\"target\":[\"https:\/\/tangorh.ca\/en\/services-for-companies\/strategic-management\/job-classification\/\"]}]},{\"@type\":\"ImageObject\",\"inLanguage\":\"en-US\",\"@id\":\"https:\/\/tangorh.ca\/en\/services-for-companies\/strategic-management\/job-classification\/#primaryimage\",\"url\":\"https:\/\/tangorh.ca\/wp-content\/uploads\/2022\/09\/Screenshot_2.png\",\"contentUrl\":\"https:\/\/tangorh.ca\/wp-content\/uploads\/2022\/09\/Screenshot_2.png\",\"width\":1449,\"height\":964},{\"@type\":\"BreadcrumbList\",\"@id\":\"https:\/\/tangorh.ca\/en\/services-for-companies\/strategic-management\/job-classification\/#breadcrumb\",\"itemListElement\":[{\"@type\":\"ListItem\",\"position\":1,\"name\":\"Home\",\"item\":\"https:\/\/tangorh.ca\/en\/\"},{\"@type\":\"ListItem\",\"position\":2,\"name\":\"Services for companies\",\"item\":\"https:\/\/tangorh.ca\/en\/services-for-companies\/\"},{\"@type\":\"ListItem\",\"position\":3,\"name\":\"Strategic management &#038; human resources\",\"item\":\"https:\/\/tangorh.ca\/en\/services-for-companies\/strategic-management\/\"},{\"@type\":\"ListItem\",\"position\":4,\"name\":\"Job classification\"}]},{\"@type\":\"WebSite\",\"@id\":\"https:\/\/tangorh.ca\/#website\",\"url\":\"https:\/\/tangorh.ca\/\",\"name\":\"Tango Solutions RH\",\"description\":\"Services de chasse de t\u00eate | Recrutement | Placement | Soutien RH aux entreprises\",\"potentialAction\":[{\"@type\":\"SearchAction\",\"target\":{\"@type\":\"EntryPoint\",\"urlTemplate\":\"https:\/\/tangorh.ca\/?s={search_term_string}\"},\"query-input\":{\"@type\":\"PropertyValueSpecification\",\"valueRequired\":true,\"valueName\":\"search_term_string\"}}],\"inLanguage\":\"en-US\"}]}<\/script>\n<!-- \/ Yoast SEO Premium plugin. -->","yoast_head_json":{"title":"Job classification - Tango Solutions RH","description":"Cette \u00e9valuation aide l\u2019organisation \u00e0 d\u00e9terminer comment r\u00e9compenser ou r\u00e9mun\u00e9rer \u00e9quitablement les personnes dans les diff\u00e9rents postes au sein de leur entreprise.","robots":{"index":"index","follow":"follow","max-snippet":"max-snippet:-1","max-image-preview":"max-image-preview:large","max-video-preview":"max-video-preview:-1"},"canonical":"https:\/\/tangorh.ca\/en\/services-for-companies\/strategic-management\/job-classification\/","og_locale":"en_US","og_type":"article","og_title":"Job classification","og_description":"Cette \u00e9valuation aide l\u2019organisation \u00e0 d\u00e9terminer comment r\u00e9compenser ou r\u00e9mun\u00e9rer \u00e9quitablement les personnes dans les diff\u00e9rents postes au sein de leur entreprise.","og_url":"https:\/\/tangorh.ca\/en\/services-for-companies\/strategic-management\/job-classification\/","og_site_name":"Tango Solutions RH","article_modified_time":"2024-02-29T18:49:29+00:00","og_image":[{"width":1024,"height":681,"url":"https:\/\/tangorh.ca\/wp-content\/uploads\/2022\/09\/Screenshot_2-1024x681.png","type":"image\/png"}],"twitter_card":"summary_large_image","twitter_misc":{"Est. reading time":"2 minutes"},"schema":{"@context":"https:\/\/schema.org","@graph":[{"@type":"WebPage","@id":"https:\/\/tangorh.ca\/en\/services-for-companies\/strategic-management\/job-classification\/","url":"https:\/\/tangorh.ca\/en\/services-for-companies\/strategic-management\/job-classification\/","name":"Job classification - Tango Solutions RH","isPartOf":{"@id":"https:\/\/tangorh.ca\/#website"},"primaryImageOfPage":{"@id":"https:\/\/tangorh.ca\/en\/services-for-companies\/strategic-management\/job-classification\/#primaryimage"},"image":{"@id":"https:\/\/tangorh.ca\/en\/services-for-companies\/strategic-management\/job-classification\/#primaryimage"},"thumbnailUrl":"https:\/\/tangorh.ca\/wp-content\/uploads\/2022\/09\/Screenshot_2.png","datePublished":"2022-10-11T23:48:12+00:00","dateModified":"2024-02-29T18:49:29+00:00","description":"Cette \u00e9valuation aide l\u2019organisation \u00e0 d\u00e9terminer comment r\u00e9compenser ou r\u00e9mun\u00e9rer \u00e9quitablement les personnes dans les diff\u00e9rents postes au sein de leur entreprise.","breadcrumb":{"@id":"https:\/\/tangorh.ca\/en\/services-for-companies\/strategic-management\/job-classification\/#breadcrumb"},"inLanguage":"en-US","potentialAction":[{"@type":"ReadAction","target":["https:\/\/tangorh.ca\/en\/services-for-companies\/strategic-management\/job-classification\/"]}]},{"@type":"ImageObject","inLanguage":"en-US","@id":"https:\/\/tangorh.ca\/en\/services-for-companies\/strategic-management\/job-classification\/#primaryimage","url":"https:\/\/tangorh.ca\/wp-content\/uploads\/2022\/09\/Screenshot_2.png","contentUrl":"https:\/\/tangorh.ca\/wp-content\/uploads\/2022\/09\/Screenshot_2.png","width":1449,"height":964},{"@type":"BreadcrumbList","@id":"https:\/\/tangorh.ca\/en\/services-for-companies\/strategic-management\/job-classification\/#breadcrumb","itemListElement":[{"@type":"ListItem","position":1,"name":"Home","item":"https:\/\/tangorh.ca\/en\/"},{"@type":"ListItem","position":2,"name":"Services for companies","item":"https:\/\/tangorh.ca\/en\/services-for-companies\/"},{"@type":"ListItem","position":3,"name":"Strategic management &#038; human resources","item":"https:\/\/tangorh.ca\/en\/services-for-companies\/strategic-management\/"},{"@type":"ListItem","position":4,"name":"Job classification"}]},{"@type":"WebSite","@id":"https:\/\/tangorh.ca\/#website","url":"https:\/\/tangorh.ca\/","name":"Tango Solutions RH","description":"Services de chasse de t\u00eate | Recrutement | Placement | Soutien RH aux entreprises","potentialAction":[{"@type":"SearchAction","target":{"@type":"EntryPoint","urlTemplate":"https:\/\/tangorh.ca\/?s={search_term_string}"},"query-input":{"@type":"PropertyValueSpecification","valueRequired":true,"valueName":"search_term_string"}}],"inLanguage":"en-US"}]}},"_links":{"self":[{"href":"https:\/\/tangorh.ca\/en\/wp-json\/wp\/v2\/pages\/1194","targetHints":{"allow":["GET"]}}],"collection":[{"href":"https:\/\/tangorh.ca\/en\/wp-json\/wp\/v2\/pages"}],"about":[{"href":"https:\/\/tangorh.ca\/en\/wp-json\/wp\/v2\/types\/page"}],"author":[{"embeddable":true,"href":"https:\/\/tangorh.ca\/en\/wp-json\/wp\/v2\/users\/1"}],"replies":[{"embeddable":true,"href":"https:\/\/tangorh.ca\/en\/wp-json\/wp\/v2\/comments?post=1194"}],"version-history":[{"count":0,"href":"https:\/\/tangorh.ca\/en\/wp-json\/wp\/v2\/pages\/1194\/revisions"}],"up":[{"embeddable":true,"href":"https:\/\/tangorh.ca\/en\/wp-json\/wp\/v2\/pages\/1177"}],"wp:featuredmedia":[{"embeddable":true,"href":"https:\/\/tangorh.ca\/en\/wp-json\/wp\/v2\/media\/769"}],"wp:attachment":[{"href":"https:\/\/tangorh.ca\/en\/wp-json\/wp\/v2\/media?parent=1194"}],"curies":[{"name":"wp","href":"https:\/\/api.w.org\/{rel}","templated":true}]}}