{"id":1177,"date":"2022-09-26T14:18:17","date_gmt":"2022-09-26T18:18:17","guid":{"rendered":"https:\/\/tangorh.local\/services-for-companies\/services-en-grh\/"},"modified":"2026-01-08T10:23:09","modified_gmt":"2026-01-08T15:23:09","slug":"strategic-management","status":"publish","type":"page","link":"https:\/\/tangorh.ca\/en\/services-for-companies\/strategic-management\/","title":{"rendered":"Strategic management &#038; human resources"},"content":{"rendered":"<section id=\"hero-block_884d138356adf99f22eb4525c5cea196\" class=\"hero\">\r\n\r\n    \n\n<div class=\"wp-block-group hero-content is-layout-flow wp-block-group-is-layout-flow\">\n<figure class=\"wp-block-image hero-image\"><img decoding=\"async\" src=\"https:\/\/tangorh.ca\/wp-content\/themes\/utopian\/assets\/images\/sample-1.jpg\" alt=\"\"\/><\/figure>\n\n\n\n<div class=\"wp-block-group hero-text is-layout-flow wp-block-group-is-layout-flow\"><div class=\"hero-breadcrumb\">\r\n    \n\n<div class=\"wp-block-buttons breadcrumb__links is-layout-flex wp-block-buttons-is-layout-flex\">\n<div class=\"wp-block-button\"><a class=\"wp-block-button__link wp-element-button\" href=\"https:\/\/tangorh.ca\/en\/services-for-companies\/\">Services for companies<\/a><\/div>\n\n\n\n<div class=\"wp-block-button\"><a class=\"wp-block-button__link wp-element-button\" href=\"https:\/\/tangorh.ca\/en\/services-for-companies\/strategic-management\/\">Strategic HR Management &amp; Human Resources<\/a><\/div>\n<\/div>\n\n\r\n<\/div>\n\n<div id=\"\" class=\"typing-text\" data-text-lines=\"[{&quot;line&quot;:&quot;VOTRE PARTENAIRE DE CONFIANCE&quot;},{&quot;line&quot;:&quot;VOTRE ALLI\\u00c9 STRAT\\u00c9GIQUE&quot;}]\">\r\n    \n\n<h1 class=\"wp-block-heading\" id=\"h-we-are-your-human-resources-specialist\">We are<br><strong><span style=\"color: #d8651f;\">YOUR HUMAN RESOURCES SPECIALIST<\/span><\/strong><\/h1>\n\n   \r\n<\/div>\r\n\n\n\n<p><strong>Stop going it alone\u2026 choose Tango \u2013 HR Solutions to guide you in your strategic management and human resources decisions.<\/strong> We are here to support you in managing your organization, as well as in building employee engagement, loyalty, and retention.<\/p>\n\n\n\n<script type=\"application\/ld+json\">\n{\n    \"@context\": \"http:\/\/schema.org\",\n    \"@type\": \"Service\",\n    \"serviceType\": \"Service en Gestion de Ressources Humaines\",\n    \"Serviceoutput\": \"Service RH\",\n    \"image\": \"https:\/\/tangorh.ca\/wp-content\/uploads\/2022\/09\/Tango_Logo_Blanc_Renversee.svg\",\n    \"provider\": {\n        \"@type\": \"Organization\",\n                \"name\": \"Tango RH\",\n        \"additionalType\": \"https:\/\/tangorh.ca\/services-aux-entreprises\/services-en-grh\/\",\n        \"telephone\": \"819 778-8867\",\n        \"address\": {\n            \"@type\": \"PostalAddress\",\n    \"streetAddress\": \"106-394, boul. Maloney Ouest\",\n    \"addressLocality\": \"Gatineau\",\n    \"addressRegion\": \"QC\",\n    \"postalCode\": \"J8P 6W2\",\n    \"addressCountry\": \"CA\",\n            \"name\": \"Tango RH\",\n            \"@id\": \"https:\/\/tangorh.ca\"\n        },\n        \"description\": \"Tango \u2013 Solutions RH est une entreprise passionn\u00e9e par les humains et visant \u00e0 les jumeler aux entreprises et organisations qui leur permettront de cro\u00eetre professionnellement et de se r\u00e9aliser au quotidien. Sp\u00e9cialis\u00e9e en recrutement et en placement de talents, l\u2019entreprise offre \u00e9galement des services-conseils en gestion des ressources humaines, afin d\u2019appuyer les forces vives des entreprises de la r\u00e9gion.\"    },\n    \"areaServed\": \"https:\/\/www.wikidata.org\/wiki\/Q141844\",\n    \"description\": \"Pour conserver ses meilleurs talents, il faut pr\u00e9voir une saine gestion de ses ressources humaines! Il faut les \u00e9couter, les fid\u00e9liser, les motiver et les mobiliser\u2026 Tango en fait sa mission et se d\u00e9voue \u00e0 vous accompagner judicieusement selon vos besoins et enjeux. Il est primordial pour nous de b\u00e2tir une relation de confiance, durable et transparente avec chaque entreprise ou organisation qui choisit nos services, on esp\u00e8re faire la paire avec vous!\",\n    \"name\": \"Service en Gestion de Ressources Humaines\",\n    \"@id\": \"https:\/\/tangorh.ca\/services-aux-entreprises\/services-en-grh\/\"\n}\n<\/script>\n\n\n\n<div class=\"wp-block-buttons hero-buttons is-layout-flex wp-block-buttons-is-layout-flex\">\n<div class=\"wp-block-button is-style-down-arrow\"><a class=\"wp-block-button__link wp-element-button\" href=\"#content-1\">Explore our services<\/a><\/div>\n<\/div>\n\n\n<\/div>\n<\/div>\n\n\r\n\r\n<\/section>\n\n<section id=\"content-1\" class=\"blurry-image-content\">\r\n\r\n    \n\n<div class=\"wp-block-group blurry-image-content-text is-layout-flow wp-block-group-is-layout-flow\">\n<h2 class=\"wp-block-heading\" id=\"h-services-in-strategic-management-and-human-resources\">Services in <span style=\"font-weight: bold; color: rgb(216, 101, 31);\">STRATEGIC MANAGEMENT<\/span> and <span style=\"font-weight: bold; color: rgb(216, 101, 31);\">HUMAN RESOURCES <\/span><\/h2>\n\n\n\n<p>To retain top talent and optimize overall performance, it is essential to implement a strong business strategy and sound human resources management. As people are the primary driving force behind any organization, it is important to listen, inspire, guide, and retain your team.<\/p>\n\n\n\n<p>Tango \u2013 HR Solutions is committed to being your partner throughout this journey, tailoring its services to your specific needs. Our primary objective is to build a strong, transparent, and long-lasting relationship with every company or organization that chooses to work with us.<\/p>\n\n\n\n<p><\/p>\n<\/div>\n\n\n\n<div class=\"wp-block-group blurry-image-content-image is-layout-flow wp-block-group-is-layout-flow\">\n<figure class=\"wp-block-image blurry-image-content--image\"><img decoding=\"async\" src=\"\/wp-content\/themes\/utopian\/assets\/images\/sample-2.png\" alt=\"\"\/><\/figure>\n\n\n\n<div class=\"wp-block-group blurry-image-content--textbox is-layout-flow wp-block-group-is-layout-flow\"><div id=\"link-list-block_769f64c2751fad048fbac384cd6cbe7b\" class=\"link-list scroller\">\r\n    \n\n<div class=\"wp-block-buttons is-layout-flex wp-block-buttons-is-layout-flex\">\n<div class=\"wp-block-button\"><a class=\"wp-block-button__link wp-element-button\" href=\"https:\/\/tangorh.ca\/en\/services-for-companies\/strategic-management\/artificial-intelligence-and-digital-support\/\">Artificial Intelligence and Digital Support<\/a><\/div>\n\n\n\n<div class=\"wp-block-button\"><a class=\"wp-block-button__link wp-element-button\" href=\"https:\/\/tangorh.ca\/en\/services-for-companies\/strategic-management\/talent-sourcing-and-selection-support\/\">Talent Sourcing &amp; Selection Support<\/a><\/div>\n\n\n\n<div class=\"wp-block-button\"><a class=\"wp-block-button__link wp-element-button\" href=\"https:\/\/tangorh.ca\/en\/services-for-companies\/strategic-management\/coaching-training-and-development\/\">Coaching, Training &amp; Development<\/a><\/div>\n\n\n\n<div class=\"wp-block-button\"><a class=\"wp-block-button__link wp-element-button\" href=\"https:\/\/tangorh.ca\/en\/services-for-companies\/strategic-management\/organizational-culture-healthy-environment-well-being-and-engagement\/\">Organizational Culture, Healthy Environment, Well-being &amp; Engagement<\/a><\/div>\n\n\n\n<div class=\"wp-block-button\"><a class=\"wp-block-button__link wp-element-button\" href=\"https:\/\/tangorh.ca\/en\/services-for-companies\/strategic-management\/territorial-development\/\">Territorial &amp; Socioeconomic Development<\/a><\/div>\n\n\n\n<div class=\"wp-block-button\"><a class=\"wp-block-button__link wp-element-button\" href=\"https:\/\/tangorh.ca\/en\/services-for-companies\/strategic-management\/business-management\/\">Business Management<\/a><\/div>\n\n\n\n<div class=\"wp-block-button\"><a class=\"wp-block-button__link wp-element-button\" href=\"https:\/\/tangorh.ca\/en\/services-for-companies\/strategic-management\/hr-strategic-management\/\">Human Resources Strategic Management<\/a><\/div>\n\n\n\n<div class=\"wp-block-button\"><a class=\"wp-block-button__link wp-element-button\" href=\"https:\/\/tangorh.ca\/en\/services-for-companies\/strategic-management\/governance\/\">Governance<\/a><\/div>\n\n\n\n<div class=\"wp-block-button\"><a class=\"wp-block-button__link wp-element-button\" href=\"https:\/\/tangorh.ca\/en\/services-for-companies\/strategic-management\/prise-en-charge-partielle-ou-complete-de-vos-rh\/\">Partial or complete management of your\u00a0<strong>HR<\/strong><\/a><\/div>\n\n\n\n<div class=\"wp-block-button\"><a class=\"wp-block-button__link wp-element-button\" href=\"https:\/\/tangorh.ca\/en\/services-for-companies\/strategic-management\/organizational-strategy-performance\/\">Organizational Strategy &amp; Performance<\/a><\/div>\n\n\n\n<div class=\"wp-block-button\"><a class=\"wp-block-button__link wp-element-button\" href=\"\/en\/?page_id=4063\">Strategy Through Drawing<\/a><\/div>\n<\/div>\n\n\n\n<div class=\"wp-block-buttons is-layout-flex wp-block-buttons-is-layout-flex\"><\/div>\n\n\r\n    <div class=\"scroller-btn\"><i class=\"fa-regular fa-arrow-down-long\"><\/i><\/div>\r\n<\/div><\/div>\n<\/div>\n\n\r\n\r\n<\/section>\n\n<section id=\"steps-block_e475580cd83bcc72085a9ddc4a347aa2\" class=\"steps\">\r\n    <div class=\"steps-container\">\r\n        <div class=\"steps-top\">\r\n            \n\n<h2 class=\"wp-block-heading\" id=\"h-three-options-are-available-to-benefit-from-our-support-a-solution-tailored-to-your-needs-and-your-reality\">Three options are available to benefit from our support<br><strong><span style=\"color: #d8651f;\"><strong>A SOLUTION TAILORED TO YOUR NEEDS AND YOUR REALITY<\/strong><\/span><\/strong><\/h2>\n\n\n\n<p>We offer exceptional value for money and provide specialized expertise across each strategic and HR area required to support your organization\u2019s growth. Fees vary depending on the selected approach and the nature of the mandate.<\/p>\n\n\n\n<p>We will be pleased to prepare a detailed proposal for you.<\/p>\n\n\r\n        <\/div>\r\n                    <div class=\"steps-grid\">\r\n                                    <div class=\"step-item\">\r\n                        <div class=\"step-index-holder\">\r\n                            <div class=\"step-index 1\">\r\n                                1                            <\/div>\r\n                        <\/div>\r\n                        <div class=\"step-content\">\r\n                            <p>Mandates defined following an assessment of your needs.<\/p>\r\n                        <\/div>\r\n                    <\/div>\r\n                                    <div class=\"step-item\">\r\n                        <div class=\"step-index-holder\">\r\n                            <div class=\"step-index 2\">\r\n                                2                            <\/div>\r\n                        <\/div>\r\n                        <div class=\"step-content\">\r\n                            <p>A bank of hours providing ongoing support, whenever needed.<\/p>\r\n                        <\/div>\r\n                    <\/div>\r\n                                    <div class=\"step-item\">\r\n                        <div class=\"step-index-holder\">\r\n                            <div class=\"step-index 3\">\r\n                                3                            <\/div>\r\n                        <\/div>\r\n                        <div class=\"step-content\">\r\n                            <p>Outsourcing of one or more of your company\u2019s HR functions by one of our experts, based on a defined number of hours per week over a specified period.<\/p>\r\n                        <\/div>\r\n                    <\/div>\r\n                            <\/div>\r\n            <\/div>\r\n<\/section>\n\n<section id=\"form-block-block_2a0e1e7536f923ac69ff79c597f59eaf\" class=\"form-block\" data-selection=\"Services for companies\">\r\n\r\n    \n\n<div class=\"wp-block-group form-block-container is-layout-flow wp-block-group-is-layout-flow\">\n<div class=\"wp-block-group form-block-content is-layout-flow wp-block-group-is-layout-flow\">\n<div class=\"wp-block-group form-block-content-left is-layout-flow wp-block-group-is-layout-flow\">\n<h2 class=\"wp-block-heading\" id=\"h-i-m-interested\"><strong><span style=\"color: #d8651f;\">I&#8217;M INTERESTED!<\/span><\/strong><\/h2>\n\n\n\n<h3 class=\"wp-block-heading\" id=\"h-i-would-like-to-meet-with-a-member-of-the-tango-team-to-discuss-this-further\">I would like to meet with a member of the Tango team to discuss this further.<br><\/h3>\n<\/div>\n\n\n\n<div class=\"wp-block-group form-block-content-right is-layout-flow wp-block-group-is-layout-flow\"><\/div>\n<\/div>\n\n\n\n<div class=\"wp-block-group form-block-form is-layout-flow wp-block-group-is-layout-flow\">\n<div class=\"wp-block-group form-block-holder is-layout-flow wp-block-group-is-layout-flow\">\n<div class=\"wp-block-contact-form-7-contact-form-selector\">\n<div class=\"wpcf7 no-js\" id=\"wpcf7-f1419-o1\" lang=\"en-US\" dir=\"ltr\" data-wpcf7-id=\"1419\">\n<div class=\"screen-reader-response\"><p role=\"status\" aria-live=\"polite\" aria-atomic=\"true\"><\/p> <ul><\/ul><\/div>\n<form action=\"\/en\/wp-json\/wp\/v2\/pages\/1177#wpcf7-f1419-o1\" method=\"post\" class=\"wpcf7-form init\" aria-label=\"Contact form\" novalidate=\"novalidate\" data-status=\"init\">\n<div style=\"display: none;\">\n<input type=\"hidden\" name=\"_wpcf7\" value=\"1419\" \/>\n<input type=\"hidden\" name=\"_wpcf7_version\" value=\"6.0.6\" \/>\n<input type=\"hidden\" name=\"_wpcf7_locale\" value=\"en_US\" \/>\n<input type=\"hidden\" name=\"_wpcf7_unit_tag\" value=\"wpcf7-f1419-o1\" \/>\n<input type=\"hidden\" name=\"_wpcf7_container_post\" value=\"0\" \/>\n<input type=\"hidden\" name=\"_wpcf7_posted_data_hash\" value=\"\" \/>\n<input type=\"hidden\" name=\"_wpcf7_recaptcha_response\" value=\"\" \/>\n<\/div>\n<div class=\"form-cols\">\n<div class=\"form-col\">\n<span class=\"wpcf7-form-control-wrap\" data-name=\"prenom\"><input size=\"40\" maxlength=\"400\" class=\"wpcf7-form-control wpcf7-text wpcf7-validates-as-required\" aria-required=\"true\" aria-invalid=\"false\" placeholder=\"Name\" value=\"\" type=\"text\" name=\"prenom\" \/><\/span>\n<span class=\"wpcf7-form-control-wrap\" data-name=\"nom\"><input size=\"40\" maxlength=\"400\" class=\"wpcf7-form-control wpcf7-text wpcf7-validates-as-required\" aria-required=\"true\" aria-invalid=\"false\" placeholder=\"Last name\" value=\"\" type=\"text\" name=\"nom\" \/><\/span>\n<span class=\"wpcf7-form-control-wrap\" data-name=\"courriel\"><input size=\"40\" maxlength=\"400\" class=\"wpcf7-form-control wpcf7-email wpcf7-validates-as-required wpcf7-text wpcf7-validates-as-email\" aria-required=\"true\" aria-invalid=\"false\" placeholder=\"Email address\" value=\"\" type=\"email\" name=\"courriel\" \/><\/span>\n<span class=\"wpcf7-form-control-wrap\" data-name=\"telephone\"><input size=\"40\" maxlength=\"400\" class=\"wpcf7-form-control wpcf7-tel wpcf7-text wpcf7-validates-as-tel\" aria-invalid=\"false\" placeholder=\"Phone number\" value=\"\" type=\"tel\" name=\"telephone\" \/><\/span>\n<\/div>\n<div class=\"form-col\">\n<div class=\"selection\">\n<span class=\"wpcf7-form-control-wrap\" data-name=\"i-am\"><select class=\"wpcf7-form-control wpcf7-select\" aria-invalid=\"false\" name=\"i-am\"><option value=\"\">I am<\/option><option value=\"Job seeker\">Job seeker<\/option><option value=\"Employer\">Employer<\/option><\/select><\/span>\n<\/div>\n<span class=\"wpcf7-form-control-wrap\" data-name=\"sujet\"><input size=\"40\" maxlength=\"400\" class=\"wpcf7-form-control wpcf7-text\" aria-invalid=\"false\" placeholder=\"Subject\" value=\"\" type=\"text\" name=\"sujet\" \/><\/span>\n<span class=\"wpcf7-form-control-wrap\" data-name=\"message\"><textarea cols=\"40\" rows=\"10\" maxlength=\"2000\" class=\"wpcf7-form-control wpcf7-textarea\" aria-invalid=\"false\" placeholder=\"Message\" name=\"message\"><\/textarea><\/span>\n<\/div>\n<\/div>\n<input class=\"wpcf7-form-control wpcf7-submit has-spinner\" type=\"submit\" value=\"Send\" \/><div class=\"wpcf7-response-output\" aria-hidden=\"true\"><\/div>\n<\/form>\n<\/div>\n<\/div>\n<\/div>\n<\/div>\n<\/div>\n\n\r\n\r\n<\/section>","protected":false},"excerpt":{"rendered":"<p>Pour conserver ses meilleurs talents, il faut pr\u00e9voir une saine gestion de ses ressources humaines! Il faut les \u00e9couter, les fid\u00e9liser, les motiver et les mobiliser\u2026 Tango en fait sa mission et se d\u00e9voue \u00e0 vous accompagner judicieusement selon vos besoins et enjeux.<\/p>\n","protected":false},"author":4,"featured_media":836,"parent":1145,"menu_order":78,"comment_status":"closed","ping_status":"closed","template":"","meta":{"_acf_changed":false,"inline_featured_image":false,"footnotes":""},"class_list":["post-1177","page","type-page","status-publish","has-post-thumbnail","hentry"],"acf":[],"yoast_head":"<!-- This site is optimized with the Yoast SEO Premium plugin v24.9 (Yoast SEO v24.9) - https:\/\/yoast.com\/wordpress\/plugins\/seo\/ -->\n<title>Strategic HR Management- Tango \u2013 HR Solutions Gatineau-Ottawa<\/title>\n<meta name=\"description\" content=\"Enhance your business with strategic HR management services from Tango \u2013 HR Solutions in Gatineau and Ottawa.\" \/>\n<meta name=\"robots\" content=\"index, follow, max-snippet:-1, max-image-preview:large, max-video-preview:-1\" \/>\n<link rel=\"canonical\" href=\"https:\/\/tangorh.ca\/en\/services-for-companies\/strategic-management\/\" \/>\n<meta property=\"og:locale\" content=\"en_US\" \/>\n<meta property=\"og:type\" content=\"article\" \/>\n<meta property=\"og:title\" content=\"Strategic management &amp; human resources\" \/>\n<meta property=\"og:description\" content=\"Enhance your business with strategic HR management services from Tango \u2013 HR Solutions in Gatineau and Ottawa.\" \/>\n<meta property=\"og:url\" content=\"https:\/\/tangorh.ca\/en\/services-for-companies\/strategic-management\/\" \/>\n<meta property=\"og:site_name\" content=\"Tango Solutions RH\" \/>\n<meta property=\"article:modified_time\" content=\"2026-01-08T15:23:09+00:00\" \/>\n<meta property=\"og:image\" content=\"https:\/\/tangorh.ca\/wp-content\/uploads\/2022\/10\/VGY98M4-scaled-e1665753192460.jpg\" \/>\n\t<meta property=\"og:image:width\" content=\"1683\" \/>\n\t<meta property=\"og:image:height\" content=\"1708\" \/>\n\t<meta property=\"og:image:type\" content=\"image\/jpeg\" \/>\n<meta name=\"twitter:card\" content=\"summary_large_image\" \/>\n<meta name=\"twitter:label1\" content=\"Est. reading time\" \/>\n\t<meta name=\"twitter:data1\" content=\"3 minutes\" \/>\n<script type=\"application\/ld+json\" class=\"yoast-schema-graph\">{\"@context\":\"https:\/\/schema.org\",\"@graph\":[{\"@type\":\"WebPage\",\"@id\":\"https:\/\/tangorh.ca\/en\/services-for-companies\/strategic-management\/\",\"url\":\"https:\/\/tangorh.ca\/en\/services-for-companies\/strategic-management\/\",\"name\":\"Strategic HR Management- Tango \u2013 HR Solutions Gatineau-Ottawa\",\"isPartOf\":{\"@id\":\"https:\/\/tangorh.ca\/#website\"},\"primaryImageOfPage\":{\"@id\":\"https:\/\/tangorh.ca\/en\/services-for-companies\/strategic-management\/#primaryimage\"},\"image\":{\"@id\":\"https:\/\/tangorh.ca\/en\/services-for-companies\/strategic-management\/#primaryimage\"},\"thumbnailUrl\":\"https:\/\/tangorh.ca\/wp-content\/uploads\/2022\/10\/VGY98M4-scaled-e1665753192460.jpg\",\"datePublished\":\"2022-09-26T18:18:17+00:00\",\"dateModified\":\"2026-01-08T15:23:09+00:00\",\"description\":\"Enhance your business with strategic HR management services from Tango \u2013 HR Solutions in Gatineau and Ottawa.\",\"breadcrumb\":{\"@id\":\"https:\/\/tangorh.ca\/en\/services-for-companies\/strategic-management\/#breadcrumb\"},\"inLanguage\":\"en-US\",\"potentialAction\":[{\"@type\":\"ReadAction\",\"target\":[\"https:\/\/tangorh.ca\/en\/services-for-companies\/strategic-management\/\"]}]},{\"@type\":\"ImageObject\",\"inLanguage\":\"en-US\",\"@id\":\"https:\/\/tangorh.ca\/en\/services-for-companies\/strategic-management\/#primaryimage\",\"url\":\"https:\/\/tangorh.ca\/wp-content\/uploads\/2022\/10\/VGY98M4-scaled-e1665753192460.jpg\",\"contentUrl\":\"https:\/\/tangorh.ca\/wp-content\/uploads\/2022\/10\/VGY98M4-scaled-e1665753192460.jpg\",\"width\":1683,\"height\":1708,\"caption\":\"Group of business people sitting at the table and discussing in team during at meeting at office\"},{\"@type\":\"BreadcrumbList\",\"@id\":\"https:\/\/tangorh.ca\/en\/services-for-companies\/strategic-management\/#breadcrumb\",\"itemListElement\":[{\"@type\":\"ListItem\",\"position\":1,\"name\":\"Home\",\"item\":\"https:\/\/tangorh.ca\/en\/\"},{\"@type\":\"ListItem\",\"position\":2,\"name\":\"Services for companies\",\"item\":\"https:\/\/tangorh.ca\/en\/services-for-companies\/\"},{\"@type\":\"ListItem\",\"position\":3,\"name\":\"Strategic management &#038; human resources\"}]},{\"@type\":\"WebSite\",\"@id\":\"https:\/\/tangorh.ca\/#website\",\"url\":\"https:\/\/tangorh.ca\/\",\"name\":\"Tango Solutions RH\",\"description\":\"Services de chasse de t\u00eate | Recrutement | Placement | Soutien RH aux entreprises\",\"potentialAction\":[{\"@type\":\"SearchAction\",\"target\":{\"@type\":\"EntryPoint\",\"urlTemplate\":\"https:\/\/tangorh.ca\/?s={search_term_string}\"},\"query-input\":{\"@type\":\"PropertyValueSpecification\",\"valueRequired\":true,\"valueName\":\"search_term_string\"}}],\"inLanguage\":\"en-US\"}]}<\/script>\n<!-- \/ Yoast SEO Premium plugin. -->","yoast_head_json":{"title":"Strategic HR Management- Tango \u2013 HR Solutions Gatineau-Ottawa","description":"Enhance your business with strategic HR management services from Tango \u2013 HR Solutions in Gatineau and Ottawa.","robots":{"index":"index","follow":"follow","max-snippet":"max-snippet:-1","max-image-preview":"max-image-preview:large","max-video-preview":"max-video-preview:-1"},"canonical":"https:\/\/tangorh.ca\/en\/services-for-companies\/strategic-management\/","og_locale":"en_US","og_type":"article","og_title":"Strategic management & human resources","og_description":"Enhance your business with strategic HR management services from Tango \u2013 HR Solutions in Gatineau and Ottawa.","og_url":"https:\/\/tangorh.ca\/en\/services-for-companies\/strategic-management\/","og_site_name":"Tango Solutions RH","article_modified_time":"2026-01-08T15:23:09+00:00","og_image":[{"width":1683,"height":1708,"url":"https:\/\/tangorh.ca\/wp-content\/uploads\/2022\/10\/VGY98M4-scaled-e1665753192460.jpg","type":"image\/jpeg"}],"twitter_card":"summary_large_image","twitter_misc":{"Est. reading time":"3 minutes"},"schema":{"@context":"https:\/\/schema.org","@graph":[{"@type":"WebPage","@id":"https:\/\/tangorh.ca\/en\/services-for-companies\/strategic-management\/","url":"https:\/\/tangorh.ca\/en\/services-for-companies\/strategic-management\/","name":"Strategic HR Management- Tango \u2013 HR Solutions Gatineau-Ottawa","isPartOf":{"@id":"https:\/\/tangorh.ca\/#website"},"primaryImageOfPage":{"@id":"https:\/\/tangorh.ca\/en\/services-for-companies\/strategic-management\/#primaryimage"},"image":{"@id":"https:\/\/tangorh.ca\/en\/services-for-companies\/strategic-management\/#primaryimage"},"thumbnailUrl":"https:\/\/tangorh.ca\/wp-content\/uploads\/2022\/10\/VGY98M4-scaled-e1665753192460.jpg","datePublished":"2022-09-26T18:18:17+00:00","dateModified":"2026-01-08T15:23:09+00:00","description":"Enhance your business with strategic HR management services from Tango \u2013 HR Solutions in Gatineau and Ottawa.","breadcrumb":{"@id":"https:\/\/tangorh.ca\/en\/services-for-companies\/strategic-management\/#breadcrumb"},"inLanguage":"en-US","potentialAction":[{"@type":"ReadAction","target":["https:\/\/tangorh.ca\/en\/services-for-companies\/strategic-management\/"]}]},{"@type":"ImageObject","inLanguage":"en-US","@id":"https:\/\/tangorh.ca\/en\/services-for-companies\/strategic-management\/#primaryimage","url":"https:\/\/tangorh.ca\/wp-content\/uploads\/2022\/10\/VGY98M4-scaled-e1665753192460.jpg","contentUrl":"https:\/\/tangorh.ca\/wp-content\/uploads\/2022\/10\/VGY98M4-scaled-e1665753192460.jpg","width":1683,"height":1708,"caption":"Group of business people sitting at the table and discussing in team during at meeting at office"},{"@type":"BreadcrumbList","@id":"https:\/\/tangorh.ca\/en\/services-for-companies\/strategic-management\/#breadcrumb","itemListElement":[{"@type":"ListItem","position":1,"name":"Home","item":"https:\/\/tangorh.ca\/en\/"},{"@type":"ListItem","position":2,"name":"Services for companies","item":"https:\/\/tangorh.ca\/en\/services-for-companies\/"},{"@type":"ListItem","position":3,"name":"Strategic management &#038; human resources"}]},{"@type":"WebSite","@id":"https:\/\/tangorh.ca\/#website","url":"https:\/\/tangorh.ca\/","name":"Tango Solutions RH","description":"Services de chasse de t\u00eate | Recrutement | Placement | Soutien RH aux entreprises","potentialAction":[{"@type":"SearchAction","target":{"@type":"EntryPoint","urlTemplate":"https:\/\/tangorh.ca\/?s={search_term_string}"},"query-input":{"@type":"PropertyValueSpecification","valueRequired":true,"valueName":"search_term_string"}}],"inLanguage":"en-US"}]}},"_links":{"self":[{"href":"https:\/\/tangorh.ca\/en\/wp-json\/wp\/v2\/pages\/1177","targetHints":{"allow":["GET"]}}],"collection":[{"href":"https:\/\/tangorh.ca\/en\/wp-json\/wp\/v2\/pages"}],"about":[{"href":"https:\/\/tangorh.ca\/en\/wp-json\/wp\/v2\/types\/page"}],"author":[{"embeddable":true,"href":"https:\/\/tangorh.ca\/en\/wp-json\/wp\/v2\/users\/4"}],"replies":[{"embeddable":true,"href":"https:\/\/tangorh.ca\/en\/wp-json\/wp\/v2\/comments?post=1177"}],"version-history":[{"count":4,"href":"https:\/\/tangorh.ca\/en\/wp-json\/wp\/v2\/pages\/1177\/revisions"}],"predecessor-version":[{"id":4148,"href":"https:\/\/tangorh.ca\/en\/wp-json\/wp\/v2\/pages\/1177\/revisions\/4148"}],"up":[{"embeddable":true,"href":"https:\/\/tangorh.ca\/en\/wp-json\/wp\/v2\/pages\/1145"}],"wp:featuredmedia":[{"embeddable":true,"href":"https:\/\/tangorh.ca\/en\/wp-json\/wp\/v2\/media\/836"}],"wp:attachment":[{"href":"https:\/\/tangorh.ca\/en\/wp-json\/wp\/v2\/media?parent=1177"}],"curies":[{"name":"wp","href":"https:\/\/api.w.org\/{rel}","templated":true}]}}