{"id":1148,"date":"2022-10-11T23:09:07","date_gmt":"2022-10-12T03:09:07","guid":{"rendered":"https:\/\/tangorh.local\/services-for-companies\/service-de-paie\/"},"modified":"2023-04-26T12:11:48","modified_gmt":"2023-04-26T16:11:48","slug":"payroll-services","status":"publish","type":"page","link":"https:\/\/tangorh.ca\/en\/services-for-companies\/payroll-services\/","title":{"rendered":"Payroll services"},"content":{"rendered":"<section id=\"hero-block_953b3bd6f30743ea9e2f0419f3175818\" class=\"hero page-hero\">\r\n\r\n    \n\n<div class=\"wp-block-group hero-content is-layout-flow wp-block-group-is-layout-flow\">\n<figure class=\"wp-block-image hero-image\"><img decoding=\"async\" src=\"https:\/\/tangorh.ca\/wp-content\/themes\/utopian\/assets\/images\/sample-1.jpg\" alt=\"\"\/><\/figure>\n\n\n\n<div class=\"wp-block-group hero-text is-layout-flow wp-block-group-is-layout-flow\"><div class=\"hero-breadcrumb\">\r\n    \n\n<div class=\"wp-block-buttons breadcrumb__links is-layout-flex wp-block-buttons-is-layout-flex\">\n<div class=\"wp-block-button\"><a class=\"wp-block-button__link wp-element-button\" href=\"https:\/\/tangorh.ca\/en\/services-for-companies\/\">Services for companies<\/a><\/div>\n\n\n\n<div class=\"wp-block-button\"><a class=\"wp-block-button__link wp-element-button\" href=\"https:\/\/tangorh.ca\/en\/services-for-companies\/payroll-services\/\">Payroll services<\/a><\/div>\n<\/div>\n\n\r\n<\/div>\n\n\n<div class=\"wp-block-group svg-block is-layout-flow wp-block-group-is-layout-flow\"><\/div>\n<\/div>\n<\/div>\n\n\r\n\r\n<\/section>\n\n<section id=\"blurry-image-content-block_33ccb4b81eb12ba37728c0de5fe6ed99\" class=\"blurry-image-content\">\r\n\r\n    \n\n<div class=\"wp-block-group blurry-image-content-text is-layout-flow wp-block-group-is-layout-flow\">\n<h1 class=\"wp-block-heading h2 has-orange-color has-text-color\"><mark style=\"background-color:rgba(0, 0, 0, 0)\" class=\"has-inline-color has-dark-gray-color\">Payroll<\/mark> <strong>SERVICES<\/strong><\/h1>\n\n\n\n<p>Does thinking about payday make you want to stay in bed? <strong>Simplify the process and free up your days, thanks to Tango &#8211; HR Solutions.<\/strong><\/p>\n\n\n\n<p>Our team offers companies and organizations complete, secure payroll management services.<\/p>\n<\/div>\n\n\n\n<div class=\"wp-block-group blurry-image-content-image is-layout-flow wp-block-group-is-layout-flow\">\n<figure class=\"wp-block-image size-large blurry-image-content--image\"><img loading=\"lazy\" decoding=\"async\" width=\"1024\" height=\"683\" src=\"https:\/\/tangorh.ca\/wp-content\/uploads\/2022\/10\/using-mobile-smartphone-app-2021-08-26-23-04-30-utc-1024x683.jpg\" alt=\"\" class=\"wp-image-480\" srcset=\"https:\/\/tangorh.ca\/wp-content\/uploads\/2022\/10\/using-mobile-smartphone-app-2021-08-26-23-04-30-utc-1024x683.jpg 1024w, https:\/\/tangorh.ca\/wp-content\/uploads\/2022\/10\/using-mobile-smartphone-app-2021-08-26-23-04-30-utc-300x200.jpg 300w, https:\/\/tangorh.ca\/wp-content\/uploads\/2022\/10\/using-mobile-smartphone-app-2021-08-26-23-04-30-utc-768x513.jpg 768w, https:\/\/tangorh.ca\/wp-content\/uploads\/2022\/10\/using-mobile-smartphone-app-2021-08-26-23-04-30-utc-1536x1025.jpg 1536w, https:\/\/tangorh.ca\/wp-content\/uploads\/2022\/10\/using-mobile-smartphone-app-2021-08-26-23-04-30-utc-2048x1367.jpg 2048w\" sizes=\"auto, (max-width: 1024px) 100vw, 1024px\" \/><figcaption class=\"wp-element-caption\">Using Mobile Smartphone Application. Female Hand on Modern Smartphone Closeup Photo.<\/figcaption><\/figure>\n\n\n\n<div class=\"wp-block-group blurry-image-content--textbox is-layout-flow wp-block-group-is-layout-flow\">\n<div class=\"wp-block-group blurry-image-content--textbox-content is-layout-flow wp-block-group-is-layout-flow\">\n<p class=\"has-text-align-center\" style=\"font-size:0.85em;line-height:2.6\">I&#8217;m interested!<\/p>\n\n\n\n<p class=\"has-text-align-center\"><strong>I want to meet a Tango team member for a discussion..<\/strong><\/p>\n<\/div>\n\n\n\n<div class=\"wp-block-button blurry-image-content--textbox-button\"><a class=\"wp-block-button__link wp-element-button\" href=\"https:\/\/tangorh.ca\/en\/contact-us\/\">Contact us<\/a><\/div>\n<\/div>\n<\/div>\n\n\r\n\r\n<\/section>\n\n\n<div class=\"wp-block-group alignfull has-light-gray-background-color has-background is-layout-flow wp-block-group-is-layout-flow\">\n<div style=\"height:6em\" aria-hidden=\"true\" class=\"wp-block-spacer\"><\/div>\n<\/div>\n\n\n<section id=\"image-content-block_c0e241cbc4a578cd72d452f108ff0faa\" class=\"image-content wide_img\">\r\n    \n\n<div class=\"wp-block-group image-content__container is-layout-flow wp-block-group-is-layout-flow\">\n<div class=\"wp-block-group image-content__image is-layout-flow wp-block-group-is-layout-flow\">\n<figure class=\"wp-block-image size-large is-resized image-content__image\"><img loading=\"lazy\" decoding=\"async\" src=\"https:\/\/tangorh.ca\/wp-content\/uploads\/2022\/10\/RXKNJAU-1024x683.jpg\" alt=\"\" class=\"wp-image-479\" width=\"645\" height=\"430\" srcset=\"https:\/\/tangorh.ca\/wp-content\/uploads\/2022\/10\/RXKNJAU-1024x683.jpg 1024w, https:\/\/tangorh.ca\/wp-content\/uploads\/2022\/10\/RXKNJAU-300x200.jpg 300w, https:\/\/tangorh.ca\/wp-content\/uploads\/2022\/10\/RXKNJAU-768x512.jpg 768w, https:\/\/tangorh.ca\/wp-content\/uploads\/2022\/10\/RXKNJAU-1536x1024.jpg 1536w, https:\/\/tangorh.ca\/wp-content\/uploads\/2022\/10\/RXKNJAU-2048x1365.jpg 2048w\" sizes=\"auto, (max-width: 645px) 100vw, 645px\" \/><figcaption class=\"wp-element-caption\">Happy beautiful Latino businesswoman in formal suit work in workplace. Attractive female employee office worker smile, use laptop computer for discuss with co worker and take note on paper in company.<\/figcaption><\/figure>\n<\/div>\n\n\n\n<div class=\"wp-block-group image-content__content has-light-gray-background-color has-background is-layout-flow wp-block-group-is-layout-flow\">\n<h3 class=\"wp-block-heading\">The payroll service includes:<\/h3>\n\n\n\n<ul class=\"wp-block-list\" id=\"block-1d8bab0e-9acb-44fc-8434-6a62333d285b\">\n<li>Weekly employee payments through direct deposit on Friday\n<ul class=\"wp-block-list\">\n<li>Payment of remuneration, vacation and holiday pay according to current provincial requirements<\/li>\n<\/ul>\n<\/li>\n\n\n\n<li>Third-party payment services:&nbsp;:\n<ul class=\"wp-block-list\">\n<li><strong>Income taxes<\/strong> &#8211; Provincial and federal<\/li>\n\n\n\n<li><strong>QPP <\/strong>&#8211; Qu\u00e9bec Pension Plan<\/li>\n\n\n\n<li><strong>QPIP<\/strong> &#8211; Qu\u00e9bec Parental Insurance Plan<\/li>\n\n\n\n<li><strong><strong>EI <\/strong><\/strong>&#8211; Employment insurance<\/li>\n\n\n\n<li><strong>CNESST<\/strong> &#8211; Commission des normes, de l\u2019\u00e9quit\u00e9, de la sant\u00e9 et de la s\u00e9curit\u00e9 du travail<\/li>\n\n\n\n<li><strong><strong>HSF<\/strong><\/strong> &#8211; Health Service Fund<\/li>\n\n\n\n<li><strong>CPP <\/strong>&#8211; Canada Pension Plan<\/li>\n\n\n\n<li><strong>WSIB<\/strong> &#8211; Workplace Safety and Insurance Board<\/li>\n\n\n\n<li><strong>WSDRF <\/strong>&#8211; Workforce Skills Development and Recognition Fund<\/li>\n\n\n\n<li><strong><strong>FTQ <\/strong><\/strong>&#8211; Voluntary contributions to the Fonds de solidarit\u00e9<\/li>\n<\/ul>\n<\/li>\n\n\n\n<li>Record of Employment preparation<br><\/li>\n\n\n\n<li>Annual preparation and sending of end-of-year statements (Relev\u00e9 1, T4 and T4A forms)<br><\/li>\n\n\n\n<li>Familiarization of employees with system functionalities<\/li>\n\n\n\n<li>Self-serve access at all times for employees to consult their pay statements, end-of-year income tax forms, and their personal information<\/li>\n\n\n\n<li>Payroll record available<\/li>\n\n\n\n<li>Transmittal of legislative changes related to salaries that have an impact on your employee remuneration<\/li>\n\n\n\n<li>Ongoing, personalized support of your organizational changes<\/li>\n<\/ul>\n\n\n\n<div style=\"height:35px\" aria-hidden=\"true\" class=\"wp-block-spacer\"><\/div>\n\n\n\n<p><em>Please note that, due to their functions, this service cannot be used with some types of employees. Specifically: Class 1 and 3 drivers, movers and construction workers requiring competency cards to exercise their trade.<\/em><\/p>\n\n\n\n<div class=\"wp-block-buttons is-layout-flex wp-block-buttons-is-layout-flex\"><\/div>\n<\/div>\n<\/div>\n\n\r\n<\/section>\n\n\n<div class=\"wp-block-group alignfull has-light-gray-background-color has-background is-layout-flow wp-block-group-is-layout-flow\">\n<div style=\"height:6em\" aria-hidden=\"true\" class=\"wp-block-spacer\"><\/div>\n<\/div>\n\n\n\n<div class=\"wp-block-group alignfull has-dark-gray-background-color has-background is-layout-flow wp-block-group-is-layout-flow\">\n<div style=\"height:50px\" aria-hidden=\"true\" class=\"wp-block-spacer\"><\/div>\n<\/div>\n\n\n\n<div class=\"wp-block-group alignfull has-dark-gray-background-color has-background is-layout-constrained wp-block-group-is-layout-constrained\">\n<div style=\"height:5.5em\" aria-hidden=\"true\" class=\"wp-block-spacer\"><\/div>\n\n\n\r\n<section id=\"info-boxes-block_4e576d5cdd050d35bfa113b9f3531d53\" class=\"info-boxes is-style-single-column \">\r\n    \n\n<div class=\"wp-block-group info-boxes-container is-layout-flow wp-block-group-is-layout-flow\">\r\n<div id=\"info-box-block_42f764dae032f3c9593cc30e46bef65d\" class=\"info-box\">\r\n    \n\n<div class=\"wp-block-group info-box-container is-layout-flow wp-block-group-is-layout-flow\" style=\"padding-top:3em;padding-bottom:3em\">\n<h3 class=\"wp-block-heading\"><strong>A service adapted to your needs<\/strong><\/h3>\n\n\n\n<p>We can establish arrangements for different elements, including bonuses, vacation day accumulation beyond current labour standards, expense allowances, supplementary sick days, as well as remuneration during certain office closures.<\/p>\n\n\n\n<div style=\"height:16px\" aria-hidden=\"true\" class=\"wp-block-spacer\"><\/div>\n\n\n\n<h4 class=\"wp-block-heading has-dark-gray-color has-text-color\"><strong>Your responsibilities:<\/strong><\/h4>\n\n\n\n<ul class=\"wp-block-list\">\n<li>We provide all required information needed to register employees for payroll as quickly as possible<\/li>\n\n\n\n<li>We send work hours, absence notifications, if any, and approval of employee hours no later than noon on the Monday following the work week.<\/li>\n<\/ul>\n<\/div>\n\n\r\n<\/div><\/div>\n\n\r\n<\/section>\n\n\n<div style=\"height:2em\" aria-hidden=\"true\" class=\"wp-block-spacer\"><\/div>\n<\/div>\n\n\n<section id=\"cta-block_b8215830db275b391f41144c92c1abec\" class=\"cta\">\r\n    \n\n<p><\/p>\n\n\r\n<\/section>\n\n\n<div class=\"wp-block-group alignfull has-dark-gray-background-color has-background is-layout-flow wp-block-group-is-layout-flow\">\n<div style=\"height:10em\" aria-hidden=\"true\" class=\"wp-block-spacer\"><\/div>\n<\/div>\n\n\n<section id=\"form-block-block_cb29ab2ac0f9a046562c3996a2a3b529\" class=\"form-block\" data-selection=\"Services for companies\"style=\"background-color: #343741;\">\r\n\r\n    \n\n<div class=\"wp-block-group form-block-container is-layout-flow wp-block-group-is-layout-flow\">\n<div class=\"wp-block-group form-block-content is-layout-flow wp-block-group-is-layout-flow\">\n<div class=\"wp-block-group form-block-content-left is-layout-flow wp-block-group-is-layout-flow\">\n<h2 class=\"wp-block-heading\"><strong><span style=\"color: #d8651f;\">I\u2019M INTERESTED !<\/span><\/strong><\/h2>\n\n\n\n<h3 class=\"wp-block-heading\">I want to meet a member of the Tango team to discuss this. <\/h3>\n<\/div>\n\n\n\n<div class=\"wp-block-group form-block-content-right is-layout-flow wp-block-group-is-layout-flow\"><\/div>\n<\/div>\n\n\n\n<div class=\"wp-block-group form-block-form is-layout-flow wp-block-group-is-layout-flow\">\n<div class=\"wp-block-group form-block-holder is-layout-flow wp-block-group-is-layout-flow\">\n<div class=\"wp-block-contact-form-7-contact-form-selector\">\n<div class=\"wpcf7 no-js\" id=\"wpcf7-f1421-o1\" lang=\"en-US\" dir=\"ltr\" data-wpcf7-id=\"1421\">\n<div class=\"screen-reader-response\"><p role=\"status\" aria-live=\"polite\" aria-atomic=\"true\"><\/p> <ul><\/ul><\/div>\n<form action=\"\/en\/wp-json\/wp\/v2\/pages\/1148#wpcf7-f1421-o1\" method=\"post\" class=\"wpcf7-form init\" aria-label=\"Contact form\" novalidate=\"novalidate\" data-status=\"init\">\n<div style=\"display: none;\">\n<input type=\"hidden\" name=\"_wpcf7\" value=\"1421\" \/>\n<input type=\"hidden\" name=\"_wpcf7_version\" value=\"6.0.6\" \/>\n<input type=\"hidden\" name=\"_wpcf7_locale\" value=\"en_US\" \/>\n<input type=\"hidden\" name=\"_wpcf7_unit_tag\" value=\"wpcf7-f1421-o1\" \/>\n<input type=\"hidden\" name=\"_wpcf7_container_post\" value=\"0\" \/>\n<input type=\"hidden\" name=\"_wpcf7_posted_data_hash\" value=\"\" \/>\n<input type=\"hidden\" name=\"_wpcf7_recaptcha_response\" value=\"\" \/>\n<\/div>\n<div class=\"form-cols\">\n<div class=\"form-col\">\n<span class=\"wpcf7-form-control-wrap\" data-name=\"enterprise_nom\"><input size=\"40\" maxlength=\"400\" class=\"wpcf7-form-control wpcf7-text wpcf7-validates-as-required\" aria-required=\"true\" aria-invalid=\"false\" placeholder=\"Company&#039;s name\" value=\"\" type=\"text\" name=\"enterprise_nom\" \/><\/span>\n<span class=\"wpcf7-form-control-wrap\" data-name=\"contact_nom\"><input size=\"40\" maxlength=\"400\" class=\"wpcf7-form-control wpcf7-text\" aria-invalid=\"false\" placeholder=\"Contact\" value=\"\" type=\"text\" name=\"contact_nom\" \/><\/span>\n<span class=\"wpcf7-form-control-wrap\" data-name=\"telephone\"><input size=\"40\" maxlength=\"400\" class=\"wpcf7-form-control wpcf7-tel wpcf7-text wpcf7-validates-as-tel\" aria-invalid=\"false\" placeholder=\"Phone number\" value=\"\" type=\"tel\" name=\"telephone\" \/><\/span>\n<span class=\"wpcf7-form-control-wrap\" data-name=\"courriel\"><input size=\"40\" maxlength=\"400\" class=\"wpcf7-form-control wpcf7-email wpcf7-validates-as-required wpcf7-text wpcf7-validates-as-email\" aria-required=\"true\" aria-invalid=\"false\" placeholder=\"Email address\" value=\"\" type=\"email\" name=\"courriel\" \/><\/span>\n<\/div>\n<div class=\"form-col\">\n<div class=\"selection\">\n<span class=\"wpcf7-form-control-wrap\" data-name=\"service\"><select class=\"wpcf7-form-control wpcf7-select\" aria-invalid=\"false\" name=\"service\"><option value=\"\">Please select the service that interests you<\/option><option value=\"Recruitment\">Recruitment<\/option><option value=\"HRM Services\">HRM Services<\/option><option value=\"Payroll services\">Payroll services<\/option><option value=\"Outsourcing the staffing process\">Outsourcing the staffing process<\/option><\/select><\/span>\n<\/div>\n<span class=\"wpcf7-form-control-wrap\" data-name=\"message\"><textarea cols=\"40\" rows=\"10\" maxlength=\"2000\" class=\"wpcf7-form-control wpcf7-textarea\" aria-invalid=\"false\" placeholder=\"Message (Optional)\" name=\"message\"><\/textarea><\/span>\n<\/div>\n<\/div>\n<input class=\"wpcf7-form-control wpcf7-submit has-spinner\" type=\"submit\" value=\"Send\" \/><div class=\"wpcf7-response-output\" aria-hidden=\"true\"><\/div>\n<\/form>\n<\/div>\n<\/div>\n<\/div>\n<\/div>\n<\/div>\n\n\r\n\r\n<\/section>","protected":false},"excerpt":{"rendered":"<p>Does thinking about payday make you want to stay in bed? Simplify the process and free up your days, thanks to Tango &#8211; HR Solutions.<\/p>\n","protected":false},"author":1,"featured_media":834,"parent":1145,"menu_order":24,"comment_status":"closed","ping_status":"closed","template":"","meta":{"_acf_changed":false,"inline_featured_image":false,"footnotes":""},"class_list":["post-1148","page","type-page","status-publish","has-post-thumbnail","hentry"],"acf":[],"yoast_head":"<!-- This site is optimized with the Yoast SEO Premium plugin v24.9 (Yoast SEO v24.9) - https:\/\/yoast.com\/wordpress\/plugins\/seo\/ -->\n<title>Payroll services - Tango Solutions RH<\/title>\n<meta name=\"description\" content=\"Simplify payday with Tango HR. We can take care of your payroll process with complete management and let you focus on your business.\" \/>\n<meta name=\"robots\" content=\"index, follow, max-snippet:-1, max-image-preview:large, max-video-preview:-1\" \/>\n<link rel=\"canonical\" href=\"https:\/\/tangorh.ca\/en\/services-for-companies\/payroll-services\/\" \/>\n<meta property=\"og:locale\" content=\"en_US\" \/>\n<meta property=\"og:type\" content=\"article\" \/>\n<meta property=\"og:title\" content=\"Payroll services\" \/>\n<meta property=\"og:description\" content=\"Simplify payday with Tango HR. We can take care of your payroll process with complete management and let you focus on your business.\" \/>\n<meta property=\"og:url\" content=\"https:\/\/tangorh.ca\/en\/services-for-companies\/payroll-services\/\" \/>\n<meta property=\"og:site_name\" content=\"Tango Solutions RH\" \/>\n<meta property=\"article:modified_time\" content=\"2023-04-26T16:11:48+00:00\" \/>\n<meta property=\"og:image\" content=\"https:\/\/tangorh.ca\/wp-content\/uploads\/2022\/10\/tango.png\" \/>\n\t<meta property=\"og:image:width\" content=\"1200\" \/>\n\t<meta property=\"og:image:height\" content=\"630\" \/>\n\t<meta property=\"og:image:type\" content=\"image\/png\" \/>\n<meta name=\"twitter:card\" content=\"summary_large_image\" \/>\n<meta name=\"twitter:label1\" content=\"Est. reading time\" \/>\n\t<meta name=\"twitter:data1\" content=\"3 minutes\" \/>\n<script type=\"application\/ld+json\" class=\"yoast-schema-graph\">{\"@context\":\"https:\/\/schema.org\",\"@graph\":[{\"@type\":\"WebPage\",\"@id\":\"https:\/\/tangorh.ca\/en\/services-for-companies\/payroll-services\/\",\"url\":\"https:\/\/tangorh.ca\/en\/services-for-companies\/payroll-services\/\",\"name\":\"Payroll services - Tango Solutions RH\",\"isPartOf\":{\"@id\":\"https:\/\/tangorh.ca\/#website\"},\"primaryImageOfPage\":{\"@id\":\"https:\/\/tangorh.ca\/en\/services-for-companies\/payroll-services\/#primaryimage\"},\"image\":{\"@id\":\"https:\/\/tangorh.ca\/en\/services-for-companies\/payroll-services\/#primaryimage\"},\"thumbnailUrl\":\"https:\/\/tangorh.ca\/wp-content\/uploads\/2022\/10\/RXKNJAU-scaled.jpg\",\"datePublished\":\"2022-10-12T03:09:07+00:00\",\"dateModified\":\"2023-04-26T16:11:48+00:00\",\"description\":\"Simplify payday with Tango HR. We can take care of your payroll process with complete management and let you focus on your business.\",\"breadcrumb\":{\"@id\":\"https:\/\/tangorh.ca\/en\/services-for-companies\/payroll-services\/#breadcrumb\"},\"inLanguage\":\"en-US\",\"potentialAction\":[{\"@type\":\"ReadAction\",\"target\":[\"https:\/\/tangorh.ca\/en\/services-for-companies\/payroll-services\/\"]}]},{\"@type\":\"ImageObject\",\"inLanguage\":\"en-US\",\"@id\":\"https:\/\/tangorh.ca\/en\/services-for-companies\/payroll-services\/#primaryimage\",\"url\":\"https:\/\/tangorh.ca\/wp-content\/uploads\/2022\/10\/RXKNJAU-scaled.jpg\",\"contentUrl\":\"https:\/\/tangorh.ca\/wp-content\/uploads\/2022\/10\/RXKNJAU-scaled.jpg\",\"width\":2560,\"height\":1707,\"caption\":\"Happy beautiful Latino businesswoman in formal suit work in workplace. Attractive female employee office worker smile, use laptop computer for discuss with co worker and take note on paper in company.\"},{\"@type\":\"BreadcrumbList\",\"@id\":\"https:\/\/tangorh.ca\/en\/services-for-companies\/payroll-services\/#breadcrumb\",\"itemListElement\":[{\"@type\":\"ListItem\",\"position\":1,\"name\":\"Home\",\"item\":\"https:\/\/tangorh.ca\/en\/\"},{\"@type\":\"ListItem\",\"position\":2,\"name\":\"Services for companies\",\"item\":\"https:\/\/tangorh.ca\/en\/services-for-companies\/\"},{\"@type\":\"ListItem\",\"position\":3,\"name\":\"Payroll services\"}]},{\"@type\":\"WebSite\",\"@id\":\"https:\/\/tangorh.ca\/#website\",\"url\":\"https:\/\/tangorh.ca\/\",\"name\":\"Tango Solutions RH\",\"description\":\"Services de chasse de t\u00eate | Recrutement | Placement | Soutien RH aux entreprises\",\"potentialAction\":[{\"@type\":\"SearchAction\",\"target\":{\"@type\":\"EntryPoint\",\"urlTemplate\":\"https:\/\/tangorh.ca\/?s={search_term_string}\"},\"query-input\":{\"@type\":\"PropertyValueSpecification\",\"valueRequired\":true,\"valueName\":\"search_term_string\"}}],\"inLanguage\":\"en-US\"}]}<\/script>\n<!-- \/ Yoast SEO Premium plugin. -->","yoast_head_json":{"title":"Payroll services - Tango Solutions RH","description":"Simplify payday with Tango HR. We can take care of your payroll process with complete management and let you focus on your business.","robots":{"index":"index","follow":"follow","max-snippet":"max-snippet:-1","max-image-preview":"max-image-preview:large","max-video-preview":"max-video-preview:-1"},"canonical":"https:\/\/tangorh.ca\/en\/services-for-companies\/payroll-services\/","og_locale":"en_US","og_type":"article","og_title":"Payroll services","og_description":"Simplify payday with Tango HR. We can take care of your payroll process with complete management and let you focus on your business.","og_url":"https:\/\/tangorh.ca\/en\/services-for-companies\/payroll-services\/","og_site_name":"Tango Solutions RH","article_modified_time":"2023-04-26T16:11:48+00:00","og_image":[{"width":1200,"height":630,"url":"https:\/\/tangorh.ca\/wp-content\/uploads\/2022\/10\/tango.png","type":"image\/png"}],"twitter_card":"summary_large_image","twitter_misc":{"Est. reading time":"3 minutes"},"schema":{"@context":"https:\/\/schema.org","@graph":[{"@type":"WebPage","@id":"https:\/\/tangorh.ca\/en\/services-for-companies\/payroll-services\/","url":"https:\/\/tangorh.ca\/en\/services-for-companies\/payroll-services\/","name":"Payroll services - Tango Solutions RH","isPartOf":{"@id":"https:\/\/tangorh.ca\/#website"},"primaryImageOfPage":{"@id":"https:\/\/tangorh.ca\/en\/services-for-companies\/payroll-services\/#primaryimage"},"image":{"@id":"https:\/\/tangorh.ca\/en\/services-for-companies\/payroll-services\/#primaryimage"},"thumbnailUrl":"https:\/\/tangorh.ca\/wp-content\/uploads\/2022\/10\/RXKNJAU-scaled.jpg","datePublished":"2022-10-12T03:09:07+00:00","dateModified":"2023-04-26T16:11:48+00:00","description":"Simplify payday with Tango HR. We can take care of your payroll process with complete management and let you focus on your business.","breadcrumb":{"@id":"https:\/\/tangorh.ca\/en\/services-for-companies\/payroll-services\/#breadcrumb"},"inLanguage":"en-US","potentialAction":[{"@type":"ReadAction","target":["https:\/\/tangorh.ca\/en\/services-for-companies\/payroll-services\/"]}]},{"@type":"ImageObject","inLanguage":"en-US","@id":"https:\/\/tangorh.ca\/en\/services-for-companies\/payroll-services\/#primaryimage","url":"https:\/\/tangorh.ca\/wp-content\/uploads\/2022\/10\/RXKNJAU-scaled.jpg","contentUrl":"https:\/\/tangorh.ca\/wp-content\/uploads\/2022\/10\/RXKNJAU-scaled.jpg","width":2560,"height":1707,"caption":"Happy beautiful Latino businesswoman in formal suit work in workplace. Attractive female employee office worker smile, use laptop computer for discuss with co worker and take note on paper in company."},{"@type":"BreadcrumbList","@id":"https:\/\/tangorh.ca\/en\/services-for-companies\/payroll-services\/#breadcrumb","itemListElement":[{"@type":"ListItem","position":1,"name":"Home","item":"https:\/\/tangorh.ca\/en\/"},{"@type":"ListItem","position":2,"name":"Services for companies","item":"https:\/\/tangorh.ca\/en\/services-for-companies\/"},{"@type":"ListItem","position":3,"name":"Payroll services"}]},{"@type":"WebSite","@id":"https:\/\/tangorh.ca\/#website","url":"https:\/\/tangorh.ca\/","name":"Tango Solutions RH","description":"Services de chasse de t\u00eate | Recrutement | Placement | Soutien RH aux entreprises","potentialAction":[{"@type":"SearchAction","target":{"@type":"EntryPoint","urlTemplate":"https:\/\/tangorh.ca\/?s={search_term_string}"},"query-input":{"@type":"PropertyValueSpecification","valueRequired":true,"valueName":"search_term_string"}}],"inLanguage":"en-US"}]}},"_links":{"self":[{"href":"https:\/\/tangorh.ca\/en\/wp-json\/wp\/v2\/pages\/1148","targetHints":{"allow":["GET"]}}],"collection":[{"href":"https:\/\/tangorh.ca\/en\/wp-json\/wp\/v2\/pages"}],"about":[{"href":"https:\/\/tangorh.ca\/en\/wp-json\/wp\/v2\/types\/page"}],"author":[{"embeddable":true,"href":"https:\/\/tangorh.ca\/en\/wp-json\/wp\/v2\/users\/1"}],"replies":[{"embeddable":true,"href":"https:\/\/tangorh.ca\/en\/wp-json\/wp\/v2\/comments?post=1148"}],"version-history":[{"count":0,"href":"https:\/\/tangorh.ca\/en\/wp-json\/wp\/v2\/pages\/1148\/revisions"}],"up":[{"embeddable":true,"href":"https:\/\/tangorh.ca\/en\/wp-json\/wp\/v2\/pages\/1145"}],"wp:featuredmedia":[{"embeddable":true,"href":"https:\/\/tangorh.ca\/en\/wp-json\/wp\/v2\/media\/834"}],"wp:attachment":[{"href":"https:\/\/tangorh.ca\/en\/wp-json\/wp\/v2\/media?parent=1148"}],"curies":[{"name":"wp","href":"https:\/\/api.w.org\/{rel}","templated":true}]}}